{"id":11681,"date":"2025-10-17T13:02:52","date_gmt":"2025-10-17T17:02:52","guid":{"rendered":"https:\/\/www.archspm.org\/?page_id=11681"},"modified":"2026-03-02T10:44:54","modified_gmt":"2026-03-02T15:44:54","slug":"marriage-enrichment","status":"publish","type":"page","link":"https:\/\/www.archspm.org\/es\/marriage\/marriage-enrichment\/","title":{"rendered":"Enriquecimiento matrimonial"},"content":{"rendered":"<div data-elementor-type=\"wp-page\" data-elementor-id=\"11681\" class=\"elementor elementor-11681\" data-elementor-post-type=\"page\">\n\t\t\t\t<div class=\"elementor-element elementor-element-3816827 e-flex e-con-boxed e-con e-parent\" data-id=\"3816827\" data-element_type=\"container\" data-e-type=\"container\" data-settings=\"{&quot;jet_parallax_layout_list&quot;:[]}\">\n\t\t\t\t\t<div class=\"e-con-inner\">\n\t\t<div class=\"elementor-element elementor-element-e658efd e-con-full e-flex e-con e-child\" data-id=\"e658efd\" data-element_type=\"container\" data-e-type=\"container\" data-settings=\"{&quot;jet_parallax_layout_list&quot;:[]}\">\n\t\t<div class=\"elementor-element elementor-element-8887b27 e-con-full e-flex e-con e-child\" data-id=\"8887b27\" data-element_type=\"container\" data-e-type=\"container\" data-settings=\"{&quot;jet_parallax_layout_list&quot;:[]}\">\n\t\t\t\t<div class=\"elementor-element elementor-element-272e1a9 elementor-widget__width-initial elementor-widget elementor-widget-image\" data-id=\"272e1a9\" data-element_type=\"widget\" data-e-type=\"widget\" data-widget_type=\"image.default\">\n\t\t\t\t\t\t\t\t\t\t\t\t\t\t\t<img fetchpriority=\"high\" decoding=\"async\" width=\"400\" height=\"267\" src=\"https:\/\/www.archspm.org\/wp-content\/uploads\/2025\/04\/mentors-400x300-1.jpg\" class=\"attachment-large size-large wp-image-8347\" alt=\"\" srcset=\"https:\/\/www.archspm.org\/wp-content\/uploads\/2025\/04\/mentors-400x300-1.jpg 400w, https:\/\/www.archspm.org\/wp-content\/uploads\/2025\/04\/mentors-400x300-1-300x200.jpg 300w, https:\/\/www.archspm.org\/wp-content\/uploads\/2025\/04\/mentors-400x300-1-18x12.jpg 18w\" sizes=\"(max-width: 400px) 100vw, 400px\" \/>\t\t\t\t\t\t\t\t\t\t\t\t\t\t\t<\/div>\n\t\t\t\t<div class=\"elementor-element elementor-element-c214fc2 elementor-widget elementor-widget-text-editor\" data-id=\"c214fc2\" data-element_type=\"widget\" data-e-type=\"widget\" data-widget_type=\"text-editor.default\">\n\t\t\t\t\t\t\t\t\t<p><strong>\u201cEl matrimonio tiene como objetivo ayudar a los esposos a santificarse a s\u00ed mismos y a los dem\u00e1s. Por esta raz\u00f3n, reciben una gracia especial en el sacramento instituido por Jes\u00fas. Aquellos que son llamados al estado matrimonial encontrar\u00e1n, con la gracia de Dios, todo lo que necesitan para ser santos dentro de su estado\u201d.\u201d\u00a0<\/strong><\/p><p><strong>\u2013 San Josemar\u00eda Escriv\u00e1<\/strong><\/p>\t\t\t\t\t\t\t\t<\/div>\n\t\t\t\t<\/div>\n\t\t\t\t<div class=\"elementor-element elementor-element-70b231f e-n-tabs-mobile elementor-widget elementor-widget-n-tabs\" data-id=\"70b231f\" data-element_type=\"widget\" data-e-type=\"widget\" data-settings=\"{&quot;horizontal_scroll&quot;:&quot;disable&quot;}\" data-widget_type=\"nested-tabs.default\">\n\t\t\t\t\t\t\t<div class=\"e-n-tabs\" data-widget-number=\"118170399\" aria-label=\"Pesta\u00f1as. Abre las entradas con la tecla Intro o la barra espaciadora, ci\u00e9rralas con la tecla Esc y navega con las teclas de flecha.\">\n\t\t\t<div class=\"e-n-tabs-heading\" role=\"tablist\">\n\t\t\t\t\t<button id=\"e-n-tab-title-1181703991\" data-tab-title-id=\"e-n-tab-title-1181703991\" class=\"e-n-tab-title\" aria-selected=\"true\" data-tab-index=\"1\" role=\"tab\" tabindex=\"0\" aria-controls=\"e-n-tab-content-1181703991\" style=\"--n-tabs-title-order: 1;\">\n\t\t\t\t\t\t<span class=\"e-n-tab-title-text\">\n\t\t\t\tEventos de la Arquidi\u00f3cesis\t\t\t<\/span>\n\t\t<\/button>\n\t\t\t\t<button id=\"e-n-tab-title-1181703992\" data-tab-title-id=\"e-n-tab-title-1181703992\" class=\"e-n-tab-title\" aria-selected=\"false\" data-tab-index=\"2\" role=\"tab\" tabindex=\"-1\" aria-controls=\"e-n-tab-content-1181703992\" style=\"--n-tabs-title-order: 2;\">\n\t\t\t\t\t\t<span class=\"e-n-tab-title-text\">\n\t\t\t\tOfrendas parroquiales\t\t\t<\/span>\n\t\t<\/button>\n\t\t\t\t<button id=\"e-n-tab-title-1181703993\" data-tab-title-id=\"e-n-tab-title-1181703993\" class=\"e-n-tab-title\" aria-selected=\"false\" data-tab-index=\"3\" role=\"tab\" tabindex=\"-1\" aria-controls=\"e-n-tab-content-1181703993\" style=\"--n-tabs-title-order: 3;\">\n\t\t\t\t\t\t<span class=\"e-n-tab-title-text\">\n\t\t\t\tProgramas de enriquecimiento matrimonial\t\t\t<\/span>\n\t\t<\/button>\n\t\t\t\t<button id=\"e-n-tab-title-1181703994\" data-tab-title-id=\"e-n-tab-title-1181703994\" class=\"e-n-tab-title\" aria-selected=\"false\" data-tab-index=\"4\" role=\"tab\" tabindex=\"-1\" aria-controls=\"e-n-tab-content-1181703994\" style=\"--n-tabs-title-order: 4;\">\n\t\t\t\t\t\t<span class=\"e-n-tab-title-text\">\n\t\t\t\tProgramas en l\u00ednea para grupos reducidos de parejas\t\t\t<\/span>\n\t\t<\/button>\n\t\t\t\t<button id=\"e-n-tab-title-1181703995\" data-tab-title-id=\"e-n-tab-title-1181703995\" class=\"e-n-tab-title\" aria-selected=\"false\" data-tab-index=\"5\" role=\"tab\" tabindex=\"-1\" aria-controls=\"e-n-tab-content-1181703995\" style=\"--n-tabs-title-order: 5;\">\n\t\t\t\t\t\t<span class=\"e-n-tab-title-text\">\n\t\t\t\tPlanificaci\u00f3n familiar natural\t\t\t<\/span>\n\t\t<\/button>\n\t\t\t\t<button id=\"e-n-tab-title-1181703996\" data-tab-title-id=\"e-n-tab-title-1181703996\" class=\"e-n-tab-title\" aria-selected=\"false\" data-tab-index=\"6\" role=\"tab\" tabindex=\"-1\" aria-controls=\"e-n-tab-content-1181703996\" style=\"--n-tabs-title-order: 6;\">\n\t\t\t\t\t\t<span class=\"e-n-tab-title-text\">\n\t\t\t\tInfertilidad y adopci\u00f3n\t\t\t<\/span>\n\t\t<\/button>\n\t\t\t\t\t<\/div>\n\t\t\t<div class=\"e-n-tabs-content\">\n\t\t\t\t<div id=\"e-n-tab-content-1181703991\" role=\"tabpanel\" aria-labelledby=\"e-n-tab-title-1181703991\" data-tab-index=\"1\" style=\"--n-tabs-title-order: 1;\" class=\"e-active elementor-element elementor-element-e1a32d5 e-con-full e-flex e-con e-child\" data-id=\"e1a32d5\" data-element_type=\"container\" data-e-type=\"container\" data-settings=\"{&quot;jet_parallax_layout_list&quot;:[]}\">\n\t\t<div class=\"elementor-element elementor-element-f3cda75 e-flex e-con-boxed e-con e-child\" data-id=\"f3cda75\" data-element_type=\"container\" data-e-type=\"container\" data-settings=\"{&quot;jet_parallax_layout_list&quot;:[]}\">\n\t\t\t\t\t<div class=\"e-con-inner\">\n\t\t\t\t<div class=\"elementor-element elementor-element-d3a9b31 elementor-widget elementor-widget-text-editor\" data-id=\"d3a9b31\" data-element_type=\"widget\" data-e-type=\"widget\" data-widget_type=\"text-editor.default\">\n\t\t\t\t\t\t\t\t\t<p>Anualmente, hay un<a href=\"https:\/\/www.archspm.org\/es\/events\/nmr\/\"> Retiro para reci\u00e9n casados<\/a> y la Liturgia de Celebraci\u00f3n Matrimonial. El Retiro para Reci\u00e9n Casados se lleva a cabo en invierno y la Liturgia de Celebraci\u00f3n Matrimonial en verano.<\/p>\t\t\t\t\t\t\t\t<\/div>\n\t\t\t\t\t<\/div>\n\t\t\t\t<\/div>\n\t\t\t\t<\/div>\n\t\t<div id=\"e-n-tab-content-1181703992\" role=\"tabpanel\" aria-labelledby=\"e-n-tab-title-1181703992\" data-tab-index=\"2\" style=\"--n-tabs-title-order: 2;\" class=\"elementor-element elementor-element-75c449c e-con-full e-flex e-con e-child\" data-id=\"75c449c\" data-element_type=\"container\" data-e-type=\"container\" data-settings=\"{&quot;jet_parallax_layout_list&quot;:[]}\">\n\t\t<div class=\"elementor-element elementor-element-f2e24bf e-flex e-con-boxed e-con e-child\" data-id=\"f2e24bf\" data-element_type=\"container\" data-e-type=\"container\" data-settings=\"{&quot;jet_parallax_layout_list&quot;:[]}\">\n\t\t\t\t\t<div class=\"e-con-inner\">\n\t\t\t\t<div class=\"elementor-element elementor-element-4341067 elementor-widget elementor-widget-text-editor\" data-id=\"4341067\" data-element_type=\"widget\" data-e-type=\"widget\" data-widget_type=\"text-editor.default\">\n\t\t\t\t\t\t\t\t\t<ul><li>Ense\u00f1anzas y retiros matrimoniales patrocinados por la Comunidad Emmanuel.<\/li><li><a href=\"https:\/\/canafamilyinstitute.com\/\" target=\"_blank\" rel=\"noopener\">Instituto Can\u00e1 de la Familia<\/a><\/li><\/ul>\t\t\t\t\t\t\t\t<\/div>\n\t\t\t\t\t<\/div>\n\t\t\t\t<\/div>\n\t\t\t\t<\/div>\n\t\t<div id=\"e-n-tab-content-1181703993\" role=\"tabpanel\" aria-labelledby=\"e-n-tab-title-1181703993\" data-tab-index=\"3\" style=\"--n-tabs-title-order: 3;\" class=\"elementor-element elementor-element-81b1202 e-con-full e-flex e-con e-child\" data-id=\"81b1202\" data-element_type=\"container\" data-e-type=\"container\" data-settings=\"{&quot;jet_parallax_layout_list&quot;:[]}\">\n\t\t<div class=\"elementor-element elementor-element-7889371 e-flex e-con-boxed e-con e-child\" data-id=\"7889371\" data-element_type=\"container\" data-e-type=\"container\" data-settings=\"{&quot;jet_parallax_layout_list&quot;:[]}\">\n\t\t\t\t\t<div class=\"e-con-inner\">\n\t\t\t\t<div class=\"elementor-element elementor-element-621826a elementor-widget elementor-widget-text-editor\" data-id=\"621826a\" data-element_type=\"widget\" data-e-type=\"widget\" data-widget_type=\"text-editor.default\">\n\t\t\t\t\t\t\t\t\t<ul><li><a href=\"https:\/\/canafamilyinstitute.com\/\" target=\"_blank\" rel=\"noopener\">Instituto Can\u00e1 de la Familia<\/a><\/li><li><a href=\"https:\/\/www.foryourmarriage.org\/married-life\/enriching-your-marriage\/\" target=\"_blank\" rel=\"noopener\">Para tu matrimonio<\/a><\/li><li><a href=\"https:\/\/wwme.org\/\" target=\"_blank\" rel=\"noopener\">Encuentro Matrimonial Internacional<\/a><\/li><li><a href=\"https:\/\/www.marriageinchrist.com\/\" target=\"_blank\" rel=\"noopener\">El matrimonio en Cristo<\/a><\/li><\/ul>\t\t\t\t\t\t\t\t<\/div>\n\t\t\t\t\t<\/div>\n\t\t\t\t<\/div>\n\t\t\t\t<\/div>\n\t\t<div id=\"e-n-tab-content-1181703994\" role=\"tabpanel\" aria-labelledby=\"e-n-tab-title-1181703994\" data-tab-index=\"4\" style=\"--n-tabs-title-order: 4;\" class=\"elementor-element elementor-element-f11931e e-flex e-con-boxed e-con e-child\" data-id=\"f11931e\" data-element_type=\"container\" data-e-type=\"container\" data-settings=\"{&quot;jet_parallax_layout_list&quot;:[]}\">\n\t\t\t\t\t<div class=\"e-con-inner\">\n\t\t<div class=\"elementor-element elementor-element-cfd069d e-con-full e-flex e-con e-child\" data-id=\"cfd069d\" data-element_type=\"container\" data-e-type=\"container\" data-settings=\"{&quot;jet_parallax_layout_list&quot;:[]}\">\n\t\t\t\t<div class=\"elementor-element elementor-element-3779764 elementor-widget elementor-widget-text-editor\" data-id=\"3779764\" data-element_type=\"widget\" data-e-type=\"widget\" data-widget_type=\"text-editor.default\">\n\t\t\t\t\t\t\t\t\t<p>Estos recursos y contenidos para grupos peque\u00f1os est\u00e1n pensados para que las parejas los utilicen juntos o en peque\u00f1os grupos con otras parejas. Encuentre un grupo peque\u00f1o cerca de usted para usted y su pareja. <a href=\"https:\/\/www.archspm.org\/es\/small-groups\/\">aqu\u00ed<\/a>.\u00a0<\/p><ul><li><a href=\"https:\/\/www.eucharisticmarriage.org\/\" target=\"_blank\" rel=\"noopener\">Matrimonio eucar\u00edstico<\/a><\/li><li><a href=\"https:\/\/trinityhousecommunity.org\/groups\/\" target=\"_blank\" rel=\"noopener\">Comunidad Trinity House <\/a><\/li><li><a href=\"https:\/\/www.mhsfonline.org\/\" target=\"_blank\" rel=\"noopener\">Misioneros del Esp\u00edritu Santo en la familia<\/a> es un apostolado dedicado a la santificaci\u00f3n de la vida cotidiana en la familia, fortalecida por el sacramento del matrimonio. Deseamos santificar la vida cotidiana del matrimonio convirti\u00e9ndonos en lo que Dios nos ha creado para ser.<\/li><\/ul><p><strong>Libros recomendados<\/strong><\/p><ul><li><a href=\"https:\/\/catholic-link.org\/31-best-catholic-marriage-books\/\" target=\"_blank\" rel=\"noopener\">Los 31 mejores libros sobre el matrimonio cat\u00f3lico<\/a><\/li><li><a href=\"https:\/\/www.ewtnreligiouscatalogue.com\/the-rule-st-john-paul-iis-rule-for-a-joy-filled-marriage-of-divine-love\/p\/BKFAM05654?srsltid=AfmBOoovaOxUA5ZIZUSKmZodxpuBOi9bBUFenxx1QoRHGUC3NSCJqDjl\" target=\"_blank\" rel=\"noopener\">La regla, de Peter y Theresa Martin<\/a><\/li><\/ul><p><strong>Otros recursos:\u00a0<\/strong><\/p><ul><li><a href=\"https:\/\/archspmmainsite.s3.us-east-1.amazonaws.com\/Offices\/Marriage%2C+Family+%26+Life\/Marriage\/home-is-a-piece-of-the-world-redeemed.pdf\" target=\"_blank\" rel=\"noopener\">El hogar es un pedazo del mundo redimido.<\/a> Es una recopilaci\u00f3n de ense\u00f1anzas y reflexiones del ministerio Familias de San Juan Pablo II en Nativity of Our Lord, Broomfield, Colorado. Compartido con permiso de la <a href=\"https:\/\/www.nool.us\/families-of-jpii\" target=\"_blank\" rel=\"noopener\">Las familias de San Juan Pablo II<\/a>.<\/li><li><a href=\"https:\/\/catholic-link.org\/married-saints-teach-marriage-holiness\/\" target=\"_blank\" rel=\"noopener\">Los santos casados ense\u00f1an la santidad del matrimonio.<\/a><\/li><li><a href=\"https:\/\/www.goodcatholic.com\/patron-saints-of-marriage\/\" target=\"_blank\" rel=\"noopener\">Orden religiosa para madres<\/a><\/li><\/ul>\t\t\t\t\t\t\t\t<\/div>\n\t\t\t\t<\/div>\n\t\t\t\t\t<\/div>\n\t\t\t\t<\/div>\n\t\t<div id=\"e-n-tab-content-1181703995\" role=\"tabpanel\" aria-labelledby=\"e-n-tab-title-1181703995\" data-tab-index=\"5\" style=\"--n-tabs-title-order: 5;\" class=\"elementor-element elementor-element-be9c828 e-flex e-con-boxed e-con e-child\" data-id=\"be9c828\" data-element_type=\"container\" data-e-type=\"container\" data-settings=\"{&quot;jet_parallax_layout_list&quot;:[]}\">\n\t\t\t\t\t<div class=\"e-con-inner\">\n\t\t\t\t<div class=\"elementor-element elementor-element-56855d8 elementor-widget elementor-widget-text-editor\" data-id=\"56855d8\" data-element_type=\"widget\" data-e-type=\"widget\" data-widget_type=\"text-editor.default\">\n\t\t\t\t\t\t\t\t\t<p>La planificaci\u00f3n familiar natural (PFN) moderna es saludable, m\u00e9dicamente segura, confiable y f\u00e1cil de aprender. Encuentre m\u00e1s informaci\u00f3n en el <a href=\"https:\/\/www.archspm.org\/es\/marriage\/natural-family-planning-nfp\/\">P\u00e1gina de NFP<\/a>.<\/p>\t\t\t\t\t\t\t\t<\/div>\n\t\t\t\t\t<\/div>\n\t\t\t\t<\/div>\n\t\t<div id=\"e-n-tab-content-1181703996\" role=\"tabpanel\" aria-labelledby=\"e-n-tab-title-1181703996\" data-tab-index=\"6\" style=\"--n-tabs-title-order: 6;\" class=\"elementor-element elementor-element-e5431b5 e-flex e-con-boxed e-con e-child\" data-id=\"e5431b5\" data-element_type=\"container\" data-e-type=\"container\" data-settings=\"{&quot;jet_parallax_layout_list&quot;:[]}\">\n\t\t\t\t\t<div class=\"e-con-inner\">\n\t\t\t\t<div class=\"elementor-element elementor-element-1dcc7ca elementor-widget elementor-widget-n-accordion\" data-id=\"1dcc7ca\" data-element_type=\"widget\" data-e-type=\"widget\" data-settings=\"{&quot;default_state&quot;:&quot;expanded&quot;,&quot;max_items_expended&quot;:&quot;one&quot;,&quot;n_accordion_animation_duration&quot;:{&quot;unit&quot;:&quot;ms&quot;,&quot;size&quot;:400,&quot;sizes&quot;:[]}}\" data-widget_type=\"nested-accordion.default\">\n\t\t\t\t\t\t\t<div class=\"e-n-accordion\" aria-label=\"Acorde\u00f3n. Abra los enlaces con Intro o Espacio, ci\u00e9rrelos con Escape y navegue con las teclas de flecha.\">\n\t\t\t\t\t\t<details id=\"e-n-accordion-item-3120\" class=\"e-n-accordion-item\" open>\n\t\t\t\t<summary class=\"e-n-accordion-item-title\" data-accordion-index=\"1\" tabindex=\"0\" aria-expanded=\"true\" aria-controls=\"e-n-accordion-item-3120\" >\n\t\t\t\t\t<span class='e-n-accordion-item-title-header'><div class=\"e-n-accordion-item-title-text\"> Guardianes del Sagrado Coraz\u00f3n <\/div><\/span>\n\t\t\t\t\t\t\t<span class='e-n-accordion-item-title-icon'>\n\t\t\t<span class='e-opened' ><i aria-hidden=\"true\" class=\"fas fa-minus\"><\/i><\/span>\n\t\t\t<span class='e-closed'><i aria-hidden=\"true\" class=\"fas fa-plus\"><\/i><\/span>\n\t\t<\/span>\n\n\t\t\t\t\t\t<\/summary>\n\t\t\t\t<div role=\"region\" aria-labelledby=\"e-n-accordion-item-3120\" class=\"elementor-element elementor-element-79f4cd9 e-con-full e-flex e-con e-child\" data-id=\"79f4cd9\" data-element_type=\"container\" data-e-type=\"container\" data-settings=\"{&quot;jet_parallax_layout_list&quot;:[]}\">\n\t\t<div role=\"region\" aria-labelledby=\"e-n-accordion-item-3120\" class=\"elementor-element elementor-element-331eaf9 e-flex e-con-boxed e-con e-child\" data-id=\"331eaf9\" data-element_type=\"container\" data-e-type=\"container\" data-settings=\"{&quot;jet_parallax_layout_list&quot;:[]}\">\n\t\t\t\t\t<div class=\"e-con-inner\">\n\t\t\t\t<div class=\"elementor-element elementor-element-1874639 elementor-widget elementor-widget-text-editor\" data-id=\"1874639\" data-element_type=\"widget\" data-e-type=\"widget\" data-widget_type=\"text-editor.default\">\n\t\t\t\t\t\t\t\t\t<p><a href=\"https:\/\/sacredheartguardians.org\/\" target=\"_blank\" rel=\"noopener\">Guardianes del Sagrado Coraz\u00f3n<\/a> and Shelter (\u201cSHG\u201d, que opera bajo el nombre comercial \u201cSacred Heart Guardians\u201d) es una organizaci\u00f3n ben\u00e9fica que ofrece entierros cristianos para embriones humanos fallecidos. Encuentre m\u00e1s informaci\u00f3n en la <a href=\"https:\/\/sacredheartguardians.org\/forms\/\" target=\"_blank\" rel=\"noopener\">Sitio web de SHG<\/a>.<\/p>\t\t\t\t\t\t\t\t<\/div>\n\t\t\t\t\t<\/div>\n\t\t\t\t<\/div>\n\t\t\t\t<\/div>\n\t\t\t\t\t<\/details>\n\t\t\t\t\t\t<details id=\"e-n-accordion-item-3121\" class=\"e-n-accordion-item\" >\n\t\t\t\t<summary class=\"e-n-accordion-item-title\" data-accordion-index=\"2\" tabindex=\"-1\" aria-expanded=\"false\" aria-controls=\"e-n-accordion-item-3121\" >\n\t\t\t\t\t<span class='e-n-accordion-item-title-header'><div class=\"e-n-accordion-item-title-text\"> Apoyo cat\u00f3lico en caso de abortos espont\u00e1neos <\/div><\/span>\n\t\t\t\t\t\t\t<span class='e-n-accordion-item-title-icon'>\n\t\t\t<span class='e-opened' ><i aria-hidden=\"true\" class=\"fas fa-minus\"><\/i><\/span>\n\t\t\t<span class='e-closed'><i aria-hidden=\"true\" class=\"fas fa-plus\"><\/i><\/span>\n\t\t<\/span>\n\n\t\t\t\t\t\t<\/summary>\n\t\t\t\t<div role=\"region\" aria-labelledby=\"e-n-accordion-item-3121\" class=\"elementor-element elementor-element-55f4406 e-con-full e-flex e-con e-child\" data-id=\"55f4406\" data-element_type=\"container\" data-e-type=\"container\" data-settings=\"{&quot;jet_parallax_layout_list&quot;:[]}\">\n\t\t<div role=\"region\" aria-labelledby=\"e-n-accordion-item-3121\" class=\"elementor-element elementor-element-03f4768 e-flex e-con-boxed e-con e-child\" data-id=\"03f4768\" data-element_type=\"container\" data-e-type=\"container\" data-settings=\"{&quot;jet_parallax_layout_list&quot;:[]}\">\n\t\t\t\t\t<div class=\"e-con-inner\">\n\t\t\t\t<div class=\"elementor-element elementor-element-1e932a6 elementor-widget elementor-widget-text-editor\" data-id=\"1e932a6\" data-element_type=\"widget\" data-e-type=\"widget\" data-widget_type=\"text-editor.default\">\n\t\t\t\t\t\t\t\t\t<p dir=\"ltr\">Dos parejas cat\u00f3licas crearon este sitio web con la esperanza de que sirviera de apoyo inmediato y pr\u00e1ctico a otras personas que han perdido un hijo por un aborto espont\u00e1neo. Para m\u00e1s informaci\u00f3n, visite <a href=\"https:\/\/www.catholicmiscarriagesupport.com\/\" target=\"_blank\" rel=\"noopener\">apoyo-para-abortos-cat\u00f3licos.com<\/a>.<\/p>\t\t\t\t\t\t\t\t<\/div>\n\t\t\t\t\t<\/div>\n\t\t\t\t<\/div>\n\t\t\t\t<\/div>\n\t\t\t\t\t<\/details>\n\t\t\t\t\t\t<details id=\"e-n-accordion-item-3122\" class=\"e-n-accordion-item\" >\n\t\t\t\t<summary class=\"e-n-accordion-item-title\" data-accordion-index=\"3\" tabindex=\"-1\" aria-expanded=\"false\" aria-controls=\"e-n-accordion-item-3122\" >\n\t\t\t\t\t<span class='e-n-accordion-item-title-header'><div class=\"e-n-accordion-item-title-text\"> Ministerios Red Bird <\/div><\/span>\n\t\t\t\t\t\t\t<span class='e-n-accordion-item-title-icon'>\n\t\t\t<span class='e-opened' ><i aria-hidden=\"true\" class=\"fas fa-minus\"><\/i><\/span>\n\t\t\t<span class='e-closed'><i aria-hidden=\"true\" class=\"fas fa-plus\"><\/i><\/span>\n\t\t<\/span>\n\n\t\t\t\t\t\t<\/summary>\n\t\t\t\t<div role=\"region\" aria-labelledby=\"e-n-accordion-item-3122\" class=\"elementor-element elementor-element-bdb96b2 e-con-full e-flex e-con e-child\" data-id=\"bdb96b2\" data-element_type=\"container\" data-e-type=\"container\" data-settings=\"{&quot;jet_parallax_layout_list&quot;:[]}\">\n\t\t<div role=\"region\" aria-labelledby=\"e-n-accordion-item-3122\" class=\"elementor-element elementor-element-275cf98 e-flex e-con-boxed e-con e-child\" data-id=\"275cf98\" data-element_type=\"container\" data-e-type=\"container\" data-settings=\"{&quot;jet_parallax_layout_list&quot;:[]}\">\n\t\t\t\t\t<div class=\"e-con-inner\">\n\t\t\t\t<div class=\"elementor-element elementor-element-c3b17a8 elementor-widget elementor-widget-text-editor\" data-id=\"c3b17a8\" data-element_type=\"widget\" data-e-type=\"widget\" data-widget_type=\"text-editor.default\">\n\t\t\t\t\t\t\t\t\t<p><a href=\"https:\/\/www.redbird.love\/\" target=\"_blank\" rel=\"noopener\">Ministerios Red Bird<\/a> es una organizaci\u00f3n cat\u00f3lica que gu\u00eda sistem\u00e1ticamente a personas y parejas a trav\u00e9s de la complejidad y el trauma que supone la p\u00e9rdida de un hijo, desde el embarazo hasta la edad adulta. Su objetivo es colaborar con las parroquias, equiparlas y capacitarlas para que puedan proporcionar las herramientas y los recursos necesarios para apoyar a las familias que han sufrido la p\u00e9rdida de un hijo, desde el embarazo hasta la edad adulta.<\/p>\t\t\t\t\t\t\t\t<\/div>\n\t\t\t\t\t<\/div>\n\t\t\t\t<\/div>\n\t\t\t\t<\/div>\n\t\t\t\t\t<\/details>\n\t\t\t\t\t\t<details id=\"e-n-accordion-item-3123\" class=\"e-n-accordion-item\" >\n\t\t\t\t<summary class=\"e-n-accordion-item-title\" data-accordion-index=\"4\" tabindex=\"-1\" aria-expanded=\"false\" aria-controls=\"e-n-accordion-item-3123\" >\n\t\t\t\t\t<span class='e-n-accordion-item-title-header'><div class=\"e-n-accordion-item-title-text\"> Ministerios Primavera del Desierto <\/div><\/span>\n\t\t\t\t\t\t\t<span class='e-n-accordion-item-title-icon'>\n\t\t\t<span class='e-opened' ><i aria-hidden=\"true\" class=\"fas fa-minus\"><\/i><\/span>\n\t\t\t<span class='e-closed'><i aria-hidden=\"true\" class=\"fas fa-plus\"><\/i><\/span>\n\t\t<\/span>\n\n\t\t\t\t\t\t<\/summary>\n\t\t\t\t<div role=\"region\" aria-labelledby=\"e-n-accordion-item-3123\" class=\"elementor-element elementor-element-3a5bffb e-flex e-con-boxed e-con e-child\" data-id=\"3a5bffb\" data-element_type=\"container\" data-e-type=\"container\" data-settings=\"{&quot;jet_parallax_layout_list&quot;:[]}\">\n\t\t\t\t\t<div class=\"e-con-inner\">\n\t\t<div role=\"region\" aria-labelledby=\"e-n-accordion-item-3123\" class=\"elementor-element elementor-element-cf77f0f e-con-full e-flex e-con e-child\" data-id=\"cf77f0f\" data-element_type=\"container\" data-e-type=\"container\" data-settings=\"{&quot;jet_parallax_layout_list&quot;:[]}\">\n\t\t\t\t<div class=\"elementor-element elementor-element-75e935f elementor-widget elementor-widget-video\" data-id=\"75e935f\" data-element_type=\"widget\" data-e-type=\"widget\" data-settings=\"{&quot;youtube_url&quot;:&quot;https:\\\/\\\/www.youtube.com\\\/watch?v=QHeB93mBZCk&quot;,&quot;video_type&quot;:&quot;youtube&quot;,&quot;controls&quot;:&quot;yes&quot;}\" data-widget_type=\"video.default\">\n\t\t\t\t\t\t\t<div class=\"elementor-wrapper elementor-open-inline\">\n\t\t\t<div class=\"elementor-video\"><\/div>\t\t<\/div>\n\t\t\t\t\t\t<\/div>\n\t\t\t\t<\/div>\n\t\t\t\t\t<\/div>\n\t\t\t\t<\/div>\n\t\t\t\t\t<\/details>\n\t\t\t\t\t\t<details id=\"e-n-accordion-item-3124\" class=\"e-n-accordion-item\" >\n\t\t\t\t<summary class=\"e-n-accordion-item-title\" data-accordion-index=\"5\" tabindex=\"-1\" aria-expanded=\"false\" aria-controls=\"e-n-accordion-item-3124\" >\n\t\t\t\t\t<span class='e-n-accordion-item-title-header'><div class=\"e-n-accordion-item-title-text\"> Gu\u00eda cat\u00f3lica sobre abortos espont\u00e1neos, mortinatalidad y p\u00e9rdida infantil <\/div><\/span>\n\t\t\t\t\t\t\t<span class='e-n-accordion-item-title-icon'>\n\t\t\t<span class='e-opened' ><i aria-hidden=\"true\" class=\"fas fa-minus\"><\/i><\/span>\n\t\t\t<span class='e-closed'><i aria-hidden=\"true\" class=\"fas fa-plus\"><\/i><\/span>\n\t\t<\/span>\n\n\t\t\t\t\t\t<\/summary>\n\t\t\t\t<div role=\"region\" aria-labelledby=\"e-n-accordion-item-3124\" class=\"elementor-element elementor-element-475b7a8 e-flex e-con-boxed e-con e-child\" data-id=\"475b7a8\" data-element_type=\"container\" data-e-type=\"container\" data-settings=\"{&quot;jet_parallax_layout_list&quot;:[]}\">\n\t\t\t\t\t<div class=\"e-con-inner\">\n\t\t<div role=\"region\" aria-labelledby=\"e-n-accordion-item-3124\" class=\"elementor-element elementor-element-a048540 e-con-full e-flex e-con e-child\" data-id=\"a048540\" data-element_type=\"container\" data-e-type=\"container\" data-settings=\"{&quot;jet_parallax_layout_list&quot;:[]}\">\n\t\t\t\t<div class=\"elementor-element elementor-element-0a2ae71 elementor-widget elementor-widget-text-editor\" data-id=\"0a2ae71\" data-element_type=\"widget\" data-e-type=\"widget\" data-widget_type=\"text-editor.default\">\n\t\t\t\t\t\t\t\t\t<p><a href=\"https:\/\/catholicguidetomiscarriage.com\/\" target=\"_blank\" rel=\"noopener\">Este libro<\/a> por Abigail Jorgensen, ofrece respuestas compasivas a preguntas dif\u00edciles relacionadas con la p\u00e9rdida reproductiva.<\/p>\t\t\t\t\t\t\t\t<\/div>\n\t\t\t\t<\/div>\n\t\t\t\t\t<\/div>\n\t\t\t\t<\/div>\n\t\t\t\t\t<\/details>\n\t\t\t\t\t<\/div>\n\t\t\t\t\t\t<\/div>\n\t\t\t\t\t<\/div>\n\t\t\t\t<\/div>\n\t\t\t\t\t<\/div>\n\t\t<\/div>\n\t\t\t\t\t\t<\/div>\n\t\t\t\t<\/div>\n\t\t\t\t\t<\/div>\n\t\t\t\t<\/div>\n\t\t\t\t<\/div>","protected":false},"excerpt":{"rendered":"<p>\u201cMarriage is to help married people sanctify themselves and others. For this reason, they receive a special grace in the sacrament which Jesus instituted. Those who are called to the married state will, with the grace of God, find within their state everything they need to be holy.\u201d\u00a0 &#8211; St. Josemar\u00eda Escriv\u00e1 Archdiocesan events Parish [&hellip;]<\/p>\n","protected":false},"author":4,"featured_media":0,"parent":959,"menu_order":0,"comment_status":"closed","ping_status":"closed","template":"","meta":{"footnotes":""},"class_list":["post-11681","page","type-page","status-publish","hentry"],"_links":{"self":[{"href":"https:\/\/www.archspm.org\/es\/wp-json\/wp\/v2\/pages\/11681","targetHints":{"allow":["GET"]}}],"collection":[{"href":"https:\/\/www.archspm.org\/es\/wp-json\/wp\/v2\/pages"}],"about":[{"href":"https:\/\/www.archspm.org\/es\/wp-json\/wp\/v2\/types\/page"}],"author":[{"embeddable":true,"href":"https:\/\/www.archspm.org\/es\/wp-json\/wp\/v2\/users\/4"}],"replies":[{"embeddable":true,"href":"https:\/\/www.archspm.org\/es\/wp-json\/wp\/v2\/comments?post=11681"}],"version-history":[{"count":3,"href":"https:\/\/www.archspm.org\/es\/wp-json\/wp\/v2\/pages\/11681\/revisions"}],"predecessor-version":[{"id":14279,"href":"https:\/\/www.archspm.org\/es\/wp-json\/wp\/v2\/pages\/11681\/revisions\/14279"}],"up":[{"embeddable":true,"href":"https:\/\/www.archspm.org\/es\/wp-json\/wp\/v2\/pages\/959"}],"wp:attachment":[{"href":"https:\/\/www.archspm.org\/es\/wp-json\/wp\/v2\/media?parent=11681"}],"curies":[{"name":"wp","href":"https:\/\/api.w.org\/{rel}","templated":true}]}}