{"id":1169,"date":"2019-12-23T18:59:07","date_gmt":"2019-12-23T23:59:07","guid":{"rendered":"https:\/\/www.archspm.org\/act-of-spiritual-communion\/"},"modified":"2019-12-23T18:59:07","modified_gmt":"2019-12-23T23:59:07","slug":"act-of-spiritual-communion","status":"publish","type":"page","link":"https:\/\/www.archspm.org\/es\/act-of-spiritual-communion\/","title":{"rendered":"Acto de comuni\u00f3n espiritual"},"content":{"rendered":"<h1 class=\"entry-title\">Acto de comuni\u00f3n espiritual<\/h1>\n<div class=\"entry-content\">\n<p>Mi Jes\u00fas,<br \/>\nCreo que T\u00fa<br \/>\nest\u00e1n presentes en el Sant\u00edsimo Sacramento.<br \/>\nTe amo por encima de todas las cosas,<br \/>\ny deseo recibirte en mi alma.<br \/>\nDado que en este momento no puedo<br \/>\nrecibirte sacramentalmente,<br \/>\nque al menos, espiritualmente, lleguen a mi coraz\u00f3n.<br \/>\nTe abrazo como si ya estuvieras aqu\u00ed<br \/>\ny unirme por completo a Ti.<br \/>\nNo permitas que me separe de Ti.<\/p>\n<p>Am\u00e9n.<\/p>\n<p>&nbsp;<\/p>\n<p><em>\u00a92012 EWTN. Utilizado con permiso.<\/em><\/p>\n<p>Para m\u00e1s oraciones cat\u00f3licas y recursos adicionales, visite la p\u00e1gina\u00a0<a href=\"https:\/\/www.ewtn.com\/catholicism\/devotions\/prayers-69\" target=\"_blank\" rel=\"noopener noreferrer\">P\u00e1gina web de EWTN<\/a>.<\/p>\n<\/div>","protected":false},"excerpt":{"rendered":"<p>Act of Spiritual Communion My Jesus, I believe that You are present in the Most Holy Sacrament. I love You above all things, and I desire to receive You into my soul. Since I cannot at this moment receive You sacramentally, come at least spiritually into my heart. I embrace You as if You were [&hellip;]<\/p>\n","protected":false},"author":2,"featured_media":6958,"parent":0,"menu_order":0,"comment_status":"closed","ping_status":"closed","template":"","meta":{"footnotes":""},"class_list":["post-1169","page","type-page","status-publish","has-post-thumbnail","hentry"],"_links":{"self":[{"href":"https:\/\/www.archspm.org\/es\/wp-json\/wp\/v2\/pages\/1169","targetHints":{"allow":["GET"]}}],"collection":[{"href":"https:\/\/www.archspm.org\/es\/wp-json\/wp\/v2\/pages"}],"about":[{"href":"https:\/\/www.archspm.org\/es\/wp-json\/wp\/v2\/types\/page"}],"author":[{"embeddable":true,"href":"https:\/\/www.archspm.org\/es\/wp-json\/wp\/v2\/users\/2"}],"replies":[{"embeddable":true,"href":"https:\/\/www.archspm.org\/es\/wp-json\/wp\/v2\/comments?post=1169"}],"version-history":[{"count":0,"href":"https:\/\/www.archspm.org\/es\/wp-json\/wp\/v2\/pages\/1169\/revisions"}],"wp:featuredmedia":[{"embeddable":true,"href":"https:\/\/www.archspm.org\/es\/wp-json\/wp\/v2\/media\/6958"}],"wp:attachment":[{"href":"https:\/\/www.archspm.org\/es\/wp-json\/wp\/v2\/media?parent=1169"}],"curies":[{"name":"wp","href":"https:\/\/api.w.org\/{rel}","templated":true}]}}