{"id":1170,"date":"2019-12-23T19:05:36","date_gmt":"2019-12-24T00:05:36","guid":{"rendered":"https:\/\/www.archspm.org\/act-of-contrition-before-communion\/"},"modified":"2025-07-08T14:18:39","modified_gmt":"2025-07-08T18:18:39","slug":"act-of-contrition-before-communion","status":"publish","type":"page","link":"https:\/\/www.archspm.org\/es\/act-of-contrition-before-communion\/","title":{"rendered":"Acto de Contrici\u00f3n antes de la Comuni\u00f3n"},"content":{"rendered":"<h1 class=\"entry-title\">Acto de Contrici\u00f3n antes de la Comuni\u00f3n<\/h1>\n<div class=\"entry-content\">\n<p>Oh, mi Salvador, lamento de todo coraz\u00f3n haberte ofendido, pues T\u00fa eres infinitamente bueno y el pecado te desagrada. Detesto todos los pecados de mi vida y deseo reparar por ellos. Por la misericordia de tu Preciosa Sangre, lava de mi alma toda mancha de pecado, para que, purificado en cuerpo y alma, pueda acercarme dignamente al Sant\u00edsimo Sacramento del Altar.<\/p>\n<p>&nbsp;<\/p>\n<p><em>\u00a92005 Catholic Book Publishing Company. Libro cat\u00f3lico de oraciones.<\/em><\/p>\n<p>Para adquirir el Libro cat\u00f3lico de oraciones, ac\u00e9rquese a una librer\u00eda cat\u00f3lica o c\u00f3mprelo por Internet.<\/p>\n<p>Para m\u00e1s oraciones cat\u00f3licas y recursos adicionales, visite la p\u00e1gina\u00a0<a href=\"https:\/\/www.ewtn.com\/catholicism\/devotions\/prayers-69\" target=\"_blank\" rel=\"noopener noreferrer\">P\u00e1gina web de EWTN<\/a>.<\/p>\n<\/div>","protected":false},"excerpt":{"rendered":"<p>Act of Contrition Before Communion O My Savior, I am truly sorry for having offended You because You are infinitely good and sin displeases You. I detest all the sins of my life and I desire to atone for them. Through the mercy of Your Precious Blood, wash from my soul all stain of sin, [&hellip;]<\/p>\n","protected":false},"author":2,"featured_media":6958,"parent":0,"menu_order":0,"comment_status":"closed","ping_status":"closed","template":"","meta":{"footnotes":""},"class_list":["post-1170","page","type-page","status-publish","has-post-thumbnail","hentry"],"_links":{"self":[{"href":"https:\/\/www.archspm.org\/es\/wp-json\/wp\/v2\/pages\/1170","targetHints":{"allow":["GET"]}}],"collection":[{"href":"https:\/\/www.archspm.org\/es\/wp-json\/wp\/v2\/pages"}],"about":[{"href":"https:\/\/www.archspm.org\/es\/wp-json\/wp\/v2\/types\/page"}],"author":[{"embeddable":true,"href":"https:\/\/www.archspm.org\/es\/wp-json\/wp\/v2\/users\/2"}],"replies":[{"embeddable":true,"href":"https:\/\/www.archspm.org\/es\/wp-json\/wp\/v2\/comments?post=1170"}],"version-history":[{"count":0,"href":"https:\/\/www.archspm.org\/es\/wp-json\/wp\/v2\/pages\/1170\/revisions"}],"wp:featuredmedia":[{"embeddable":true,"href":"https:\/\/www.archspm.org\/es\/wp-json\/wp\/v2\/media\/6958"}],"wp:attachment":[{"href":"https:\/\/www.archspm.org\/es\/wp-json\/wp\/v2\/media?parent=1170"}],"curies":[{"name":"wp","href":"https:\/\/api.w.org\/{rel}","templated":true}]}}