{"id":1171,"date":"2019-12-23T19:08:07","date_gmt":"2019-12-24T00:08:07","guid":{"rendered":"https:\/\/www.archspm.org\/act-of-desire-before-communion\/"},"modified":"2019-12-23T19:08:07","modified_gmt":"2019-12-24T00:08:07","slug":"act-of-desire-before-communion","status":"publish","type":"page","link":"https:\/\/www.archspm.org\/es\/act-of-desire-before-communion\/","title":{"rendered":"Acto de deseo antes de la comuni\u00f3n"},"content":{"rendered":"<h1 class=\"entry-title\">Acto de deseo antes de la comuni\u00f3n<\/h1>\n<div class=\"entry-content\">\n<p>Jes\u00fas, mi Dios y mi todo, mi alma te anhela. Mi coraz\u00f3n ans\u00eda recibirte en la Sagrada Comuni\u00f3n. Ven, Pan del cielo y Alimento de los \u00e1ngeles, para alimentar mi alma y alegrar mi coraz\u00f3n. Ven, Amigo m\u00e1s querido de mi alma, para inflamarme de tal amor que nunca m\u00e1s me separe de ti.<\/p>\n<p>&nbsp;<\/p>\n<p><em>\u00a92005 Catholic Book Publishing Company. Libro cat\u00f3lico de oraciones.<\/em><\/p>\n<p>Para adquirir el Libro Cat\u00f3lico de Oraciones, acuda a una librer\u00eda cat\u00f3lica o c\u00f3mprelo en l\u00ednea.<\/p>\n<p>Para m\u00e1s oraciones cat\u00f3licas y recursos adicionales, visite la p\u00e1gina\u00a0<a href=\"https:\/\/www.ewtn.com\/catholicism\/devotions\/prayers-69\" target=\"_blank\" rel=\"noopener noreferrer\">P\u00e1gina web de EWTN<\/a>.<\/p>\n<\/div>","protected":false},"excerpt":{"rendered":"<p>Act of Desire Before Communion Jesus, my God and my all, my soul longs for You. My heart yearns to receive You in Holy Communion. Come, Bread of heaven and Food of angels, to nourish my soul and to rejoice my heart. Come, most loveable Friend of my soul, to inflame me with such love [&hellip;]<\/p>\n","protected":false},"author":2,"featured_media":6958,"parent":0,"menu_order":0,"comment_status":"closed","ping_status":"closed","template":"","meta":{"footnotes":""},"class_list":["post-1171","page","type-page","status-publish","has-post-thumbnail","hentry"],"_links":{"self":[{"href":"https:\/\/www.archspm.org\/es\/wp-json\/wp\/v2\/pages\/1171","targetHints":{"allow":["GET"]}}],"collection":[{"href":"https:\/\/www.archspm.org\/es\/wp-json\/wp\/v2\/pages"}],"about":[{"href":"https:\/\/www.archspm.org\/es\/wp-json\/wp\/v2\/types\/page"}],"author":[{"embeddable":true,"href":"https:\/\/www.archspm.org\/es\/wp-json\/wp\/v2\/users\/2"}],"replies":[{"embeddable":true,"href":"https:\/\/www.archspm.org\/es\/wp-json\/wp\/v2\/comments?post=1171"}],"version-history":[{"count":0,"href":"https:\/\/www.archspm.org\/es\/wp-json\/wp\/v2\/pages\/1171\/revisions"}],"wp:featuredmedia":[{"embeddable":true,"href":"https:\/\/www.archspm.org\/es\/wp-json\/wp\/v2\/media\/6958"}],"wp:attachment":[{"href":"https:\/\/www.archspm.org\/es\/wp-json\/wp\/v2\/media?parent=1171"}],"curies":[{"name":"wp","href":"https:\/\/api.w.org\/{rel}","templated":true}]}}