{"id":1172,"date":"2019-12-23T19:09:58","date_gmt":"2019-12-24T00:09:58","guid":{"rendered":"https:\/\/www.archspm.org\/act-of-faith-before-communion\/"},"modified":"2019-12-23T19:09:58","modified_gmt":"2019-12-24T00:09:58","slug":"act-of-faith-before-communion","status":"publish","type":"page","link":"https:\/\/www.archspm.org\/es\/act-of-faith-before-communion\/","title":{"rendered":"Acto de fe antes de la comuni\u00f3n"},"content":{"rendered":"<h1 class=\"entry-title\">Acto de fe antes de la comuni\u00f3n<\/h1>\n<div class=\"entry-content\">\n<p>De verdad creo firmemente,<br \/>\nOh, buen Jes\u00fas,<br \/>\ny con fe viva confesemos,<br \/>\nque T\u00fa mismo,<br \/>\nigual a Dios Padre en gloria y poder,<br \/>\nverdadero Dios y Hombre,<br \/>\narte verdaderamente y de hecho presente en este Sacramento.<br \/>\nPorque T\u00fa, la Verdad suprema misma,<br \/>\nhas dicho: \u00abEste es mi Cuerpo, esta es mi Sangre\u00bb.<br \/>\nCreo todo lo que ha dicho el Hijo de Dios.<br \/>\nNada puede ser m\u00e1s cierto que esta palabra de \u00c9l, que es el<br \/>\nVerdad.<br \/>\nCreo, Se\u00f1or;<br \/>\nAyuda mi creencia, aumenta mi fe.<\/p>\n<p>Am\u00e9n.<\/p>\n<p>&nbsp;<\/p>\n<p><em>\u00a92005 Catholic Book Publishing Company. Libro cat\u00f3lico de oraciones.<\/em><\/p>\n<p>Para adquirir el Libro Cat\u00f3lico de Oraciones, acuda a una librer\u00eda cat\u00f3lica o c\u00f3mprelo en l\u00ednea.<\/p>\n<p>Para m\u00e1s oraciones cat\u00f3licas y recursos adicionales, visite la p\u00e1gina\u00a0<a href=\"https:\/\/www.ewtn.com\/catholicism\/devotions\/prayers-69\" target=\"_blank\" rel=\"noopener noreferrer\">P\u00e1gina web de EWTN<\/a>.<\/p>\n<\/div>","protected":false},"excerpt":{"rendered":"<p>Act of Faith Before Communion Of a truth I firmly believe, O Good Jesus, and with lively faith confess, that Thou Thyself, equal to God the Father in glory and in power, true God and Man, art verily and indeed present in this Sacrament. For Thou, the very high Truth itself, hast said, This is [&hellip;]<\/p>\n","protected":false},"author":2,"featured_media":6958,"parent":0,"menu_order":0,"comment_status":"closed","ping_status":"closed","template":"","meta":{"footnotes":""},"class_list":["post-1172","page","type-page","status-publish","has-post-thumbnail","hentry"],"_links":{"self":[{"href":"https:\/\/www.archspm.org\/es\/wp-json\/wp\/v2\/pages\/1172","targetHints":{"allow":["GET"]}}],"collection":[{"href":"https:\/\/www.archspm.org\/es\/wp-json\/wp\/v2\/pages"}],"about":[{"href":"https:\/\/www.archspm.org\/es\/wp-json\/wp\/v2\/types\/page"}],"author":[{"embeddable":true,"href":"https:\/\/www.archspm.org\/es\/wp-json\/wp\/v2\/users\/2"}],"replies":[{"embeddable":true,"href":"https:\/\/www.archspm.org\/es\/wp-json\/wp\/v2\/comments?post=1172"}],"version-history":[{"count":0,"href":"https:\/\/www.archspm.org\/es\/wp-json\/wp\/v2\/pages\/1172\/revisions"}],"wp:featuredmedia":[{"embeddable":true,"href":"https:\/\/www.archspm.org\/es\/wp-json\/wp\/v2\/media\/6958"}],"wp:attachment":[{"href":"https:\/\/www.archspm.org\/es\/wp-json\/wp\/v2\/media?parent=1172"}],"curies":[{"name":"wp","href":"https:\/\/api.w.org\/{rel}","templated":true}]}}