{"id":1173,"date":"2019-12-23T19:11:35","date_gmt":"2019-12-24T00:11:35","guid":{"rendered":"https:\/\/www.archspm.org\/act-of-hope-before-communion\/"},"modified":"2025-07-08T16:20:32","modified_gmt":"2025-07-08T20:20:32","slug":"act-of-hope-before-communion","status":"publish","type":"page","link":"https:\/\/www.archspm.org\/es\/act-of-hope-before-communion\/","title":{"rendered":"Acto de esperanza antes de la comuni\u00f3n"},"content":{"rendered":"<div data-elementor-type=\"wp-page\" data-elementor-id=\"1173\" class=\"elementor elementor-1173\" data-elementor-post-type=\"page\">\n\t\t\t\t<div class=\"elementor-element elementor-element-355fc93a e-flex e-con-boxed e-con e-parent\" data-id=\"355fc93a\" data-element_type=\"container\" data-e-type=\"container\" data-settings=\"{&quot;jet_parallax_layout_list&quot;:[]}\">\n\t\t\t\t\t<div class=\"e-con-inner\">\n\t\t\t\t<div class=\"elementor-element elementor-element-15c3f350 elementor-widget elementor-widget-text-editor\" data-id=\"15c3f350\" data-element_type=\"widget\" data-e-type=\"widget\" data-widget_type=\"text-editor.default\">\n\t\t\t\t\t\t\t\t\t<h1 class=\"entry-title\">Acto de esperanza antes de la comuni\u00f3n<\/h1><div class=\"entry-content\"><p>Oh, Jes\u00fas, solo en ti pongo toda mi esperanza.<\/p><p>T\u00fa eres mi salvaci\u00f3n y mi fuerza, la Fuente de todo bien.<\/p><p>Por Tu misericordia, por Tu Pasi\u00f3n y Tu Muerte, espero obtener el perd\u00f3n de mis pecados,<\/p><p>la gracia de la perseverancia hasta el final y una eternidad dichosa.<\/p><p>\u00a0<\/p><p><em>\u00a92005 Catholic Book Publishing Company. Libro cat\u00f3lico de oraciones.<\/em><\/p><p>Para adquirir el Libro Cat\u00f3lico de Oraciones, acuda a una librer\u00eda cat\u00f3lica o c\u00f3mprelo en l\u00ednea.<\/p><p>Para m\u00e1s oraciones cat\u00f3licas y recursos adicionales, visite la p\u00e1gina\u00a0<a href=\"https:\/\/www.ewtn.com\/catholicism\/devotions\/prayers-69\" target=\"_blank\" rel=\"noopener noreferrer\">P\u00e1gina web de EWTN<\/a>.<\/p><\/div>\t\t\t\t\t\t\t\t<\/div>\n\t\t\t\t\t<\/div>\n\t\t\t\t<\/div>\n\t\t\t\t<\/div>","protected":false},"excerpt":{"rendered":"<p>Act of Hope Before Communion Good Jesus, in You alone I place all my hope. You are my salvation and my strength, the Source of all good. Through Your mercy, through Your Passion and Death, I hope to obtain the pardon of my sins, the grace of final perseverance and a happy eternity. \u00a0 \u00a92005 [&hellip;]<\/p>\n","protected":false},"author":2,"featured_media":6958,"parent":0,"menu_order":0,"comment_status":"closed","ping_status":"closed","template":"","meta":{"footnotes":""},"class_list":["post-1173","page","type-page","status-publish","has-post-thumbnail","hentry"],"_links":{"self":[{"href":"https:\/\/www.archspm.org\/es\/wp-json\/wp\/v2\/pages\/1173","targetHints":{"allow":["GET"]}}],"collection":[{"href":"https:\/\/www.archspm.org\/es\/wp-json\/wp\/v2\/pages"}],"about":[{"href":"https:\/\/www.archspm.org\/es\/wp-json\/wp\/v2\/types\/page"}],"author":[{"embeddable":true,"href":"https:\/\/www.archspm.org\/es\/wp-json\/wp\/v2\/users\/2"}],"replies":[{"embeddable":true,"href":"https:\/\/www.archspm.org\/es\/wp-json\/wp\/v2\/comments?post=1173"}],"version-history":[{"count":0,"href":"https:\/\/www.archspm.org\/es\/wp-json\/wp\/v2\/pages\/1173\/revisions"}],"wp:featuredmedia":[{"embeddable":true,"href":"https:\/\/www.archspm.org\/es\/wp-json\/wp\/v2\/media\/6958"}],"wp:attachment":[{"href":"https:\/\/www.archspm.org\/es\/wp-json\/wp\/v2\/media?parent=1173"}],"curies":[{"name":"wp","href":"https:\/\/api.w.org\/{rel}","templated":true}]}}