{"id":1174,"date":"2019-12-23T19:12:59","date_gmt":"2019-12-24T00:12:59","guid":{"rendered":"https:\/\/www.archspm.org\/act-of-love-before-communion\/"},"modified":"2019-12-23T19:12:59","modified_gmt":"2019-12-24T00:12:59","slug":"act-of-love-before-communion","status":"publish","type":"page","link":"https:\/\/www.archspm.org\/es\/act-of-love-before-communion\/","title":{"rendered":"Acto de amor antes de la comuni\u00f3n"},"content":{"rendered":"<h1 class=\"entry-title\">Acto de amor antes de la comuni\u00f3n<\/h1>\n<div class=\"entry-content\">\n<p>Jes\u00fas, Dios m\u00edo, te amo con todo mi coraz\u00f3n y por encima de todas las cosas, porque eres el Bien supremo y un Ser infinitamente perfecto. Has dado tu vida por m\u00ed, pobre pecador, y en tu misericordia te has ofrecido incluso como alimento para mi alma.<\/p>\n<p>Dios m\u00edo, te amo. Enciende mi coraz\u00f3n para que te ame m\u00e1s.<\/p>\n<p>&nbsp;<\/p>\n<p><em>\u00a92005 Catholic Book Publishing Company. Libro cat\u00f3lico de oraciones.<\/em><\/p>\n<p>Para adquirir el Libro Cat\u00f3lico de Oraciones, acuda a una librer\u00eda cat\u00f3lica o c\u00f3mprelo en l\u00ednea.<\/p>\n<p>Para m\u00e1s oraciones cat\u00f3licas y recursos adicionales, visite la p\u00e1gina\u00a0<a href=\"https:\/\/www.ewtn.com\/catholicism\/devotions\/prayers-69\" target=\"_blank\" rel=\"noopener noreferrer\">P\u00e1gina web de EWTN<\/a>.<\/p>\n<\/div>","protected":false},"excerpt":{"rendered":"<p>Act of Love Before Communion Jesus, my God, I love You with my whole heart and above all things, because You are the one supreme Good and an infinitely perfect Being. You have given Your life for me, a poor sinner, and in Your mercy You have even offered Yourself as food for my soul. [&hellip;]<\/p>\n","protected":false},"author":2,"featured_media":6958,"parent":0,"menu_order":0,"comment_status":"closed","ping_status":"closed","template":"","meta":{"footnotes":""},"class_list":["post-1174","page","type-page","status-publish","has-post-thumbnail","hentry"],"_links":{"self":[{"href":"https:\/\/www.archspm.org\/es\/wp-json\/wp\/v2\/pages\/1174","targetHints":{"allow":["GET"]}}],"collection":[{"href":"https:\/\/www.archspm.org\/es\/wp-json\/wp\/v2\/pages"}],"about":[{"href":"https:\/\/www.archspm.org\/es\/wp-json\/wp\/v2\/types\/page"}],"author":[{"embeddable":true,"href":"https:\/\/www.archspm.org\/es\/wp-json\/wp\/v2\/users\/2"}],"replies":[{"embeddable":true,"href":"https:\/\/www.archspm.org\/es\/wp-json\/wp\/v2\/comments?post=1174"}],"version-history":[{"count":0,"href":"https:\/\/www.archspm.org\/es\/wp-json\/wp\/v2\/pages\/1174\/revisions"}],"wp:featuredmedia":[{"embeddable":true,"href":"https:\/\/www.archspm.org\/es\/wp-json\/wp\/v2\/media\/6958"}],"wp:attachment":[{"href":"https:\/\/www.archspm.org\/es\/wp-json\/wp\/v2\/media?parent=1174"}],"curies":[{"name":"wp","href":"https:\/\/api.w.org\/{rel}","templated":true}]}}