{"id":1175,"date":"2019-12-23T19:14:37","date_gmt":"2019-12-24T00:14:37","guid":{"rendered":"https:\/\/www.archspm.org\/act-of-faith-after-communion\/"},"modified":"2019-12-23T19:14:37","modified_gmt":"2019-12-24T00:14:37","slug":"act-of-faith-after-communion","status":"publish","type":"page","link":"https:\/\/www.archspm.org\/es\/act-of-faith-after-communion\/","title":{"rendered":"Acto de fe despu\u00e9s de la comuni\u00f3n"},"content":{"rendered":"<h1 class=\"entry-title\">Acto de fe despu\u00e9s de la comuni\u00f3n<\/h1>\n<div class=\"entry-content\">\n<p>Jes\u00fas, creo firmemente que est\u00e1s presente en m\u00ed como Dios y Hombre, para enriquecer mi alma con gracias y llenar mi coraz\u00f3n con la felicidad de los bienaventurados. \u00a1Creo que eres Cristo, el Hijo del Dios vivo!<\/p>\n<p>&nbsp;<\/p>\n<p><em>\u00a92005 Catholic Book Publishing Company. Libro cat\u00f3lico de oraciones.<\/em><\/p>\n<p>Para adquirir el Libro Cat\u00f3lico de Oraciones, acuda a una librer\u00eda cat\u00f3lica o c\u00f3mprelo en l\u00ednea.<\/p>\n<p>Para m\u00e1s oraciones cat\u00f3licas y recursos adicionales, visite la p\u00e1gina\u00a0<a href=\"https:\/\/www.ewtn.com\/catholicism\/devotions\/prayers-69\" target=\"_blank\" rel=\"noopener noreferrer\">P\u00e1gina web de EWTN<\/a>.<\/p>\n<\/div>","protected":false},"excerpt":{"rendered":"<p>Act of Faith After Communion Jesus, I firmly believe that You are present within me as God and Man, to enrich my soul with graces and to fill my heart with the happiness of the blessed. I believe that You are Christ, the Son of the living God! &nbsp; \u00a92005 Catholic Book Publishing Company. Catholic [&hellip;]<\/p>\n","protected":false},"author":2,"featured_media":6958,"parent":0,"menu_order":0,"comment_status":"closed","ping_status":"closed","template":"","meta":{"footnotes":""},"class_list":["post-1175","page","type-page","status-publish","has-post-thumbnail","hentry"],"_links":{"self":[{"href":"https:\/\/www.archspm.org\/es\/wp-json\/wp\/v2\/pages\/1175","targetHints":{"allow":["GET"]}}],"collection":[{"href":"https:\/\/www.archspm.org\/es\/wp-json\/wp\/v2\/pages"}],"about":[{"href":"https:\/\/www.archspm.org\/es\/wp-json\/wp\/v2\/types\/page"}],"author":[{"embeddable":true,"href":"https:\/\/www.archspm.org\/es\/wp-json\/wp\/v2\/users\/2"}],"replies":[{"embeddable":true,"href":"https:\/\/www.archspm.org\/es\/wp-json\/wp\/v2\/comments?post=1175"}],"version-history":[{"count":0,"href":"https:\/\/www.archspm.org\/es\/wp-json\/wp\/v2\/pages\/1175\/revisions"}],"wp:featuredmedia":[{"embeddable":true,"href":"https:\/\/www.archspm.org\/es\/wp-json\/wp\/v2\/media\/6958"}],"wp:attachment":[{"href":"https:\/\/www.archspm.org\/es\/wp-json\/wp\/v2\/media?parent=1175"}],"curies":[{"name":"wp","href":"https:\/\/api.w.org\/{rel}","templated":true}]}}