{"id":1178,"date":"2019-12-23T19:20:50","date_gmt":"2019-12-24T00:20:50","guid":{"rendered":"https:\/\/www.archspm.org\/act-of-thanksgiving-after-communion\/"},"modified":"2019-12-23T19:20:50","modified_gmt":"2019-12-24T00:20:50","slug":"act-of-thanksgiving-after-communion","status":"publish","type":"page","link":"https:\/\/www.archspm.org\/es\/act-of-thanksgiving-after-communion\/","title":{"rendered":"Acto de acci\u00f3n de gracias despu\u00e9s de la comuni\u00f3n"},"content":{"rendered":"<h1 class=\"entry-title\">Acto de acci\u00f3n de gracias despu\u00e9s de la comuni\u00f3n<\/h1>\n<div class=\"entry-content\">\n<p>Desde lo m\u00e1s profundo de mi coraz\u00f3n te doy gracias, querido Se\u00f1or, por tu infinita bondad al venir a m\u00ed. \u00a1Cu\u00e1n bueno eres conmigo! Junto con tu Sant\u00edsima Madre y todos los \u00e1ngeles, alabo tu misericordia y generosidad hacia m\u00ed, pobre pecador. Te doy gracias por alimentar mi alma con Tu Sagrado Cuerpo y Tu Preciosa Sangre. Tratar\u00e9 de mostrarte mi gratitud en el Sacramento de Tu amor, mediante la obediencia a Tus santos mandamientos, la fidelidad a mis deberes, la bondad hacia mi pr\u00f3jimo y el esfuerzo sincero por llegar a ser como T\u00fa en mi conducta diaria.<\/p>\n<p>&nbsp;<\/p>\n<p><em>\u00a92005 Catholic Book Publishing Company. Libro cat\u00f3lico de oraciones.<\/em><\/p>\n<p>Para adquirir el Libro Cat\u00f3lico de Oraciones, acuda a una librer\u00eda cat\u00f3lica o c\u00f3mprelo en l\u00ednea.<\/p>\n<p>Para m\u00e1s oraciones cat\u00f3licas y recursos adicionales, visite la p\u00e1gina\u00a0<a href=\"https:\/\/www.ewtn.com\/catholicism\/devotions\/prayers-69\" target=\"_blank\" rel=\"noopener noreferrer\">P\u00e1gina web de EWTN<\/a>.<\/p>\n<\/div>","protected":false},"excerpt":{"rendered":"<p>Act of Thanksgiving After Communion From the depths of my heart I thank You, dear Lord, for Your infinite kindness in coming to me. How good You are to me! With Your most holy Mother and all the angels, I praise Your mercy and generosity toward me, a poor sinner. I thank You for nourishing [&hellip;]<\/p>\n","protected":false},"author":2,"featured_media":6958,"parent":0,"menu_order":0,"comment_status":"closed","ping_status":"closed","template":"","meta":{"footnotes":""},"class_list":["post-1178","page","type-page","status-publish","has-post-thumbnail","hentry"],"_links":{"self":[{"href":"https:\/\/www.archspm.org\/es\/wp-json\/wp\/v2\/pages\/1178","targetHints":{"allow":["GET"]}}],"collection":[{"href":"https:\/\/www.archspm.org\/es\/wp-json\/wp\/v2\/pages"}],"about":[{"href":"https:\/\/www.archspm.org\/es\/wp-json\/wp\/v2\/types\/page"}],"author":[{"embeddable":true,"href":"https:\/\/www.archspm.org\/es\/wp-json\/wp\/v2\/users\/2"}],"replies":[{"embeddable":true,"href":"https:\/\/www.archspm.org\/es\/wp-json\/wp\/v2\/comments?post=1178"}],"version-history":[{"count":0,"href":"https:\/\/www.archspm.org\/es\/wp-json\/wp\/v2\/pages\/1178\/revisions"}],"wp:featuredmedia":[{"embeddable":true,"href":"https:\/\/www.archspm.org\/es\/wp-json\/wp\/v2\/media\/6958"}],"wp:attachment":[{"href":"https:\/\/www.archspm.org\/es\/wp-json\/wp\/v2\/media?parent=1178"}],"curies":[{"name":"wp","href":"https:\/\/api.w.org\/{rel}","templated":true}]}}