{"id":1181,"date":"2019-12-23T19:35:23","date_gmt":"2019-12-24T00:35:23","guid":{"rendered":"https:\/\/www.archspm.org\/act-of-charity\/"},"modified":"2019-12-23T19:35:23","modified_gmt":"2019-12-24T00:35:23","slug":"act-of-charity","status":"publish","type":"page","link":"https:\/\/www.archspm.org\/es\/act-of-charity\/","title":{"rendered":"Acto de caridad"},"content":{"rendered":"<h1 class=\"entry-title\">Acto de caridad<\/h1>\n<div class=\"entry-content\">\n<p>\u00a1Dios m\u00edo!<br \/>\nTe amo,<br \/>\ncon todo mi coraz\u00f3n y toda mi alma,<br \/>\ny, sobre todo,<br \/>\nporque T\u00fa eres infinitamente bueno y perfecto,<br \/>\ny la m\u00e1s digna de todo mi amor;<br \/>\ny por amor a Ti,<br \/>\nAmo a mi pr\u00f3jimo como a m\u00ed mismo.<br \/>\nConc\u00e9denos, en tu misericordia,<br \/>\n\u00a1Dios m\u00edo!<br \/>\nque, habi\u00e9ndote amado en la tierra,<br \/>\nQue pueda amarte y disfrutar de ti<br \/>\npor siempre en el cielo.<\/p>\n<p>Am\u00e9n.<\/p>\n<p>&nbsp;<\/p>\n<p><em>Utilizado de conformidad con el Aviso de Copyright, 2012.<\/em><\/p>\n<p>Visite el\u00a0<a href=\"http:\/\/www.catholicdoors.com\/\" target=\"_blank\" rel=\"noopener noreferrer\">Ministerio de Puertas Cat\u00f3licas<\/a>\u00a0para m\u00e1s informaci\u00f3n.<\/p>\n<p>Para m\u00e1s oraciones cat\u00f3licas y recursos adicionales, visite la p\u00e1gina\u00a0<a href=\"https:\/\/www.ewtn.com\/catholicism\/devotions\/prayers-69\" target=\"_blank\" rel=\"noopener noreferrer\">P\u00e1gina web de EWTN<\/a>.<\/p>\n<\/div>","protected":false},"excerpt":{"rendered":"<p>Act of Charity O my God! I love Thee, with my whole heart and soul, and above all things, because Thou art infinitely good and perfect, and most worthy of all my love; and for Thy sake, I love my neighbour as myself. Mercifully grant, O my God! that having loved Thee on earth, I [&hellip;]<\/p>\n","protected":false},"author":2,"featured_media":6958,"parent":0,"menu_order":0,"comment_status":"closed","ping_status":"closed","template":"","meta":{"footnotes":""},"class_list":["post-1181","page","type-page","status-publish","has-post-thumbnail","hentry"],"_links":{"self":[{"href":"https:\/\/www.archspm.org\/es\/wp-json\/wp\/v2\/pages\/1181","targetHints":{"allow":["GET"]}}],"collection":[{"href":"https:\/\/www.archspm.org\/es\/wp-json\/wp\/v2\/pages"}],"about":[{"href":"https:\/\/www.archspm.org\/es\/wp-json\/wp\/v2\/types\/page"}],"author":[{"embeddable":true,"href":"https:\/\/www.archspm.org\/es\/wp-json\/wp\/v2\/users\/2"}],"replies":[{"embeddable":true,"href":"https:\/\/www.archspm.org\/es\/wp-json\/wp\/v2\/comments?post=1181"}],"version-history":[{"count":0,"href":"https:\/\/www.archspm.org\/es\/wp-json\/wp\/v2\/pages\/1181\/revisions"}],"wp:featuredmedia":[{"embeddable":true,"href":"https:\/\/www.archspm.org\/es\/wp-json\/wp\/v2\/media\/6958"}],"wp:attachment":[{"href":"https:\/\/www.archspm.org\/es\/wp-json\/wp\/v2\/media?parent=1181"}],"curies":[{"name":"wp","href":"https:\/\/api.w.org\/{rel}","templated":true}]}}