{"id":1182,"date":"2019-12-26T20:28:26","date_gmt":"2019-12-27T01:28:26","guid":{"rendered":"https:\/\/www.archspm.org\/act-of-faith\/"},"modified":"2025-07-08T14:02:39","modified_gmt":"2025-07-08T18:02:39","slug":"act-of-faith","status":"publish","type":"page","link":"https:\/\/www.archspm.org\/es\/act-of-faith\/","title":{"rendered":"Acto de fe"},"content":{"rendered":"<h1 class=\"entry-title\">Acto de fe<\/h1>\n<div class=\"entry-content\">\n<p>Oh, Dios m\u00edo,<br \/>\nCreo firmemente que eres un solo Dios<br \/>\nen tres Personas divinas,<br \/>\nPadre, Hijo y Esp\u00edritu Santo.<br \/>\nCreo que tu Hijo divino se hizo hombre,<br \/>\nmuri\u00f3 por nuestros pecados,<br \/>\ny que vendr\u00e1 a juzgar a los vivos y a los muertos.<br \/>\nCreo en estas y en todas las verdades<br \/>\nlo que ense\u00f1a la Santa Iglesia Cat\u00f3lica,<br \/>\nporque t\u00fa, que las has revelado,<br \/>\nquien ni puede enga\u00f1ar ni ser enga\u00f1ado.<\/p>\n<p>&nbsp;<\/p>\n<p><em>\u00a92005 Catholic Book Publishing Company. Libro cat\u00f3lico de oraciones.<\/em><\/p>\n<p>Para adquirir el Libro Cat\u00f3lico de Oraciones, acuda a una librer\u00eda cat\u00f3lica o c\u00f3mprelo en l\u00ednea.<\/p>\n<p>Para m\u00e1s oraciones cat\u00f3licas y recursos adicionales, visite la p\u00e1gina\u00a0<a href=\"https:\/\/www.ewtn.com\/catholicism\/devotions\/prayers-69\" target=\"_blank\" rel=\"noopener noreferrer\">P\u00e1gina web de EWTN<\/a>.<\/p>\n<\/div>","protected":false},"excerpt":{"rendered":"<p>Act of Faith O my God, I firmly believe that you are one God in three divine Persons, Father, Son, and Holy Spirit. I believe that your divine son became man, died for our sins, and that he will come to judge the living and the dead. I believe these and all the truths which [&hellip;]<\/p>\n","protected":false},"author":2,"featured_media":6958,"parent":0,"menu_order":0,"comment_status":"closed","ping_status":"closed","template":"","meta":{"footnotes":""},"class_list":["post-1182","page","type-page","status-publish","has-post-thumbnail","hentry"],"_links":{"self":[{"href":"https:\/\/www.archspm.org\/es\/wp-json\/wp\/v2\/pages\/1182","targetHints":{"allow":["GET"]}}],"collection":[{"href":"https:\/\/www.archspm.org\/es\/wp-json\/wp\/v2\/pages"}],"about":[{"href":"https:\/\/www.archspm.org\/es\/wp-json\/wp\/v2\/types\/page"}],"author":[{"embeddable":true,"href":"https:\/\/www.archspm.org\/es\/wp-json\/wp\/v2\/users\/2"}],"replies":[{"embeddable":true,"href":"https:\/\/www.archspm.org\/es\/wp-json\/wp\/v2\/comments?post=1182"}],"version-history":[{"count":0,"href":"https:\/\/www.archspm.org\/es\/wp-json\/wp\/v2\/pages\/1182\/revisions"}],"wp:featuredmedia":[{"embeddable":true,"href":"https:\/\/www.archspm.org\/es\/wp-json\/wp\/v2\/media\/6958"}],"wp:attachment":[{"href":"https:\/\/www.archspm.org\/es\/wp-json\/wp\/v2\/media?parent=1182"}],"curies":[{"name":"wp","href":"https:\/\/api.w.org\/{rel}","templated":true}]}}