{"id":1183,"date":"2019-12-26T20:30:20","date_gmt":"2019-12-27T01:30:20","guid":{"rendered":"https:\/\/www.archspm.org\/act-of-hope\/"},"modified":"2019-12-26T20:30:20","modified_gmt":"2019-12-27T01:30:20","slug":"act-of-hope","status":"publish","type":"page","link":"https:\/\/www.archspm.org\/es\/act-of-hope\/","title":{"rendered":"Acto de esperanza"},"content":{"rendered":"<h1 class=\"entry-title\">Acto de esperanza<\/h1>\n<div class=\"entry-content\">\n<p>Oh, Dios m\u00edo,<br \/>\nconfiando en tu poder omnipotente<br \/>\ny misericordia infinita y promesas,<br \/>\nEspero obtener el perd\u00f3n de mis pecados,<br \/>\ncon la ayuda de Tu gracia,<br \/>\ny la vida eterna<br \/>\npor los m\u00e9ritos de Jesucristo,<br \/>\nmi Se\u00f1or y Redentor.<\/p>\n<p>Am\u00e9n.<\/p>\n<p>&nbsp;<\/p>\n<p><em>\u00a92005 Catholic Book Publishing Company. Libro cat\u00f3lico de oraciones.<\/em><\/p>\n<p>Para adquirir el Libro Cat\u00f3lico de Oraciones, acuda a una librer\u00eda cat\u00f3lica o c\u00f3mprelo en l\u00ednea.<\/p>\n<p>Para m\u00e1s oraciones cat\u00f3licas y recursos adicionales, visite la p\u00e1gina\u00a0<a href=\"https:\/\/www.ewtn.com\/catholicism\/devotions\/prayers-69\" target=\"_blank\" rel=\"noopener noreferrer\">P\u00e1gina web de EWTN<\/a>.<\/p>\n<\/div>","protected":false},"excerpt":{"rendered":"<p>Act of Hope O my God, relying on your almighty power and infinite mercy and promises, I hope to obtain pardon of my sins, the help of Thy grace, and life everlasting through the merits of Jesus Christ, my Lord and Redeemer. Amen. &nbsp; \u00a92005 Catholic Book Publishing Company. Catholic Book of Prayers. To purchase [&hellip;]<\/p>\n","protected":false},"author":2,"featured_media":6958,"parent":0,"menu_order":0,"comment_status":"closed","ping_status":"closed","template":"","meta":{"footnotes":""},"class_list":["post-1183","page","type-page","status-publish","has-post-thumbnail","hentry"],"_links":{"self":[{"href":"https:\/\/www.archspm.org\/es\/wp-json\/wp\/v2\/pages\/1183","targetHints":{"allow":["GET"]}}],"collection":[{"href":"https:\/\/www.archspm.org\/es\/wp-json\/wp\/v2\/pages"}],"about":[{"href":"https:\/\/www.archspm.org\/es\/wp-json\/wp\/v2\/types\/page"}],"author":[{"embeddable":true,"href":"https:\/\/www.archspm.org\/es\/wp-json\/wp\/v2\/users\/2"}],"replies":[{"embeddable":true,"href":"https:\/\/www.archspm.org\/es\/wp-json\/wp\/v2\/comments?post=1183"}],"version-history":[{"count":0,"href":"https:\/\/www.archspm.org\/es\/wp-json\/wp\/v2\/pages\/1183\/revisions"}],"wp:featuredmedia":[{"embeddable":true,"href":"https:\/\/www.archspm.org\/es\/wp-json\/wp\/v2\/media\/6958"}],"wp:attachment":[{"href":"https:\/\/www.archspm.org\/es\/wp-json\/wp\/v2\/media?parent=1183"}],"curies":[{"name":"wp","href":"https:\/\/api.w.org\/{rel}","templated":true}]}}