{"id":1184,"date":"2019-12-26T20:31:49","date_gmt":"2019-12-27T01:31:49","guid":{"rendered":"https:\/\/www.archspm.org\/act-of-love\/"},"modified":"2019-12-26T20:31:49","modified_gmt":"2019-12-27T01:31:49","slug":"act-of-love","status":"publish","type":"page","link":"https:\/\/www.archspm.org\/es\/act-of-love\/","title":{"rendered":"Acto de amor"},"content":{"rendered":"<h1 class=\"entry-title\">Acto de amor<\/h1>\n<div class=\"entry-content\">\n<p>Oh, Dios m\u00edo,<br \/>\nTe amo por encima de todas las cosas,<br \/>\ncon todo mi coraz\u00f3n y toda mi alma,<br \/>\nporque eres completamente bueno y digno de todo amor.<br \/>\nAmo a mi pr\u00f3jimo como a m\u00ed mismo por amor a ti.<br \/>\nPerdono a todos los que me han hecho da\u00f1o,<br \/>\ny pedir perd\u00f3n a todos aquellos a quienes he ofendido.<\/p>\n<p>Am\u00e9n.<\/p>\n<p>&nbsp;<\/p>\n<p><em>\u00a92005 Catholic Book Publishing Company. Libro cat\u00f3lico de oraciones.<\/em><\/p>\n<p>Para adquirir el Libro Cat\u00f3lico de Oraciones, acuda a una librer\u00eda cat\u00f3lica o c\u00f3mprelo en l\u00ednea.<\/p>\n<p>Para m\u00e1s oraciones cat\u00f3licas y recursos adicionales, visite la p\u00e1gina\u00a0<a href=\"https:\/\/www.ewtn.com\/catholicism\/devotions\/prayers-69\" target=\"_blank\" rel=\"noopener noreferrer\">P\u00e1gina web de EWTN<\/a>.<\/p>\n<\/div>","protected":false},"excerpt":{"rendered":"<p>Act of Love O My God, I love you above all things, with my whole heart and soul, because you are all-good and worthy of all love. I love my neighbor as myself for the love of you. I forgive all who have injured me, and ask pardon of all whom I have injured. Amen. [&hellip;]<\/p>\n","protected":false},"author":2,"featured_media":6958,"parent":0,"menu_order":0,"comment_status":"closed","ping_status":"closed","template":"","meta":{"footnotes":""},"class_list":["post-1184","page","type-page","status-publish","has-post-thumbnail","hentry"],"_links":{"self":[{"href":"https:\/\/www.archspm.org\/es\/wp-json\/wp\/v2\/pages\/1184","targetHints":{"allow":["GET"]}}],"collection":[{"href":"https:\/\/www.archspm.org\/es\/wp-json\/wp\/v2\/pages"}],"about":[{"href":"https:\/\/www.archspm.org\/es\/wp-json\/wp\/v2\/types\/page"}],"author":[{"embeddable":true,"href":"https:\/\/www.archspm.org\/es\/wp-json\/wp\/v2\/users\/2"}],"replies":[{"embeddable":true,"href":"https:\/\/www.archspm.org\/es\/wp-json\/wp\/v2\/comments?post=1184"}],"version-history":[{"count":0,"href":"https:\/\/www.archspm.org\/es\/wp-json\/wp\/v2\/pages\/1184\/revisions"}],"wp:featuredmedia":[{"embeddable":true,"href":"https:\/\/www.archspm.org\/es\/wp-json\/wp\/v2\/media\/6958"}],"wp:attachment":[{"href":"https:\/\/www.archspm.org\/es\/wp-json\/wp\/v2\/media?parent=1184"}],"curies":[{"name":"wp","href":"https:\/\/api.w.org\/{rel}","templated":true}]}}