{"id":1185,"date":"2019-12-26T20:33:21","date_gmt":"2019-12-27T01:33:21","guid":{"rendered":"https:\/\/www.archspm.org\/bedtime-prayer\/"},"modified":"2019-12-26T20:33:21","modified_gmt":"2019-12-27T01:33:21","slug":"bedtime-prayer","status":"publish","type":"page","link":"https:\/\/www.archspm.org\/es\/bedtime-prayer\/","title":{"rendered":"Oraci\u00f3n antes de acostarse"},"content":{"rendered":"<h1 class=\"entry-title\">Oraci\u00f3n antes de acostarse<\/h1>\n<div class=\"entry-content\">\n<p>Padre Celestial,<br \/>\nGracias por el d\u00eda que nos regalaste.<br \/>\nPor favor, bendice a (nombre) y mant\u00e9nlo\/a bajo tu amor y protecci\u00f3n.<br \/>\nDale una buena noche de sue\u00f1o y env\u00eda a tu guardi\u00e1n<br \/>\n\u00e1ngeles que lo cuiden mientras duerme.<br \/>\nEn el nombre del Padre, del Hijo y del Esp\u00edritu Santo.<\/p>\n<p>Am\u00e9n<\/p>\n<p>&nbsp;<\/p>\n<p><em>2012 Catholic Online.<\/em><\/p>\n<p>Para encontrar m\u00e1s oraciones cat\u00f3licas y recursos adicionales, visita\u00a0<a href=\"http:\/\/www.catholic.org\/\" target=\"_blank\" rel=\"noopener noreferrer\">Sitio web de Catholic Online<\/a>.<\/p>\n<p>Para m\u00e1s oraciones cat\u00f3licas y recursos adicionales, visite la p\u00e1gina\u00a0<a href=\"https:\/\/www.ewtn.com\/catholicism\/devotions\/prayers-69\" target=\"_blank\" rel=\"noopener noreferrer\">P\u00e1gina web de EWTN<\/a>.<\/p>\n<\/div>","protected":false},"excerpt":{"rendered":"<p>Bedtime Prayer Heavenly Father, Thank you for the day you gave to us. Please bless (insert name) and keep him\/her in your love and protection. Grant him\/her a good night\u2019s sleep tonight and send your guardian angels to watch over him\/her while he\/she sleeps. In the name of the Father, and the Son, and the [&hellip;]<\/p>\n","protected":false},"author":2,"featured_media":6958,"parent":0,"menu_order":0,"comment_status":"closed","ping_status":"closed","template":"","meta":{"footnotes":""},"class_list":["post-1185","page","type-page","status-publish","has-post-thumbnail","hentry"],"_links":{"self":[{"href":"https:\/\/www.archspm.org\/es\/wp-json\/wp\/v2\/pages\/1185","targetHints":{"allow":["GET"]}}],"collection":[{"href":"https:\/\/www.archspm.org\/es\/wp-json\/wp\/v2\/pages"}],"about":[{"href":"https:\/\/www.archspm.org\/es\/wp-json\/wp\/v2\/types\/page"}],"author":[{"embeddable":true,"href":"https:\/\/www.archspm.org\/es\/wp-json\/wp\/v2\/users\/2"}],"replies":[{"embeddable":true,"href":"https:\/\/www.archspm.org\/es\/wp-json\/wp\/v2\/comments?post=1185"}],"version-history":[{"count":0,"href":"https:\/\/www.archspm.org\/es\/wp-json\/wp\/v2\/pages\/1185\/revisions"}],"wp:featuredmedia":[{"embeddable":true,"href":"https:\/\/www.archspm.org\/es\/wp-json\/wp\/v2\/media\/6958"}],"wp:attachment":[{"href":"https:\/\/www.archspm.org\/es\/wp-json\/wp\/v2\/media?parent=1185"}],"curies":[{"name":"wp","href":"https:\/\/api.w.org\/{rel}","templated":true}]}}