{"id":1186,"date":"2019-12-26T20:34:52","date_gmt":"2019-12-27T01:34:52","guid":{"rendered":"https:\/\/www.archspm.org\/evening-prayer-to-blessed-trinity\/"},"modified":"2019-12-26T20:34:52","modified_gmt":"2019-12-27T01:34:52","slug":"evening-prayer-to-blessed-trinity","status":"publish","type":"page","link":"https:\/\/www.archspm.org\/es\/evening-prayer-to-blessed-trinity\/","title":{"rendered":"V\u00edsperas a la Sant\u00edsima Trinidad"},"content":{"rendered":"<h1 class=\"entry-title\">V\u00edsperas a la Sant\u00edsima Trinidad<\/h1>\n<div class=\"entry-content\">\n<p>Te adoro, Dios m\u00edo, y te doy las gracias por haberme creado, por haberme hecho cristiano y por haberme conservado en vida hasta hoy. Te amo con todo mi coraz\u00f3n y lamento haber pecado contra Ti, porque T\u00fa eres Amor infinito y Bondad infinita. Prot\u00e9geme durante mi descanso y que Tu amor est\u00e9 siempre conmigo.<\/p>\n<p>Am\u00e9n.<\/p>\n<p>&nbsp;<\/p>\n<p><em>\u00a92005 Catholic Book Publishing Company. Libro cat\u00f3lico de oraciones.<\/em><\/p>\n<p>Para adquirir el Libro Cat\u00f3lico de Oraciones, acuda a una librer\u00eda cat\u00f3lica o c\u00f3mprelo en l\u00ednea.<\/p>\n<p>Para m\u00e1s oraciones cat\u00f3licas y recursos adicionales, visite la p\u00e1gina\u00a0<a href=\"https:\/\/www.ewtn.com\/catholicism\/devotions\/prayers-69\" target=\"_blank\" rel=\"noopener noreferrer\">P\u00e1gina web de EWTN<\/a>.<\/p>\n<\/div>","protected":false},"excerpt":{"rendered":"<p>Evening Prayer to Blessed Trinity I adore You, my God, and I thank You for having created me, for having made me a Christian and preserved me this day. I love You with all my heart and I am sorry for having sinned against You, because You are infinite Love and infinite Goodness. Protect me [&hellip;]<\/p>\n","protected":false},"author":2,"featured_media":6958,"parent":0,"menu_order":0,"comment_status":"closed","ping_status":"closed","template":"","meta":{"footnotes":""},"class_list":["post-1186","page","type-page","status-publish","has-post-thumbnail","hentry"],"_links":{"self":[{"href":"https:\/\/www.archspm.org\/es\/wp-json\/wp\/v2\/pages\/1186","targetHints":{"allow":["GET"]}}],"collection":[{"href":"https:\/\/www.archspm.org\/es\/wp-json\/wp\/v2\/pages"}],"about":[{"href":"https:\/\/www.archspm.org\/es\/wp-json\/wp\/v2\/types\/page"}],"author":[{"embeddable":true,"href":"https:\/\/www.archspm.org\/es\/wp-json\/wp\/v2\/users\/2"}],"replies":[{"embeddable":true,"href":"https:\/\/www.archspm.org\/es\/wp-json\/wp\/v2\/comments?post=1186"}],"version-history":[{"count":0,"href":"https:\/\/www.archspm.org\/es\/wp-json\/wp\/v2\/pages\/1186\/revisions"}],"wp:featuredmedia":[{"embeddable":true,"href":"https:\/\/www.archspm.org\/es\/wp-json\/wp\/v2\/media\/6958"}],"wp:attachment":[{"href":"https:\/\/www.archspm.org\/es\/wp-json\/wp\/v2\/media?parent=1186"}],"curies":[{"name":"wp","href":"https:\/\/api.w.org\/{rel}","templated":true}]}}