{"id":1187,"date":"2019-12-26T20:36:31","date_gmt":"2019-12-27T01:36:31","guid":{"rendered":"https:\/\/www.archspm.org\/evening-prayer-for-home\/"},"modified":"2019-12-26T20:36:31","modified_gmt":"2019-12-27T01:36:31","slug":"evening-prayer-for-home","status":"publish","type":"page","link":"https:\/\/www.archspm.org\/es\/evening-prayer-for-home\/","title":{"rendered":"V\u00edsperas para casa"},"content":{"rendered":"<h1 class=\"entry-title\">V\u00edsperas para casa<\/h1>\n<div class=\"entry-content\">\n<p>Te suplicamos, oh Se\u00f1or, que visites este hogar y alejes de \u00e9l todas las trampas del enemigo; haz que tus santos \u00e1ngeles moren en \u00e9l para preservarnos en paz; y que tu bendici\u00f3n est\u00e9 siempre sobre nosotros. Por Cristo nuestro Se\u00f1or.<\/p>\n<p>Am\u00e9n<\/p>\n<p>&nbsp;<\/p>\n<p><em>\u00a92005 Catholic Book Publishing Company. Libro cat\u00f3lico de oraciones.<\/em><\/p>\n<p>Para adquirir el Libro Cat\u00f3lico de Oraciones, acuda a una librer\u00eda cat\u00f3lica o c\u00f3mprelo en l\u00ednea.<\/p>\n<p>Para m\u00e1s oraciones cat\u00f3licas y recursos adicionales, visite la p\u00e1gina\u00a0<a href=\"https:\/\/www.ewtn.com\/catholicism\/devotions\/prayers-69\" target=\"_blank\" rel=\"noopener noreferrer\">P\u00e1gina web de EWTN<\/a>.<\/p>\n<\/div>","protected":false},"excerpt":{"rendered":"<p>Evening Prayer for Home We beseech You, O Lord, to visit this home, and to drive far from it all the snares of the enemy: let Your holy angels dwell therein so as to preserve us in peace; and let your blessing be always upon us. Through Christ our Lord. Amen &nbsp; \u00a92005 Catholic Book [&hellip;]<\/p>\n","protected":false},"author":2,"featured_media":6958,"parent":0,"menu_order":0,"comment_status":"closed","ping_status":"closed","template":"","meta":{"footnotes":""},"class_list":["post-1187","page","type-page","status-publish","has-post-thumbnail","hentry"],"_links":{"self":[{"href":"https:\/\/www.archspm.org\/es\/wp-json\/wp\/v2\/pages\/1187","targetHints":{"allow":["GET"]}}],"collection":[{"href":"https:\/\/www.archspm.org\/es\/wp-json\/wp\/v2\/pages"}],"about":[{"href":"https:\/\/www.archspm.org\/es\/wp-json\/wp\/v2\/types\/page"}],"author":[{"embeddable":true,"href":"https:\/\/www.archspm.org\/es\/wp-json\/wp\/v2\/users\/2"}],"replies":[{"embeddable":true,"href":"https:\/\/www.archspm.org\/es\/wp-json\/wp\/v2\/comments?post=1187"}],"version-history":[{"count":0,"href":"https:\/\/www.archspm.org\/es\/wp-json\/wp\/v2\/pages\/1187\/revisions"}],"wp:featuredmedia":[{"embeddable":true,"href":"https:\/\/www.archspm.org\/es\/wp-json\/wp\/v2\/media\/6958"}],"wp:attachment":[{"href":"https:\/\/www.archspm.org\/es\/wp-json\/wp\/v2\/media?parent=1187"}],"curies":[{"name":"wp","href":"https:\/\/api.w.org\/{rel}","templated":true}]}}