{"id":1189,"date":"2019-12-26T20:40:45","date_gmt":"2019-12-27T01:40:45","guid":{"rendered":"https:\/\/www.archspm.org\/morning-prayer-for-gods-protection-and-christs-presence\/"},"modified":"2019-12-26T20:40:45","modified_gmt":"2019-12-27T01:40:45","slug":"morning-prayer-for-gods-protection-and-christs-presence","status":"publish","type":"page","link":"https:\/\/www.archspm.org\/es\/morning-prayer-for-gods-protection-and-christs-presence\/","title":{"rendered":"Oraci\u00f3n matutina para pedir la protecci\u00f3n de Dios y la presencia de Cristo"},"content":{"rendered":"<h1 class=\"entry-title\">Oraci\u00f3n matutina para pedir la protecci\u00f3n de Dios y la presencia de Cristo<\/h1>\n<div class=\"entry-content\">\n<p>Al comenzar este nuevo d\u00eda, que la fuerza de Dios me gu\u00ede,<br \/>\nQue el poder de Dios me sostenga, que la sabidur\u00eda de Dios me gu\u00ede.<\/p>\n<p>Que el ojo de Dios me gu\u00ede,<br \/>\nQue el o\u00eddo de Dios me escuche, que la palabra de Dios hable por m\u00ed.<\/p>\n<p>Que la mano de Dios me proteja, que el camino de Dios se extienda ante m\u00ed,<br \/>\nQue el escudo de Dios me defienda, que el ej\u00e9rcito de Dios me salve.<\/p>\n<p>Que Cristo me proteja hoy\u2026 Cristo conmigo, Cristo delante de m\u00ed, Cristo detr\u00e1s de m\u00ed, Cristo en m\u00ed, Cristo debajo de m\u00ed, Cristo encima de m\u00ed, Cristo a mi derecha, Cristo a mi izquierda, Cristo cuando me acuesto, Cristo cuando me siento, Cristo cuando me levanto, Cristo en el coraz\u00f3n de todos los que piensan en m\u00ed, Cristo en la boca de todos los que hablan de m\u00ed, Cristo en cada ojo que me ve, Cristo en cada o\u00eddo que me escucha.<\/p>\n<p>&nbsp;<\/p>\n<p>\u2014San Patricio<\/p>\n<p>&nbsp;<\/p>\n<p><em>\u00a92005 Catholic Book Publishing Company. Libro cat\u00f3lico de oraciones.<\/em><\/p>\n<p>Para adquirir el Libro Cat\u00f3lico de Oraciones, acuda a una librer\u00eda cat\u00f3lica o c\u00f3mprelo en l\u00ednea.<\/p>\n<p>Para m\u00e1s oraciones cat\u00f3licas y recursos adicionales, visite la p\u00e1gina\u00a0<a href=\"https:\/\/www.ewtn.com\/catholicism\/devotions\/prayers-69\" target=\"_blank\" rel=\"noopener noreferrer\">P\u00e1gina web de EWTN<\/a>.<\/p>\n<\/div>","protected":false},"excerpt":{"rendered":"<p>Morning Prayer for God\u2019s Protection and Christ\u2019s Presence As I arise today, may the strength of God pilot me, the power of God uphold me, the wisdom of God guide me. May the eye of God look before me, the ear of God hear me, the word of God speak for me. May the hand [&hellip;]<\/p>\n","protected":false},"author":2,"featured_media":6958,"parent":0,"menu_order":0,"comment_status":"closed","ping_status":"closed","template":"","meta":{"footnotes":""},"class_list":["post-1189","page","type-page","status-publish","has-post-thumbnail","hentry"],"_links":{"self":[{"href":"https:\/\/www.archspm.org\/es\/wp-json\/wp\/v2\/pages\/1189","targetHints":{"allow":["GET"]}}],"collection":[{"href":"https:\/\/www.archspm.org\/es\/wp-json\/wp\/v2\/pages"}],"about":[{"href":"https:\/\/www.archspm.org\/es\/wp-json\/wp\/v2\/types\/page"}],"author":[{"embeddable":true,"href":"https:\/\/www.archspm.org\/es\/wp-json\/wp\/v2\/users\/2"}],"replies":[{"embeddable":true,"href":"https:\/\/www.archspm.org\/es\/wp-json\/wp\/v2\/comments?post=1189"}],"version-history":[{"count":0,"href":"https:\/\/www.archspm.org\/es\/wp-json\/wp\/v2\/pages\/1189\/revisions"}],"wp:featuredmedia":[{"embeddable":true,"href":"https:\/\/www.archspm.org\/es\/wp-json\/wp\/v2\/media\/6958"}],"wp:attachment":[{"href":"https:\/\/www.archspm.org\/es\/wp-json\/wp\/v2\/media?parent=1189"}],"curies":[{"name":"wp","href":"https:\/\/api.w.org\/{rel}","templated":true}]}}