{"id":1191,"date":"2019-12-26T20:44:43","date_gmt":"2019-12-27T01:44:43","guid":{"rendered":"https:\/\/www.archspm.org\/grace-after-meals\/"},"modified":"2019-12-26T20:44:43","modified_gmt":"2019-12-27T01:44:43","slug":"grace-after-meals","status":"publish","type":"page","link":"https:\/\/www.archspm.org\/es\/grace-after-meals\/","title":{"rendered":"Gracia despu\u00e9s de comer"},"content":{"rendered":"<h1 class=\"entry-title\">Gracia despu\u00e9s de comer<\/h1>\n<div class=\"entry-content\">\n<p>Te damos gracias por todos tus beneficios, oh Dios Todopoderoso,<br \/>\nque viven y reinan por los siglos de los siglos.<\/p>\n<p>Am\u00e9n.<\/p>\n<p>&nbsp;<\/p>\n<p><em>\u00a92005 Catholic Book Publishing Company. Libro cat\u00f3lico de oraciones.<\/em><\/p>\n<p>Para adquirir el Libro Cat\u00f3lico de Oraciones, acuda a una librer\u00eda cat\u00f3lica o c\u00f3mprelo en l\u00ednea.<\/p>\n<p>Para m\u00e1s oraciones cat\u00f3licas y recursos adicionales, visite la p\u00e1gina\u00a0<a href=\"https:\/\/www.ewtn.com\/catholicism\/devotions\/prayers-69\" target=\"_blank\" rel=\"noopener noreferrer\">P\u00e1gina web de EWTN<\/a>.<\/p>\n<\/div>","protected":false},"excerpt":{"rendered":"<p>Oraci\u00f3n de acci\u00f3n de gracias despu\u00e9s de las comidas Te damos gracias por todos tus beneficios, oh Dios Todopoderoso, que vives y reinas por los siglos de los siglos. Am\u00e9n. \u00a92005 Catholic Book Publishing Company. Libro cat\u00f3lico de oraciones. Para adquirir el Libro cat\u00f3lico de oraciones, ac\u00e9rquese a una librer\u00eda cat\u00f3lica o c\u00f3mprelo en l\u00ednea. Para m\u00e1s oraciones cat\u00f3licas y recursos adicionales, visite el sitio web de EWTN.<\/p>","protected":false},"author":2,"featured_media":6958,"parent":0,"menu_order":0,"comment_status":"closed","ping_status":"closed","template":"","meta":{"footnotes":""},"class_list":["post-1191","page","type-page","status-publish","has-post-thumbnail","hentry"],"_links":{"self":[{"href":"https:\/\/www.archspm.org\/es\/wp-json\/wp\/v2\/pages\/1191","targetHints":{"allow":["GET"]}}],"collection":[{"href":"https:\/\/www.archspm.org\/es\/wp-json\/wp\/v2\/pages"}],"about":[{"href":"https:\/\/www.archspm.org\/es\/wp-json\/wp\/v2\/types\/page"}],"author":[{"embeddable":true,"href":"https:\/\/www.archspm.org\/es\/wp-json\/wp\/v2\/users\/2"}],"replies":[{"embeddable":true,"href":"https:\/\/www.archspm.org\/es\/wp-json\/wp\/v2\/comments?post=1191"}],"version-history":[{"count":0,"href":"https:\/\/www.archspm.org\/es\/wp-json\/wp\/v2\/pages\/1191\/revisions"}],"wp:featuredmedia":[{"embeddable":true,"href":"https:\/\/www.archspm.org\/es\/wp-json\/wp\/v2\/media\/6958"}],"wp:attachment":[{"href":"https:\/\/www.archspm.org\/es\/wp-json\/wp\/v2\/media?parent=1191"}],"curies":[{"name":"wp","href":"https:\/\/api.w.org\/{rel}","templated":true}]}}