{"id":1192,"date":"2019-12-26T20:47:56","date_gmt":"2019-12-27T01:47:56","guid":{"rendered":"https:\/\/www.archspm.org\/morning-offering\/"},"modified":"2019-12-26T20:47:56","modified_gmt":"2019-12-27T01:47:56","slug":"morning-offering","status":"publish","type":"page","link":"https:\/\/www.archspm.org\/es\/morning-offering\/","title":{"rendered":"Ofrenda matinal"},"content":{"rendered":"<h1 class=\"entry-title\">Ofrenda matinal<\/h1>\n<div class=\"entry-content\">\n<p>Oh Jes\u00fas, por medio del Inmaculado Coraz\u00f3n de Mar\u00eda, te ofrezco mis oraciones, obras, alegr\u00edas y sufrimientos de este d\u00eda por todas las intenciones de tu Sagrado Coraz\u00f3n, en uni\u00f3n con el Santo Sacrificio de la Misa en todo el mundo, en reparaci\u00f3n por mis pecados, por las intenciones de todos nuestros asociados y, en particular, por todas las intenciones de este mes (<em>indicar la intenci\u00f3n, si se conoce<\/em>).<\/p>\n<p>&nbsp;<\/p>\n<p><em>\u00a92012 EWTN. Utilizado con permiso.<\/em><\/p>\n<p>Para m\u00e1s oraciones cat\u00f3licas y recursos adicionales, visite la p\u00e1gina\u00a0<a href=\"https:\/\/www.ewtn.com\/catholicism\/devotions\/prayers-69\" target=\"_blank\" rel=\"noopener noreferrer\">P\u00e1gina web de EWTN<\/a>.<\/p>\n<\/div>","protected":false},"excerpt":{"rendered":"<p>Morning Offering O Jesus, through the Immaculate Heart of Mary, I offer You my prayers, works, joys and sufferings of this day for all the intentions of Your Sacred Heart, in union with the Holy Sacrifice of the Mass throughout the world, in reparation for my sins, for the intentions of all our associates and [&hellip;]<\/p>\n","protected":false},"author":2,"featured_media":6958,"parent":0,"menu_order":0,"comment_status":"closed","ping_status":"closed","template":"","meta":{"footnotes":""},"class_list":["post-1192","page","type-page","status-publish","has-post-thumbnail","hentry"],"_links":{"self":[{"href":"https:\/\/www.archspm.org\/es\/wp-json\/wp\/v2\/pages\/1192","targetHints":{"allow":["GET"]}}],"collection":[{"href":"https:\/\/www.archspm.org\/es\/wp-json\/wp\/v2\/pages"}],"about":[{"href":"https:\/\/www.archspm.org\/es\/wp-json\/wp\/v2\/types\/page"}],"author":[{"embeddable":true,"href":"https:\/\/www.archspm.org\/es\/wp-json\/wp\/v2\/users\/2"}],"replies":[{"embeddable":true,"href":"https:\/\/www.archspm.org\/es\/wp-json\/wp\/v2\/comments?post=1192"}],"version-history":[{"count":0,"href":"https:\/\/www.archspm.org\/es\/wp-json\/wp\/v2\/pages\/1192\/revisions"}],"wp:featuredmedia":[{"embeddable":true,"href":"https:\/\/www.archspm.org\/es\/wp-json\/wp\/v2\/media\/6958"}],"wp:attachment":[{"href":"https:\/\/www.archspm.org\/es\/wp-json\/wp\/v2\/media?parent=1192"}],"curies":[{"name":"wp","href":"https:\/\/api.w.org\/{rel}","templated":true}]}}