{"id":1193,"date":"2019-12-26T20:49:13","date_gmt":"2019-12-27T01:49:13","guid":{"rendered":"https:\/\/www.archspm.org\/offering-of-self\/"},"modified":"2019-12-26T20:49:13","modified_gmt":"2019-12-27T01:49:13","slug":"offering-of-self","status":"publish","type":"page","link":"https:\/\/www.archspm.org\/es\/offering-of-self\/","title":{"rendered":"Ofrecimiento de uno mismo"},"content":{"rendered":"<h1 class=\"entry-title\">Ofrecimiento de uno mismo<\/h1>\n<div class=\"entry-content\">\n<p>Recibe, Se\u00f1or, toda mi libertad.<br \/>\nToma mi memoria, mi entendimiento y mi voluntad.<br \/>\nTodo lo que tengo, todo lo que poseo, me lo has dado T\u00fa.<br \/>\nTe lo devuelvo todo.<br \/>\nLo entrego para que sea gobernado directamente por Tu voluntad.<br \/>\nDame solo Tu amor y Tu gracia, y ser\u00e9 lo suficientemente rico; no pido nada m\u00e1s.<\/p>\n<p>Am\u00e9n.<\/p>\n<p>&nbsp;<\/p>\n<p><em>Utilizado de conformidad con el Aviso de Copyright, 2012.<\/em><\/p>\n<p>Visite el\u00a0<a href=\"http:\/\/www.catholicdoors.com\/\" target=\"_blank\" rel=\"noopener noreferrer\">Ministerio de Puertas Cat\u00f3licas<\/a>\u00a0para m\u00e1s informaci\u00f3n.<\/p>\n<p>Para m\u00e1s oraciones cat\u00f3licas y recursos adicionales, visite la p\u00e1gina\u00a0<a href=\"https:\/\/www.ewtn.com\/catholicism\/devotions\/prayers-69\" target=\"_blank\" rel=\"noopener noreferrer\">P\u00e1gina web de EWTN<\/a>.<\/p>\n<\/div>","protected":false},"excerpt":{"rendered":"<p>Offering of Self Receive, O Lord, all my liberty. Take my memory, my understanding and my will. Whatever I have, whatever I possess You have given to me. I restore it all to You. I yield it to be ruled directly by Your will. Give me only Your love and Your grace and I am [&hellip;]<\/p>\n","protected":false},"author":2,"featured_media":6958,"parent":0,"menu_order":0,"comment_status":"closed","ping_status":"closed","template":"","meta":{"footnotes":""},"class_list":["post-1193","page","type-page","status-publish","has-post-thumbnail","hentry"],"_links":{"self":[{"href":"https:\/\/www.archspm.org\/es\/wp-json\/wp\/v2\/pages\/1193","targetHints":{"allow":["GET"]}}],"collection":[{"href":"https:\/\/www.archspm.org\/es\/wp-json\/wp\/v2\/pages"}],"about":[{"href":"https:\/\/www.archspm.org\/es\/wp-json\/wp\/v2\/types\/page"}],"author":[{"embeddable":true,"href":"https:\/\/www.archspm.org\/es\/wp-json\/wp\/v2\/users\/2"}],"replies":[{"embeddable":true,"href":"https:\/\/www.archspm.org\/es\/wp-json\/wp\/v2\/comments?post=1193"}],"version-history":[{"count":0,"href":"https:\/\/www.archspm.org\/es\/wp-json\/wp\/v2\/pages\/1193\/revisions"}],"wp:featuredmedia":[{"embeddable":true,"href":"https:\/\/www.archspm.org\/es\/wp-json\/wp\/v2\/media\/6958"}],"wp:attachment":[{"href":"https:\/\/www.archspm.org\/es\/wp-json\/wp\/v2\/media?parent=1193"}],"curies":[{"name":"wp","href":"https:\/\/api.w.org\/{rel}","templated":true}]}}