{"id":1194,"date":"2019-12-26T20:51:01","date_gmt":"2019-12-27T01:51:01","guid":{"rendered":"https:\/\/www.archspm.org\/offering-to-the-holy-trinity\/"},"modified":"2019-12-26T20:51:01","modified_gmt":"2019-12-27T01:51:01","slug":"offering-to-the-holy-trinity","status":"publish","type":"page","link":"https:\/\/www.archspm.org\/es\/offering-to-the-holy-trinity\/","title":{"rendered":"Ofrenda a la Sant\u00edsima Trinidad"},"content":{"rendered":"<h1 class=\"entry-title\">Ofrenda a la Sant\u00edsima Trinidad<\/h1>\n<div class=\"entry-content\">\n<p>Sant\u00edsima y adorable Trinidad, Dios en tres Personas, te alabo y te doy gracias por todos los favores que me has concedido. Tu bondad me ha preservado hasta ahora. Te ofrezco todo mi ser y, en particular, todos mis pensamientos, palabras y obras, junto con todas las pruebas que pueda sufrir hoy. Bend\u00edcelos. Que tu Amor Divino los anime y que sirvan para tu mayor gloria.<\/p>\n<p>Hago esta ofrenda matutina en uni\u00f3n con las divinas intenciones de Jesucristo, quien se ofrece a s\u00ed mismo cada d\u00eda en el santo Sacrificio de la Misa, y en uni\u00f3n con Mar\u00eda, su Virgen Madre y nuestra Madre, quien siempre fue la fiel sierva del Se\u00f1or.<\/p>\n<p>Gloria al Padre, al Hijo y al Esp\u00edritu Santo.<\/p>\n<p>Am\u00e9n<\/p>\n<p>&nbsp;<\/p>\n<p><em>\u00a92005 Catholic Book Publishing Company. Libro cat\u00f3lico de oraciones.<\/em><\/p>\n<p>Para adquirir el Libro Cat\u00f3lico de Oraciones, acuda a una librer\u00eda cat\u00f3lica o c\u00f3mprelo en l\u00ednea.<\/p>\n<p>Para m\u00e1s oraciones cat\u00f3licas y recursos adicionales, visite la p\u00e1gina\u00a0<a href=\"https:\/\/www.ewtn.com\/catholicism\/devotions\/prayers-69\" target=\"_blank\" rel=\"noopener noreferrer\">P\u00e1gina web de EWTN<\/a>.<\/p>\n<\/div>","protected":false},"excerpt":{"rendered":"<p>Offering to the Holy Trinity Most holy and adorable Trinity, on God in three Persons, I praise You and give You thanks for all the favors You have bestowed upon me. Your goodness has preserved me until now. I offer You my whole being and in particular all my thoughts, words and deeds, together with [&hellip;]<\/p>\n","protected":false},"author":2,"featured_media":6958,"parent":0,"menu_order":0,"comment_status":"closed","ping_status":"closed","template":"","meta":{"footnotes":""},"class_list":["post-1194","page","type-page","status-publish","has-post-thumbnail","hentry"],"_links":{"self":[{"href":"https:\/\/www.archspm.org\/es\/wp-json\/wp\/v2\/pages\/1194","targetHints":{"allow":["GET"]}}],"collection":[{"href":"https:\/\/www.archspm.org\/es\/wp-json\/wp\/v2\/pages"}],"about":[{"href":"https:\/\/www.archspm.org\/es\/wp-json\/wp\/v2\/types\/page"}],"author":[{"embeddable":true,"href":"https:\/\/www.archspm.org\/es\/wp-json\/wp\/v2\/users\/2"}],"replies":[{"embeddable":true,"href":"https:\/\/www.archspm.org\/es\/wp-json\/wp\/v2\/comments?post=1194"}],"version-history":[{"count":0,"href":"https:\/\/www.archspm.org\/es\/wp-json\/wp\/v2\/pages\/1194\/revisions"}],"wp:featuredmedia":[{"embeddable":true,"href":"https:\/\/www.archspm.org\/es\/wp-json\/wp\/v2\/media\/6958"}],"wp:attachment":[{"href":"https:\/\/www.archspm.org\/es\/wp-json\/wp\/v2\/media?parent=1194"}],"curies":[{"name":"wp","href":"https:\/\/api.w.org\/{rel}","templated":true}]}}