{"id":1197,"date":"2019-12-26T21:01:42","date_gmt":"2019-12-27T02:01:42","guid":{"rendered":"https:\/\/www.archspm.org\/prayer-after-mass\/"},"modified":"2019-12-26T21:01:42","modified_gmt":"2019-12-27T02:01:42","slug":"prayer-after-mass","status":"publish","type":"page","link":"https:\/\/www.archspm.org\/es\/prayer-after-mass\/","title":{"rendered":"Oraci\u00f3n despu\u00e9s de la Misa"},"content":{"rendered":"<h1 class=\"entry-title\">Oraci\u00f3n despu\u00e9s de la Misa<\/h1>\n<div class=\"entry-content\">\n<p>Se\u00f1or Jesucristo, toma toda mi libertad,<br \/>\nmi memoria, mi entendimiento y mi voluntad.<br \/>\nTodo lo que tengo y aprecio<br \/>\nque me has dado.<br \/>\nLo entrego todo para ser guiado por tu voluntad.<br \/>\nTu gracia y tu amor<br \/>\nson suficientes para m\u00ed.<br \/>\nDame esto, Se\u00f1or Jes\u00fas,<br \/>\ny no pido nada m\u00e1s.<br \/>\nAm\u00e9n.<\/p>\n<p>&nbsp;<\/p>\n<p><em>\u00a92012 EWTN. Utilizado con permiso.<\/em><\/p>\n<p>Para m\u00e1s oraciones cat\u00f3licas y recursos adicionales, visite la p\u00e1gina\u00a0<a href=\"https:\/\/www.ewtn.com\/catholicism\/devotions\/prayers-69\" target=\"_blank\" rel=\"noopener noreferrer\">P\u00e1gina web de EWTN<\/a>.<\/p>\n<\/div>","protected":false},"excerpt":{"rendered":"<p>Prayer after Mass Lord Jesus Christ, take all my freedom, my memory, my understanding, and my will. All that I have and cherish you have given me. I surrender it all to be guided by Your will. Your grace and Your love are enough for me. Give me these, Lord Jesus, and I ask for [&hellip;]<\/p>\n","protected":false},"author":2,"featured_media":6958,"parent":0,"menu_order":0,"comment_status":"closed","ping_status":"closed","template":"","meta":{"footnotes":""},"class_list":["post-1197","page","type-page","status-publish","has-post-thumbnail","hentry"],"_links":{"self":[{"href":"https:\/\/www.archspm.org\/es\/wp-json\/wp\/v2\/pages\/1197","targetHints":{"allow":["GET"]}}],"collection":[{"href":"https:\/\/www.archspm.org\/es\/wp-json\/wp\/v2\/pages"}],"about":[{"href":"https:\/\/www.archspm.org\/es\/wp-json\/wp\/v2\/types\/page"}],"author":[{"embeddable":true,"href":"https:\/\/www.archspm.org\/es\/wp-json\/wp\/v2\/users\/2"}],"replies":[{"embeddable":true,"href":"https:\/\/www.archspm.org\/es\/wp-json\/wp\/v2\/comments?post=1197"}],"version-history":[{"count":0,"href":"https:\/\/www.archspm.org\/es\/wp-json\/wp\/v2\/pages\/1197\/revisions"}],"wp:featuredmedia":[{"embeddable":true,"href":"https:\/\/www.archspm.org\/es\/wp-json\/wp\/v2\/media\/6958"}],"wp:attachment":[{"href":"https:\/\/www.archspm.org\/es\/wp-json\/wp\/v2\/media?parent=1197"}],"curies":[{"name":"wp","href":"https:\/\/api.w.org\/{rel}","templated":true}]}}