{"id":1198,"date":"2019-12-26T21:06:43","date_gmt":"2019-12-27T02:06:43","guid":{"rendered":"https:\/\/www.archspm.org\/come-holy-spirit\/"},"modified":"2019-12-26T21:06:43","modified_gmt":"2019-12-27T02:06:43","slug":"come-holy-spirit","status":"publish","type":"page","link":"https:\/\/www.archspm.org\/es\/come-holy-spirit\/","title":{"rendered":"Ven Esp\u00edritu Santo"},"content":{"rendered":"<h1 class=\"entry-title\">Ven Esp\u00edritu Santo<\/h1>\n<div class=\"entry-content\">\n<p>Ven, Esp\u00edritu Santo,<br \/>\nllena los corazones de tus fieles<br \/>\ny enciende en ellos el fuego de tu amor.<br \/>\nEnv\u00eda tu Esp\u00edritu<br \/>\ny ser\u00e1n creados.<br \/>\nY renovar\u00e1s la faz de la tierra.<\/p>\n<p>Oh, Dios, que por la luz del Esp\u00edritu Santo,<br \/>\ninstruy\u00f3 los corazones de los fieles,<br \/>\nconceda que por el mismo Esp\u00edritu Santo<br \/>\npodamos ser verdaderamente sabios y disfrutar siempre de Sus consuelos,<br \/>\nPor Cristo nuestro Se\u00f1or.<\/p>\n<p>Am\u00e9n.<\/p>\n<p>&nbsp;<\/p>\n<p><em>\u00a92005 Catholic Book Publishing Company. Libro cat\u00f3lico de oraciones.<\/em><\/p>\n<p>Para adquirir el Libro Cat\u00f3lico de Oraciones, acuda a una librer\u00eda cat\u00f3lica o c\u00f3mprelo en l\u00ednea.<\/p>\n<p>Para m\u00e1s oraciones cat\u00f3licas y recursos adicionales, visite la p\u00e1gina\u00a0<a href=\"https:\/\/www.ewtn.com\/catholicism\/devotions\/prayers-69\" target=\"_blank\" rel=\"noopener noreferrer\">P\u00e1gina web de EWTN<\/a>.<\/p>\n<\/div>","protected":false},"excerpt":{"rendered":"<p>Come Holy Spirit Come Holy Spirit, fill the hearts of your faithful and kindle in them the fire of your love. Send forth your Spirit and they shall be created. And You shall renew the face of the earth. O, God, who by the light of the Holy Spirit, did instruct the hearts of the [&hellip;]<\/p>\n","protected":false},"author":2,"featured_media":6958,"parent":0,"menu_order":0,"comment_status":"closed","ping_status":"closed","template":"","meta":{"footnotes":""},"class_list":["post-1198","page","type-page","status-publish","has-post-thumbnail","hentry"],"_links":{"self":[{"href":"https:\/\/www.archspm.org\/es\/wp-json\/wp\/v2\/pages\/1198","targetHints":{"allow":["GET"]}}],"collection":[{"href":"https:\/\/www.archspm.org\/es\/wp-json\/wp\/v2\/pages"}],"about":[{"href":"https:\/\/www.archspm.org\/es\/wp-json\/wp\/v2\/types\/page"}],"author":[{"embeddable":true,"href":"https:\/\/www.archspm.org\/es\/wp-json\/wp\/v2\/users\/2"}],"replies":[{"embeddable":true,"href":"https:\/\/www.archspm.org\/es\/wp-json\/wp\/v2\/comments?post=1198"}],"version-history":[{"count":0,"href":"https:\/\/www.archspm.org\/es\/wp-json\/wp\/v2\/pages\/1198\/revisions"}],"wp:featuredmedia":[{"embeddable":true,"href":"https:\/\/www.archspm.org\/es\/wp-json\/wp\/v2\/media\/6958"}],"wp:attachment":[{"href":"https:\/\/www.archspm.org\/es\/wp-json\/wp\/v2\/media?parent=1198"}],"curies":[{"name":"wp","href":"https:\/\/api.w.org\/{rel}","templated":true}]}}