{"id":1199,"date":"2019-12-26T21:08:49","date_gmt":"2019-12-27T02:08:49","guid":{"rendered":"https:\/\/www.archspm.org\/veni-creator\/"},"modified":"2019-12-26T21:08:49","modified_gmt":"2019-12-27T02:08:49","slug":"veni-creator","status":"publish","type":"page","link":"https:\/\/www.archspm.org\/es\/veni-creator\/","title":{"rendered":"Veni Creador"},"content":{"rendered":"<h1 class=\"entry-title\">Veni Creador<\/h1>\n<div class=\"entry-content\">\n<p>Veni Creador<br \/>\n\u00a1Ven, oh Esp\u00edritu Creador bendito!<br \/>\nY en nuestras almas encuentra Tu descanso;<br \/>\nVen con tu gracia y tu ayuda celestial,<br \/>\nPara llenar los corazones que T\u00fa has creado.<br \/>\n\u00a1Gran Par\u00e1clito! A ti clamamos,<br \/>\n\u00a1Oh, don supremo del Dios alt\u00edsimo!<br \/>\n\u00a1Oh, fuente de vida! \u00a1Oh, fuego de amor!<br \/>\nY la dulce unci\u00f3n que viene de lo alto.<\/p>\n<p>T\u00fa eres conocido por tus siete dones,<br \/>\nEl dedo de la mano de Dios nos pertenece;<br \/>\n\u00a1T\u00fa, la promesa del Padre!<br \/>\n\u00bfQui\u00e9n dota a la lengua de poder?.<\/p>\n<p>Despierta nuestros sentidos desde lo alto,<br \/>\nY que nuestros corazones se desborden de amor;<br \/>\nCon firme paciencia y elevada virtud<br \/>\nLa fragilidad de nuestra naturaleza humana.<\/p>\n<p>Que el enemigo que tanto tememos se aleje de nosotros,<br \/>\nY conc\u00e9denos, en cambio, Tu verdadera paz;<br \/>\n\u00bfAcaso no lo haremos, contigo como gu\u00eda,<br \/>\nApartarse del camino de la vida.<\/p>\n<p>Oh, que Tu gracia se derrame sobre nosotros<br \/>\nConocer al Padre y al Hijo,<br \/>\nY a ti, a quien he confesado a lo largo de tiempos infinitos,<br \/>\nDe ambos, el Esp\u00edritu eterno y bendito.<\/p>\n<p>Toda la gloria mientras transcurren los siglos<br \/>\nQue sea al Padre y al Hijo<br \/>\nQuien resucit\u00f3 de entre los muertos; el mismo para ti,<br \/>\nOh Esp\u00edritu Santo, por los siglos de los siglos.<\/p>\n<p>Am\u00e9n.<\/p>\n<p>Para m\u00e1s oraciones cat\u00f3licas y recursos adicionales, visite la p\u00e1gina\u00a0<a href=\"https:\/\/www.ewtn.com\/catholicism\/devotions\/prayers-69\" target=\"_blank\" rel=\"noopener noreferrer\">P\u00e1gina web de EWTN<\/a>.<\/p>\n<\/div>","protected":false},"excerpt":{"rendered":"<p>Veni Creator Veni Creator Come, O Creator Spirit blest! And in our souls take up Thy rest; Come with Thy grace and heavenly aid, To fill the hearts which Thou hast made. Great Paraclete! To Thee we cry, O highest gift of God most high! O font of life! O fire of love! And sweet [&hellip;]<\/p>\n","protected":false},"author":2,"featured_media":6958,"parent":0,"menu_order":0,"comment_status":"closed","ping_status":"closed","template":"","meta":{"footnotes":""},"class_list":["post-1199","page","type-page","status-publish","has-post-thumbnail","hentry"],"_links":{"self":[{"href":"https:\/\/www.archspm.org\/es\/wp-json\/wp\/v2\/pages\/1199","targetHints":{"allow":["GET"]}}],"collection":[{"href":"https:\/\/www.archspm.org\/es\/wp-json\/wp\/v2\/pages"}],"about":[{"href":"https:\/\/www.archspm.org\/es\/wp-json\/wp\/v2\/types\/page"}],"author":[{"embeddable":true,"href":"https:\/\/www.archspm.org\/es\/wp-json\/wp\/v2\/users\/2"}],"replies":[{"embeddable":true,"href":"https:\/\/www.archspm.org\/es\/wp-json\/wp\/v2\/comments?post=1199"}],"version-history":[{"count":0,"href":"https:\/\/www.archspm.org\/es\/wp-json\/wp\/v2\/pages\/1199\/revisions"}],"wp:featuredmedia":[{"embeddable":true,"href":"https:\/\/www.archspm.org\/es\/wp-json\/wp\/v2\/media\/6958"}],"wp:attachment":[{"href":"https:\/\/www.archspm.org\/es\/wp-json\/wp\/v2\/media?parent=1199"}],"curies":[{"name":"wp","href":"https:\/\/api.w.org\/{rel}","templated":true}]}}