{"id":1200,"date":"2019-12-26T21:13:18","date_gmt":"2019-12-27T02:13:18","guid":{"rendered":"https:\/\/www.archspm.org\/anima-christi\/"},"modified":"2019-12-26T21:13:18","modified_gmt":"2019-12-27T02:13:18","slug":"anima-christi","status":"publish","type":"page","link":"https:\/\/www.archspm.org\/es\/anima-christi\/","title":{"rendered":"Anima Christi"},"content":{"rendered":"<h1 class=\"entry-title\">Anima Christi<\/h1>\n<div class=\"entry-content\">\n<p><em>El \u00abAnima Christi\u00bb es una oraci\u00f3n que data aproximadamente del siglo XIV. Todav\u00eda se utiliza ampliamente tras recibir el cuerpo y la sangre de Nuestro Se\u00f1or Jesucristo en la Sagrada Comuni\u00f3n<\/em><em>\u00a0<\/em><\/p>\n<p>Alma de Cristo, santif\u00edcame<br \/>\nCuerpo de Cristo, s\u00e1lvame<br \/>\nSangre de Cristo, embri\u00e1game<br \/>\nAgua del costado de Cristo, l\u00e1vame<br \/>\nPasi\u00f3n de Cristo, fortal\u00e9ceme<br \/>\nOh, buen Jes\u00fas, esc\u00fachame<br \/>\nEsc\u00f3ndeme en tus heridas<br \/>\nNo permitas que me separe de Ti<br \/>\nProt\u00e9jeme del enemigo malicioso<br \/>\nEn la hora de mi muerte, ll\u00e1mame<br \/>\nY ll\u00e1mame para que vaya a Ti<br \/>\nPara que pueda alabarte junto con tus santos<br \/>\ny con tus \u00e1ngeles<br \/>\nPor los siglos de los siglos<br \/>\nAm\u00e9n<\/p>\n<p>&nbsp;<\/p>\n<p><em>\u00a92012 EWTN. Utilizado con permiso.<\/em><\/p>\n<p>Para m\u00e1s oraciones cat\u00f3licas y recursos adicionales, visite la p\u00e1gina\u00a0<a href=\"https:\/\/www.ewtn.com\/catholicism\/devotions\/prayers-69\" target=\"_blank\" rel=\"noopener noreferrer\">P\u00e1gina web de EWTN<\/a>.<\/p>\n<\/div>","protected":false},"excerpt":{"rendered":"<p>Anima Christi The Anima Christi is a prayer from around the 14th century. It is still widely used after receiving the body and blood of Our Lord, Jesus Christ in Holy Communion\u00a0 Soul of Christ, sanctify me Body of Christ, save me Blood of Christ, inebriate me Water from Christ\u2019s side, wash me Passion of [&hellip;]<\/p>\n","protected":false},"author":2,"featured_media":6958,"parent":0,"menu_order":0,"comment_status":"closed","ping_status":"closed","template":"","meta":{"footnotes":""},"class_list":["post-1200","page","type-page","status-publish","has-post-thumbnail","hentry"],"_links":{"self":[{"href":"https:\/\/www.archspm.org\/es\/wp-json\/wp\/v2\/pages\/1200","targetHints":{"allow":["GET"]}}],"collection":[{"href":"https:\/\/www.archspm.org\/es\/wp-json\/wp\/v2\/pages"}],"about":[{"href":"https:\/\/www.archspm.org\/es\/wp-json\/wp\/v2\/types\/page"}],"author":[{"embeddable":true,"href":"https:\/\/www.archspm.org\/es\/wp-json\/wp\/v2\/users\/2"}],"replies":[{"embeddable":true,"href":"https:\/\/www.archspm.org\/es\/wp-json\/wp\/v2\/comments?post=1200"}],"version-history":[{"count":0,"href":"https:\/\/www.archspm.org\/es\/wp-json\/wp\/v2\/pages\/1200\/revisions"}],"wp:featuredmedia":[{"embeddable":true,"href":"https:\/\/www.archspm.org\/es\/wp-json\/wp\/v2\/media\/6958"}],"wp:attachment":[{"href":"https:\/\/www.archspm.org\/es\/wp-json\/wp\/v2\/media?parent=1200"}],"curies":[{"name":"wp","href":"https:\/\/api.w.org\/{rel}","templated":true}]}}