{"id":1202,"date":"2019-12-26T21:52:08","date_gmt":"2019-12-27T02:52:08","guid":{"rendered":"https:\/\/www.archspm.org\/christs-candle-of-hope\/"},"modified":"2019-12-26T21:52:08","modified_gmt":"2019-12-27T02:52:08","slug":"christs-candle-of-hope","status":"publish","type":"page","link":"https:\/\/www.archspm.org\/es\/christs-candle-of-hope\/","title":{"rendered":"La vela de esperanza de Cristo"},"content":{"rendered":"<h1 class=\"entry-title\">La vela de esperanza de Cristo<\/h1>\n<div class=\"entry-content\">\n<p>Dios, nuestro Padre amoroso, enviaste a tu Hijo,<br \/>\nJesucristo, vino a este mundo para hacer frente a<br \/>\ntodas las fuerzas del mal: el pecado, el sufrimiento y la muerte,<br \/>\ny vencer el mal con la fuerza del bien;<br \/>\nel odio con el poder del amor,<br \/>\ntu gran amor por nosotros en Jes\u00fas.<\/p>\n<p>Ay\u00fadanos a no maldecir nunca la oscuridad,<br \/>\nsino para unirme a ustedes en la tarea de<br \/>\nTu luz en este mundo,<br \/>\nla luz que es tu Hijo,<br \/>\nnacido de la Virgen Mar\u00eda, en Bel\u00e9n.<br \/>\nAy\u00fadanos a ser instrumentos de tu luz<br \/>\ny amar mediante un gesto especial de bondad<br \/>\no al ser tu instrumento especial<br \/>\nde reconciliaci\u00f3n en este A\u00f1o Nuevo.<\/p>\n<p>Que la vela de Cristo que encendemos simbolice<br \/>\nnuestro deseo de llevar la luz a un mundo de oscuridad<br \/>\ny esperanza en un mundo de desesperaci\u00f3n.<br \/>\nTe lo pedimos por Cristo nuestro Se\u00f1or.<\/p>\n<p>Am\u00e9n.<\/p>\n<p>&nbsp;<\/p>\n<p><em>\u00a92012 EWTN. Utilizado con permiso.<\/em><\/p>\n<p>Para m\u00e1s oraciones cat\u00f3licas y recursos adicionales, visite la p\u00e1gina\u00a0<a href=\"https:\/\/www.ewtn.com\/catholicism\/devotions\/prayers-69\" target=\"_blank\" rel=\"noopener noreferrer\">P\u00e1gina web de EWTN<\/a>.<\/p>\n<\/div>","protected":false},"excerpt":{"rendered":"<p>Christ\u2019s Candle of Hope God, our loving Father, you sent your Son, Jesus Christ, into this world to counter all the forces of evil: sin, suffering and death, and to overcome evil with the force of good; hatred with the power of love, your great love for us in Jesus. Help us never to curse [&hellip;]<\/p>\n","protected":false},"author":2,"featured_media":6958,"parent":0,"menu_order":0,"comment_status":"closed","ping_status":"closed","template":"","meta":{"footnotes":""},"class_list":["post-1202","page","type-page","status-publish","has-post-thumbnail","hentry"],"_links":{"self":[{"href":"https:\/\/www.archspm.org\/es\/wp-json\/wp\/v2\/pages\/1202","targetHints":{"allow":["GET"]}}],"collection":[{"href":"https:\/\/www.archspm.org\/es\/wp-json\/wp\/v2\/pages"}],"about":[{"href":"https:\/\/www.archspm.org\/es\/wp-json\/wp\/v2\/types\/page"}],"author":[{"embeddable":true,"href":"https:\/\/www.archspm.org\/es\/wp-json\/wp\/v2\/users\/2"}],"replies":[{"embeddable":true,"href":"https:\/\/www.archspm.org\/es\/wp-json\/wp\/v2\/comments?post=1202"}],"version-history":[{"count":0,"href":"https:\/\/www.archspm.org\/es\/wp-json\/wp\/v2\/pages\/1202\/revisions"}],"wp:featuredmedia":[{"embeddable":true,"href":"https:\/\/www.archspm.org\/es\/wp-json\/wp\/v2\/media\/6958"}],"wp:attachment":[{"href":"https:\/\/www.archspm.org\/es\/wp-json\/wp\/v2\/media?parent=1202"}],"curies":[{"name":"wp","href":"https:\/\/api.w.org\/{rel}","templated":true}]}}