{"id":1204,"date":"2019-12-26T21:54:54","date_gmt":"2019-12-27T02:54:54","guid":{"rendered":"https:\/\/www.archspm.org\/litany-of-humility\/"},"modified":"2019-12-26T21:54:54","modified_gmt":"2019-12-27T02:54:54","slug":"litany-of-humility","status":"publish","type":"page","link":"https:\/\/www.archspm.org\/es\/litany-of-humility\/","title":{"rendered":"Letan\u00eda de la humildad"},"content":{"rendered":"<h1 class=\"entry-title\">Letan\u00eda de la humildad<\/h1>\n<div class=\"entry-content\">\n<p>\u00a1Oh, Jes\u00fas, manso y humilde de coraz\u00f3n, esc\u00fachame!.<\/p>\n<p>De<em>\u00a0<\/em>el deseo de ser apreciado,<br \/>\nL\u00edbrame, Jes\u00fas.<\/p>\n<p>Del deseo de ser amado\u2026<br \/>\nPor el deseo de ser alabado\u2026<br \/>\nPor el deseo de ser honrado\u2026<br \/>\nPor el deseo de ser elogiado\u2026<br \/>\nDel deseo de ser preferido a los dem\u00e1s\u2026<br \/>\nPor el deseo de que se le consulte\u2026<br \/>\nPor el deseo de ser aceptado\u2026<br \/>\nPor miedo a que me humillen\u2026<br \/>\nDe<em>\u00a0<\/em>el miedo a ser despreciado\u2026<br \/>\nPor miedo a recibir reprimendas\u2026<br \/>\nPor miedo a ser calumniado\u2026<br \/>\nPor miedo a ser olvidado\u2026<br \/>\nPor miedo a que se burlen de m\u00ed\u2026<br \/>\nPor miedo a que me hagan da\u00f1o\u2026<br \/>\nPor miedo a que sospechen de m\u00ed\u2026<\/p>\n<p>Para que otros sean m\u00e1s queridos que yo,<strong><br \/>\nJes\u00fas, conc\u00e9deme la gracia de desearlo.<\/strong><strong>\u00a0<\/strong><\/p>\n<p>Para que otros sean m\u00e1s estimados que yo\u2026<br \/>\nEso, en opini\u00f3n del mundo,<br \/>\npuede que otros crezcan y yo disminuya\u2026<br \/>\nPara que otros sean elegidos y yo quede descartado\u2026<br \/>\nQue otros sean alabados y yo pase desapercibido\u2026<br \/>\nQue los dem\u00e1s sean preferidos a m\u00ed en todo\u2026<br \/>\nQue los dem\u00e1s sean m\u00e1s santos que yo, siempre y cuando yo llegue a ser tan santo como debo serlo\u2026<\/p>\n<p><em>\u2014Rafael<\/em>\u00a0<em>Cardenal Merry del Val (1865-1930), secretario de Estado del papa San P\u00edo X<\/em><\/p>\n<p>&nbsp;<\/p>\n<p><em>\u00a92012 EWTN. Utilizado con permiso.<\/em><\/p>\n<p>Para m\u00e1s oraciones cat\u00f3licas y recursos adicionales, visite la p\u00e1gina\u00a0<a href=\"https:\/\/www.ewtn.com\/catholicism\/devotions\/prayers-69\" target=\"_blank\" rel=\"noopener noreferrer\">P\u00e1gina web de EWTN<\/a>.<\/p>\n<\/div>","protected":false},"excerpt":{"rendered":"<p>Litany of Humility O Jesus! meek and humble of heart,\u00a0Hear me. From\u00a0the desire of being esteemed, Deliver me, Jesus. From the desire of being loved\u2026 From the desire of being extolled \u2026 From the desire of being honored \u2026 From the desire of being praised \u2026 From the desire of being preferred to others\u2026 From [&hellip;]<\/p>\n","protected":false},"author":2,"featured_media":6958,"parent":0,"menu_order":0,"comment_status":"closed","ping_status":"closed","template":"","meta":{"footnotes":""},"class_list":["post-1204","page","type-page","status-publish","has-post-thumbnail","hentry"],"_links":{"self":[{"href":"https:\/\/www.archspm.org\/es\/wp-json\/wp\/v2\/pages\/1204","targetHints":{"allow":["GET"]}}],"collection":[{"href":"https:\/\/www.archspm.org\/es\/wp-json\/wp\/v2\/pages"}],"about":[{"href":"https:\/\/www.archspm.org\/es\/wp-json\/wp\/v2\/types\/page"}],"author":[{"embeddable":true,"href":"https:\/\/www.archspm.org\/es\/wp-json\/wp\/v2\/users\/2"}],"replies":[{"embeddable":true,"href":"https:\/\/www.archspm.org\/es\/wp-json\/wp\/v2\/comments?post=1204"}],"version-history":[{"count":0,"href":"https:\/\/www.archspm.org\/es\/wp-json\/wp\/v2\/pages\/1204\/revisions"}],"wp:featuredmedia":[{"embeddable":true,"href":"https:\/\/www.archspm.org\/es\/wp-json\/wp\/v2\/media\/6958"}],"wp:attachment":[{"href":"https:\/\/www.archspm.org\/es\/wp-json\/wp\/v2\/media?parent=1204"}],"curies":[{"name":"wp","href":"https:\/\/api.w.org\/{rel}","templated":true}]}}