{"id":1205,"date":"2019-12-26T21:56:32","date_gmt":"2019-12-27T02:56:32","guid":{"rendered":"https:\/\/www.archspm.org\/novena-to-the-divine-child-jesus\/"},"modified":"2019-12-26T21:56:32","modified_gmt":"2019-12-27T02:56:32","slug":"novena-to-the-divine-child-jesus","status":"publish","type":"page","link":"https:\/\/www.archspm.org\/es\/novena-to-the-divine-child-jesus\/","title":{"rendered":"Novena al Divino Ni\u00f1o Jes\u00fas"},"content":{"rendered":"<h1 class=\"entry-title\">Novena al Divino Ni\u00f1o Jes\u00fas<\/h1>\n<div class=\"entry-content\">\n<p>Divino Ni\u00f1o Jes\u00fas, creemos en Ti; te adoramos; y te amamos; ten piedad de nosotros, pecadores.<\/p>\n<p>Hemos venido a este templo en respuesta a tu amor. Hemos venido en respuesta a tu misericordia y tu gracia. Estamos aqu\u00ed porque t\u00fa nos invitaste a presentarnos ante ti y a derramar ante ti las preocupaciones de nuestro coraz\u00f3n, ya que t\u00fa te preocupas profundamente por cada uno de nosotros.<\/p>\n<p>Recordamos tus palabras a los disc\u00edpulos: Pedid y se os dar\u00e1. Buscad y hallar\u00e9is. Llamad y se os abrir\u00e1. Confiando en tu infinita bondad y confiando en que siempre cumples tu promesa, te pedimos ahora esta intenci\u00f3n que rezamos en el silencio de nuestros corazones (<em>mencionar la solicitud en voz baja<\/em>).<\/p>\n<p>Gracias, Divino Ni\u00f1o Jes\u00fas, por escuchar atentamente nuestras oraciones en todo momento. Esperamos que lo pidas ante nuestro Padre Celestial. Y, si lo que pedimos no es bueno para nuestra salvaci\u00f3n y santificaci\u00f3n, confiamos en que nos conceder\u00e1s lo que realmente necesitamos, para que un d\u00eda podamos estar contigo por toda la eternidad disfrutando de la felicidad suprema del Cielo.<\/p>\n<p>Divino Ni\u00f1o Jes\u00fas, bend\u00edcenos y prot\u00e9genos.<br \/>\nDivino Ni\u00f1o Jes\u00fas, bend\u00edcenos y gu\u00edanos.<br \/>\nDivino Ni\u00f1o Jes\u00fas, bend\u00edcenos y prov\u00e9enos.<\/p>\n<p>Todo esto te lo pedimos por intercesi\u00f3n de tu Santa Madre, Mar\u00eda, y en tu poderoso y Sant\u00edsimo Nombre, Jes\u00fas.<\/p>\n<p>Am\u00e9n<\/p>\n<p>&nbsp;<\/p>\n<p><em>\u00a92012 EWTN. Utilizado con permiso.<\/em><\/p>\n<p>Para m\u00e1s oraciones cat\u00f3licas y recursos adicionales, visite la p\u00e1gina\u00a0<a href=\"https:\/\/www.ewtn.com\/catholicism\/devotions\/prayers-69\" target=\"_blank\" rel=\"noopener noreferrer\">P\u00e1gina web de EWTN<\/a>.<\/p>\n<\/div>","protected":false},"excerpt":{"rendered":"<p>Novena to the Divine Child Jesus Divine Child Jesus, we believe in You; We adore You; and we love You; have mercy on us, sinners. We\u2019ve come to this Temple in response to your love. We\u2019ve come in response to your mercy and grace. We are here because You invited us to come before You [&hellip;]<\/p>\n","protected":false},"author":2,"featured_media":6958,"parent":0,"menu_order":0,"comment_status":"closed","ping_status":"closed","template":"","meta":{"footnotes":""},"class_list":["post-1205","page","type-page","status-publish","has-post-thumbnail","hentry"],"_links":{"self":[{"href":"https:\/\/www.archspm.org\/es\/wp-json\/wp\/v2\/pages\/1205","targetHints":{"allow":["GET"]}}],"collection":[{"href":"https:\/\/www.archspm.org\/es\/wp-json\/wp\/v2\/pages"}],"about":[{"href":"https:\/\/www.archspm.org\/es\/wp-json\/wp\/v2\/types\/page"}],"author":[{"embeddable":true,"href":"https:\/\/www.archspm.org\/es\/wp-json\/wp\/v2\/users\/2"}],"replies":[{"embeddable":true,"href":"https:\/\/www.archspm.org\/es\/wp-json\/wp\/v2\/comments?post=1205"}],"version-history":[{"count":0,"href":"https:\/\/www.archspm.org\/es\/wp-json\/wp\/v2\/pages\/1205\/revisions"}],"wp:featuredmedia":[{"embeddable":true,"href":"https:\/\/www.archspm.org\/es\/wp-json\/wp\/v2\/media\/6958"}],"wp:attachment":[{"href":"https:\/\/www.archspm.org\/es\/wp-json\/wp\/v2\/media?parent=1205"}],"curies":[{"name":"wp","href":"https:\/\/api.w.org\/{rel}","templated":true}]}}