{"id":1206,"date":"2019-12-26T21:58:33","date_gmt":"2019-12-27T02:58:33","guid":{"rendered":"https:\/\/www.archspm.org\/prayer-while-visiting-the-most-blessed-sacrament\/"},"modified":"2019-12-26T21:58:33","modified_gmt":"2019-12-27T02:58:33","slug":"prayer-while-visiting-the-most-blessed-sacrament","status":"publish","type":"page","link":"https:\/\/www.archspm.org\/es\/prayer-while-visiting-the-most-blessed-sacrament\/","title":{"rendered":"Oraci\u00f3n durante la visita al Sant\u00edsimo Sacramento"},"content":{"rendered":"<h1 class=\"entry-title\">Oraci\u00f3n durante la visita al Sant\u00edsimo Sacramento<\/h1>\n<div class=\"entry-content\">\n<p>Se\u00f1or Jesucristo, por el amor que tienes a los hombres, permaneces d\u00eda y noche en este Sacramento lleno de compasi\u00f3n y amor, esperando, llamando y acogiendo a todos los que vienen a visitarte. Creo que est\u00e1s presente en el Sacramento del Altar: te adoro desde el abismo de mi nada y te doy gracias por todas las gracias que me has concedido y, en particular, por haberme dado a ti mismo en este Sacramento, por haberme dado a tu santa Madre Mar\u00eda como mi abogada y por haberme llamado a visitarte en esta capilla.<\/p>\n<p>Ahora saludo a tu Coraz\u00f3n tan amoroso: y esto con tres fines:<\/p>\n<ol>\n<li>En agradecimiento por este gran regalo;<\/li>\n<li>Para reparar todas las ofensas que recibes en este Sacramento por parte de todos tus enemigos;<\/li>\n<li>Con esta visita pretendo adorarte en todos los lugares de la tierra en los que eres menos venerado y m\u00e1s abandonado.<\/li>\n<\/ol>\n<p>Jes\u00fas m\u00edo, te amo con todo mi coraz\u00f3n. Me arrepiento de haber ofendido tantas veces tu infinita bondad. Prometo, con tu ayuda, no ofenderte nunca m\u00e1s en el futuro.<br \/>\nAhora, por miserable e indigno que sea, me consagro a Ti sin reservas;<br \/>\nTe entrego toda mi voluntad, mis afectos, mis deseos y todo lo que poseo. A partir de ahora, disp\u00f3n de m\u00ed y de todo lo que tengo como T\u00fa quieras. Todo lo que te pido y deseo es tu santo amor, la perseverancia final y el perfecto cumplimiento de tu voluntad. Te encomiendo las almas del purgatorio, pero especialmente aquellas que tuvieron la mayor devoci\u00f3n al Sant\u00edsimo Sacramento y a la Sant\u00edsima Virgen Mar\u00eda. Tambi\u00e9n te encomiendo a todos los pobres pecadores.<\/p>\n<p>Mi querido Salvador, uno todos mis afectos a los afectos de tu Coraz\u00f3n tan amoroso; y los ofrezco, as\u00ed unidos, a tu Padre eterno, y le suplico en tu nombre que, por tu amor, se digne aceptarlos.<br \/>\nAm\u00e9n.<\/p>\n<p>-<em>San Alfonso Mar\u00eda de Ligorio<\/em><\/p>\n<p><em>\u00a0<\/em><\/p>\n<p><em>\u00a92012 EWTN. Utilizado con permiso.<\/em><\/p>\n<p>Para m\u00e1s oraciones cat\u00f3licas y recursos adicionales, visite la p\u00e1gina\u00a0<a href=\"https:\/\/www.ewtn.com\/catholicism\/devotions\/prayers-69\" target=\"_blank\" rel=\"noopener noreferrer\">P\u00e1gina web de EWTN<\/a>.<\/p>\n<\/div>","protected":false},"excerpt":{"rendered":"<p>Prayer While Visiting the Most Blessed Sacrament My Lord Jesus Christ,\u00a0for the love which You bear to men, You remain night and day in this Sacrament full of compassion and of love, awaiting, calling, and welcoming all who come to visit You. I believe that You are present in the Sacrament of the Altar: I [&hellip;]<\/p>\n","protected":false},"author":2,"featured_media":6958,"parent":0,"menu_order":0,"comment_status":"closed","ping_status":"closed","template":"","meta":{"footnotes":""},"class_list":["post-1206","page","type-page","status-publish","has-post-thumbnail","hentry"],"_links":{"self":[{"href":"https:\/\/www.archspm.org\/es\/wp-json\/wp\/v2\/pages\/1206","targetHints":{"allow":["GET"]}}],"collection":[{"href":"https:\/\/www.archspm.org\/es\/wp-json\/wp\/v2\/pages"}],"about":[{"href":"https:\/\/www.archspm.org\/es\/wp-json\/wp\/v2\/types\/page"}],"author":[{"embeddable":true,"href":"https:\/\/www.archspm.org\/es\/wp-json\/wp\/v2\/users\/2"}],"replies":[{"embeddable":true,"href":"https:\/\/www.archspm.org\/es\/wp-json\/wp\/v2\/comments?post=1206"}],"version-history":[{"count":0,"href":"https:\/\/www.archspm.org\/es\/wp-json\/wp\/v2\/pages\/1206\/revisions"}],"wp:featuredmedia":[{"embeddable":true,"href":"https:\/\/www.archspm.org\/es\/wp-json\/wp\/v2\/media\/6958"}],"wp:attachment":[{"href":"https:\/\/www.archspm.org\/es\/wp-json\/wp\/v2\/media?parent=1206"}],"curies":[{"name":"wp","href":"https:\/\/api.w.org\/{rel}","templated":true}]}}