{"id":1207,"date":"2019-12-26T22:00:12","date_gmt":"2019-12-27T03:00:12","guid":{"rendered":"https:\/\/www.archspm.org\/act-of-consecration-to-the-sacred-heart-of-jesus\/"},"modified":"2019-12-26T22:00:12","modified_gmt":"2019-12-27T03:00:12","slug":"act-of-consecration-to-the-sacred-heart-of-jesus","status":"publish","type":"page","link":"https:\/\/www.archspm.org\/es\/act-of-consecration-to-the-sacred-heart-of-jesus\/","title":{"rendered":"Acto de Consagraci\u00f3n al Sagrado Coraz\u00f3n de Jes\u00fas"},"content":{"rendered":"<h1 class=\"entry-title\">Acto de Consagraci\u00f3n al Sagrado Coraz\u00f3n de Jes\u00fas<\/h1>\n<div class=\"entry-content\">\n<p>Me entrego y consagro al Sagrado Coraz\u00f3n de nuestro Se\u00f1or Jesucristo, mi persona y mi vida, mis acciones, dolores y sufrimientos, para que no est\u00e9 dispuesto a emplear ninguna parte de mi ser que no sea para honrar, amar y glorificar al Sagrado Coraz\u00f3n. Este es mi prop\u00f3sito inquebrantable: ser todo suyo y hacer todo por amor a \u00c9l, renunciando al mismo tiempo con todo mi coraz\u00f3n a todo lo que le desagrada. Por eso te tomo, oh Sagrado Coraz\u00f3n, como \u00fanico objeto de mi amor, guardi\u00e1n de mi vida, garant\u00eda de mi salvaci\u00f3n, remedio de mi debilidad e inconstancia, expiaci\u00f3n de todas las faltas de mi vida y refugio seguro en la hora de la muerte.<\/p>\n<p>S\u00e9, pues, oh Coraz\u00f3n de bondad, mi justificaci\u00f3n ante Dios Padre, y aparta de m\u00ed los golpes de su justa ira. Oh Coraz\u00f3n de amor, pongo toda mi confianza en Ti, pues temo todo por mi propia maldad y fragilidad, pero espero todo de Tu bondad y generosidad.<\/p>\n<p>Quita de m\u00ed todo lo que pueda desagradarte o oponerse a tu santa voluntad; deja que tu amor puro grabe tu imagen tan profundamente en mi coraz\u00f3n, que nunca pueda olvidarte ni separarme de ti.<\/p>\n<p>Que por toda Tu bondad pueda obtener la gracia de que mi nombre quede grabado en Tu Coraz\u00f3n, pues en Ti deseo depositar toda mi felicidad y gloria, viviendo y muriendo en uni\u00f3n contigo.<\/p>\n<p>Am\u00e9n.<\/p>\n<p>-<em>Santa Margarita Mar\u00eda Alacoque<\/em><\/p>\n<p>&nbsp;<\/p>\n<p><em>\u00a92012 EWTN. Utilizado con permiso.<\/em><\/p>\n<p>Para m\u00e1s oraciones cat\u00f3licas y recursos adicionales, visite la p\u00e1gina\u00a0<a href=\"https:\/\/www.ewtn.com\/catholicism\/devotions\/prayers-69\" target=\"_blank\" rel=\"noopener noreferrer\">P\u00e1gina web de EWTN<\/a>.<\/p>\n<\/div>","protected":false},"excerpt":{"rendered":"<p>Act of Consecration to the Sacred Heart of Jesus I give myself and consecrate to the Sacred Heart of our Lord Jesus Christ, my person and my life, my actions, pains and sufferings, so that I may be unwilling to make use of any part of my being other than to honor, love and glorify [&hellip;]<\/p>\n","protected":false},"author":2,"featured_media":6958,"parent":0,"menu_order":0,"comment_status":"closed","ping_status":"closed","template":"","meta":{"footnotes":""},"class_list":["post-1207","page","type-page","status-publish","has-post-thumbnail","hentry"],"_links":{"self":[{"href":"https:\/\/www.archspm.org\/es\/wp-json\/wp\/v2\/pages\/1207","targetHints":{"allow":["GET"]}}],"collection":[{"href":"https:\/\/www.archspm.org\/es\/wp-json\/wp\/v2\/pages"}],"about":[{"href":"https:\/\/www.archspm.org\/es\/wp-json\/wp\/v2\/types\/page"}],"author":[{"embeddable":true,"href":"https:\/\/www.archspm.org\/es\/wp-json\/wp\/v2\/users\/2"}],"replies":[{"embeddable":true,"href":"https:\/\/www.archspm.org\/es\/wp-json\/wp\/v2\/comments?post=1207"}],"version-history":[{"count":0,"href":"https:\/\/www.archspm.org\/es\/wp-json\/wp\/v2\/pages\/1207\/revisions"}],"wp:featuredmedia":[{"embeddable":true,"href":"https:\/\/www.archspm.org\/es\/wp-json\/wp\/v2\/media\/6958"}],"wp:attachment":[{"href":"https:\/\/www.archspm.org\/es\/wp-json\/wp\/v2\/media?parent=1207"}],"curies":[{"name":"wp","href":"https:\/\/api.w.org\/{rel}","templated":true}]}}