{"id":1208,"date":"2019-12-26T22:01:43","date_gmt":"2019-12-27T03:01:43","guid":{"rendered":"https:\/\/www.archspm.org\/prayer-of-thanksgiving-to-the-trinity\/"},"modified":"2019-12-26T22:01:43","modified_gmt":"2019-12-27T03:01:43","slug":"prayer-of-thanksgiving-to-the-trinity","status":"publish","type":"page","link":"https:\/\/www.archspm.org\/es\/prayer-of-thanksgiving-to-the-trinity\/","title":{"rendered":"Oraci\u00f3n de acci\u00f3n de gracias a la Trinidad"},"content":{"rendered":"<h1 class=\"entry-title\">Oraci\u00f3n de acci\u00f3n de gracias a la Trinidad<\/h1>\n<div class=\"entry-content\">\n<p><em>Acto de acci\u00f3n de gracias a la Trinidad,\u00a0<\/em>del \u00abDi\u00e1logo sobre la Divina Providencia\u00bb de Santa Catalina<\/p>\n<p>\u00a1Oh Dios eterno! \u00a1Oh Trinidad eterna! \u00a1Por la uni\u00f3n de tu naturaleza divina has hecho tan preciosa la Sangre de tu Hijo unig\u00e9nito! Oh Trinidad eterna, eres un misterio tan profundo como el mar, en el que cuanto m\u00e1s busco, m\u00e1s encuentro; y cuanto m\u00e1s encuentro, m\u00e1s busco. Porque, incluso sumergida en las profundidades de Ti, mi alma nunca est\u00e1 satisfecha, siempre hambrienta y sedienta de Ti, Trinidad eterna, anhelando y deseando verte a Ti, la Verdadera Luz.<\/p>\n<p>Oh Trinidad eterna, con la luz del entendimiento he saboreado y contemplado las profundidades de tu misterio y la belleza de tu creaci\u00f3n. Al verme a m\u00ed mismo en ti, he comprendido que llegar\u00e9 a ser como t\u00fa. Oh Padre eterno, desde tu poder y tu sabidur\u00eda me has concedido claramente una parte de esa sabidur\u00eda que pertenece a tu Hijo Unig\u00e9nito. Y verdaderamente el Esp\u00edritu Santo, que procede de Ti, Padre y Hijo, me ha dado el deseo de amarte.<\/p>\n<p>Oh, Trinidad eterna, T\u00fa eres mi Creador y yo soy Tu creaci\u00f3n. Iluminado por Ti, he aprendido que me has hecho una nueva creaci\u00f3n por medio de la Sangre de Tu Hijo Unig\u00e9nito, porque est\u00e1s cautivado por el amor ante la belleza de Tu creaci\u00f3n.<\/p>\n<p>Oh, Trinidad eterna, oh, Divinidad, oh, abismo insondable, oh, mar m\u00e1s profundo, \u00bfqu\u00e9 mayor don podr\u00edas darme que tu propio Ser? Eres un fuego que arde eternamente sin consumirse jam\u00e1s, un fuego que consume con tu calor mi amor propio. Una y otra vez eres el fuego que aleja toda frialdad de coraz\u00f3n e ilumina la mente con Tu luz, la luz con la que me has hecho conocer Tu verdad.<\/p>\n<p>Por esta luz reflejada s\u00e9 que T\u00fa eres el bien supremo, un bien por encima de todo bien, un bien dichoso, un bien incomprensible, un bien inconmensurable, una belleza por encima de toda belleza, una sabidur\u00eda por encima de toda sabidur\u00eda, pues T\u00fa eres la sabidur\u00eda misma, el alimento de los \u00e1ngeles, el fuego del amor que T\u00fa das al hombre.<\/p>\n<p>T\u00fa eres el manto que cubre nuestra desnudez. T\u00fa alimentas a nuestra familia con Tu dulzura, una dulzura que proviene de Ti y en la que no hay rastro alguno de amargura. \u00a1Oh, Trinidad Eterna! Am\u00e9n.<\/p>\n<p>-<em>Santa Catalina de Siena (1347-1380), Doctora de la Iglesia<\/em><\/p>\n<p>&nbsp;<\/p>\n<p><strong>Oraci\u00f3n trinitaria<\/strong><\/p>\n<p>Que el amor de Jes\u00fas nos llene.<br \/>\nEsp\u00edritu Santo, gu\u00edanos.<br \/>\nH\u00e1gase la voluntad del Padre.<\/p>\n<p>&nbsp;<\/p>\n<p><em>\u00a92012 EWTN. Utilizado con permiso.<\/em><\/p>\n<p>Para m\u00e1s oraciones cat\u00f3licas y recursos adicionales, visite la p\u00e1gina\u00a0<a href=\"https:\/\/www.ewtn.com\/catholicism\/devotions\/prayers-69\" target=\"_blank\" rel=\"noopener noreferrer\">P\u00e1gina web de EWTN<\/a>.<\/p>\n<\/div>","protected":false},"excerpt":{"rendered":"<p>Prayer of Thanksgiving to the Trinity Act of Thanksgiving to the Trinity,\u00a0from St. Catherine\u2019s Dialogue on Divine Providence O Eternal God! O Eternal Trinity! Through the union of Thy divine nature Thou hast made so precious the Blood of Thine only-begotten Son! O eternal Trinity, Thou art as deep a mystery as the sea, in [&hellip;]<\/p>\n","protected":false},"author":2,"featured_media":6958,"parent":0,"menu_order":0,"comment_status":"closed","ping_status":"closed","template":"","meta":{"footnotes":""},"class_list":["post-1208","page","type-page","status-publish","has-post-thumbnail","hentry"],"_links":{"self":[{"href":"https:\/\/www.archspm.org\/es\/wp-json\/wp\/v2\/pages\/1208","targetHints":{"allow":["GET"]}}],"collection":[{"href":"https:\/\/www.archspm.org\/es\/wp-json\/wp\/v2\/pages"}],"about":[{"href":"https:\/\/www.archspm.org\/es\/wp-json\/wp\/v2\/types\/page"}],"author":[{"embeddable":true,"href":"https:\/\/www.archspm.org\/es\/wp-json\/wp\/v2\/users\/2"}],"replies":[{"embeddable":true,"href":"https:\/\/www.archspm.org\/es\/wp-json\/wp\/v2\/comments?post=1208"}],"version-history":[{"count":0,"href":"https:\/\/www.archspm.org\/es\/wp-json\/wp\/v2\/pages\/1208\/revisions"}],"wp:featuredmedia":[{"embeddable":true,"href":"https:\/\/www.archspm.org\/es\/wp-json\/wp\/v2\/media\/6958"}],"wp:attachment":[{"href":"https:\/\/www.archspm.org\/es\/wp-json\/wp\/v2\/media?parent=1208"}],"curies":[{"name":"wp","href":"https:\/\/api.w.org\/{rel}","templated":true}]}}