{"id":1209,"date":"2019-12-26T22:11:26","date_gmt":"2019-12-27T03:11:26","guid":{"rendered":"https:\/\/www.archspm.org\/hail-holy-queen\/"},"modified":"2019-12-26T22:11:26","modified_gmt":"2019-12-27T03:11:26","slug":"hail-holy-queen","status":"publish","type":"page","link":"https:\/\/www.archspm.org\/es\/hail-holy-queen\/","title":{"rendered":"Dios te salve, Santa Reina"},"content":{"rendered":"<h1 class=\"entry-title\">Dios te salve, Santa Reina<\/h1>\n<div class=\"entry-content\">\n<p>Salve, Reina,<br \/>\nMadre de misericordia,<br \/>\nnuestra vida, nuestra dulzura y nuestra esperanza.<br \/>\nA ti clamamos,<br \/>\npobres hijos desterrados de Eva:<br \/>\nA ti elevamos nuestros suspiros,<br \/>\nllorando y lament\u00e1ndonos en este valle de l\u00e1grimas.<br \/>\nDa entonces la vuelta,<br \/>\nnuestro bondadoso defensor,<br \/>\nvuestros ojos misericordiosos hacia nosotros,<br \/>\ny tras este exilio nuestro,<br \/>\nMu\u00e9stranos a Jes\u00fas, el fruto bendito de tu vientre,<br \/>\nOh, clemente, oh, amoroso,<br \/>\n\u00a1Oh, dulce Virgen Mar\u00eda!<\/p>\n<p>Am\u00e9n.<\/p>\n<p>&nbsp;<\/p>\n<p><em>\u00a92005 Catholic Book Publishing Company. Libro cat\u00f3lico de oraciones.<\/em><\/p>\n<p>Para adquirir el Libro Cat\u00f3lico de Oraciones, acuda a una librer\u00eda cat\u00f3lica o c\u00f3mprelo en l\u00ednea.<\/p>\n<p>Para m\u00e1s oraciones cat\u00f3licas y recursos adicionales, visite la p\u00e1gina\u00a0<a href=\"https:\/\/www.ewtn.com\/catholicism\/devotions\/prayers-69\" target=\"_blank\" rel=\"noopener noreferrer\">P\u00e1gina web de EWTN<\/a>.<\/p>\n<\/div>","protected":false},"excerpt":{"rendered":"<p>Hail Holy Queen Hail, holy Queen, Mother of mercy, our life, our sweetness and our hope. To thee do we cry, poor banished children of Eve: to thee do we send up our sighs, mourning and weeping in this valley of tears. Turn then, most gracious advocate, thine eyes of mercy toward us, and after [&hellip;]<\/p>\n","protected":false},"author":2,"featured_media":6958,"parent":0,"menu_order":0,"comment_status":"closed","ping_status":"closed","template":"","meta":{"footnotes":""},"class_list":["post-1209","page","type-page","status-publish","has-post-thumbnail","hentry"],"_links":{"self":[{"href":"https:\/\/www.archspm.org\/es\/wp-json\/wp\/v2\/pages\/1209","targetHints":{"allow":["GET"]}}],"collection":[{"href":"https:\/\/www.archspm.org\/es\/wp-json\/wp\/v2\/pages"}],"about":[{"href":"https:\/\/www.archspm.org\/es\/wp-json\/wp\/v2\/types\/page"}],"author":[{"embeddable":true,"href":"https:\/\/www.archspm.org\/es\/wp-json\/wp\/v2\/users\/2"}],"replies":[{"embeddable":true,"href":"https:\/\/www.archspm.org\/es\/wp-json\/wp\/v2\/comments?post=1209"}],"version-history":[{"count":0,"href":"https:\/\/www.archspm.org\/es\/wp-json\/wp\/v2\/pages\/1209\/revisions"}],"wp:featuredmedia":[{"embeddable":true,"href":"https:\/\/www.archspm.org\/es\/wp-json\/wp\/v2\/media\/6958"}],"wp:attachment":[{"href":"https:\/\/www.archspm.org\/es\/wp-json\/wp\/v2\/media?parent=1209"}],"curies":[{"name":"wp","href":"https:\/\/api.w.org\/{rel}","templated":true}]}}