{"id":1211,"date":"2019-12-26T22:15:06","date_gmt":"2019-12-27T03:15:06","guid":{"rendered":"https:\/\/www.archspm.org\/regina-coeli\/"},"modified":"2019-12-26T22:15:06","modified_gmt":"2019-12-27T03:15:06","slug":"regina-coeli","status":"publish","type":"page","link":"https:\/\/www.archspm.org\/es\/regina-coeli\/","title":{"rendered":"Regina Coeli"},"content":{"rendered":"<h1 class=\"entry-title\">Regina Coeli<\/h1>\n<div class=\"entry-content\">\n<p>(<em>Para la \u00e9poca de Pascua<\/em>)<\/p>\n<p>Reina del Cielo, al\u00e9grate, aleluya. \/ Por Aquel a quien mereciste dar a luz, aleluya.<\/p>\n<p>Ha resucitado, como \u00e9l dijo, aleluya. \/ Ruega por nosotros a Dios, aleluya.<\/p>\n<p>Al\u00e9grate y regoc\u00edjate, oh Virgen Mar\u00eda, aleluya. \/ Porque el Se\u00f1or ha resucitado verdaderamente, aleluya.<\/p>\n<p>Oremos. Oh Dios, que diste alegr\u00eda al mundo mediante la resurrecci\u00f3n de tu Hijo, nuestro Se\u00f1or Jesucristo, te suplicamos que, por intercesi\u00f3n de la Virgen Mar\u00eda, su Madre, podamos alcanzar las alegr\u00edas de la vida eterna. Por Cristo nuestro Se\u00f1or.<\/p>\n<p>Am\u00e9n.<\/p>\n<p>&nbsp;<\/p>\n<p><em>\u00a92012 EWTN. Utilizado con permiso.<\/em><\/p>\n<p>Para m\u00e1s oraciones cat\u00f3licas y recursos adicionales, visite la p\u00e1gina\u00a0<a href=\"https:\/\/www.ewtn.com\/catholicism\/devotions\/prayers-69\" target=\"_blank\" rel=\"noopener noreferrer\">P\u00e1gina web de EWTN<\/a>.<\/p>\n<\/div>","protected":false},"excerpt":{"rendered":"<p>Regina Coeli (For Easter time) Queen of Heaven, rejoice, alleluia. \/ For He whom you did merit to bear, alleluia. Has risen, as he said, alleluia. \/ Pray for us to God, alleluia. Rejoice and be glad, O Virgin Mary, alleluia. \/ For the Lord has truly risen, alleluia. Let us pray. O God, who [&hellip;]<\/p>\n","protected":false},"author":2,"featured_media":6958,"parent":0,"menu_order":0,"comment_status":"closed","ping_status":"closed","template":"","meta":{"footnotes":""},"class_list":["post-1211","page","type-page","status-publish","has-post-thumbnail","hentry"],"_links":{"self":[{"href":"https:\/\/www.archspm.org\/es\/wp-json\/wp\/v2\/pages\/1211","targetHints":{"allow":["GET"]}}],"collection":[{"href":"https:\/\/www.archspm.org\/es\/wp-json\/wp\/v2\/pages"}],"about":[{"href":"https:\/\/www.archspm.org\/es\/wp-json\/wp\/v2\/types\/page"}],"author":[{"embeddable":true,"href":"https:\/\/www.archspm.org\/es\/wp-json\/wp\/v2\/users\/2"}],"replies":[{"embeddable":true,"href":"https:\/\/www.archspm.org\/es\/wp-json\/wp\/v2\/comments?post=1211"}],"version-history":[{"count":0,"href":"https:\/\/www.archspm.org\/es\/wp-json\/wp\/v2\/pages\/1211\/revisions"}],"wp:featuredmedia":[{"embeddable":true,"href":"https:\/\/www.archspm.org\/es\/wp-json\/wp\/v2\/media\/6958"}],"wp:attachment":[{"href":"https:\/\/www.archspm.org\/es\/wp-json\/wp\/v2\/media?parent=1211"}],"curies":[{"name":"wp","href":"https:\/\/api.w.org\/{rel}","templated":true}]}}