{"id":1212,"date":"2019-12-26T22:17:08","date_gmt":"2019-12-27T03:17:08","guid":{"rendered":"https:\/\/www.archspm.org\/childrens-prayer-to-mary\/"},"modified":"2019-12-26T22:17:08","modified_gmt":"2019-12-27T03:17:08","slug":"childrens-prayer-to-mary","status":"publish","type":"page","link":"https:\/\/www.archspm.org\/es\/childrens-prayer-to-mary\/","title":{"rendered":"Oraci\u00f3n de los ni\u00f1os a Mar\u00eda"},"content":{"rendered":"<h1 class=\"entry-title\">Oraci\u00f3n de los ni\u00f1os a Mar\u00eda<\/h1>\n<div class=\"entry-content\">\n<p>Querida Madre de Jes\u00fas,<br \/>\nmenospreciarme<br \/>\nMientras rezo lentamente<br \/>\ndesde peque\u00f1a.<\/p>\n<p>Te amo, oh Se\u00f1ora<br \/>\n\u00bfY por favor, podr\u00edas traer<br \/>\nTodos los ni\u00f1os peque\u00f1os<br \/>\nA Jes\u00fas, nuestro Rey.<\/p>\n<p>&nbsp;<\/p>\n<p><em>\u00a92012 EWTN. Utilizado con permiso.<\/em><\/p>\n<p>Para m\u00e1s oraciones cat\u00f3licas y recursos adicionales, visite la p\u00e1gina\u00a0<a href=\"https:\/\/www.ewtn.com\/catholicism\/devotions\/prayers-69\" target=\"_blank\" rel=\"noopener noreferrer\">P\u00e1gina web de EWTN<\/a>.<\/p>\n<\/div>","protected":false},"excerpt":{"rendered":"<p>Oraci\u00f3n de los ni\u00f1os a Mar\u00eda Querida Madre de Jes\u00fas, m\u00edrame mientras rezo tranquilamente junto a mi madre. Te amo, oh Se\u00f1ora, y te ruego que traigas a todos los ni\u00f1os peque\u00f1os a Jes\u00fas, nuestro Rey. \u00a92012 EWTN. Usado con permiso. Para m\u00e1s oraciones cat\u00f3licas y recursos adicionales, visita el sitio web de EWTN.<\/p>","protected":false},"author":2,"featured_media":6958,"parent":0,"menu_order":0,"comment_status":"closed","ping_status":"closed","template":"","meta":{"footnotes":""},"class_list":["post-1212","page","type-page","status-publish","has-post-thumbnail","hentry"],"_links":{"self":[{"href":"https:\/\/www.archspm.org\/es\/wp-json\/wp\/v2\/pages\/1212","targetHints":{"allow":["GET"]}}],"collection":[{"href":"https:\/\/www.archspm.org\/es\/wp-json\/wp\/v2\/pages"}],"about":[{"href":"https:\/\/www.archspm.org\/es\/wp-json\/wp\/v2\/types\/page"}],"author":[{"embeddable":true,"href":"https:\/\/www.archspm.org\/es\/wp-json\/wp\/v2\/users\/2"}],"replies":[{"embeddable":true,"href":"https:\/\/www.archspm.org\/es\/wp-json\/wp\/v2\/comments?post=1212"}],"version-history":[{"count":0,"href":"https:\/\/www.archspm.org\/es\/wp-json\/wp\/v2\/pages\/1212\/revisions"}],"wp:featuredmedia":[{"embeddable":true,"href":"https:\/\/www.archspm.org\/es\/wp-json\/wp\/v2\/media\/6958"}],"wp:attachment":[{"href":"https:\/\/www.archspm.org\/es\/wp-json\/wp\/v2\/media?parent=1212"}],"curies":[{"name":"wp","href":"https:\/\/api.w.org\/{rel}","templated":true}]}}