{"id":1213,"date":"2019-12-26T22:18:59","date_gmt":"2019-12-27T03:18:59","guid":{"rendered":"https:\/\/www.archspm.org\/consecration-to-mary\/"},"modified":"2019-12-26T22:18:59","modified_gmt":"2019-12-27T03:18:59","slug":"consecration-to-mary","status":"publish","type":"page","link":"https:\/\/www.archspm.org\/es\/consecration-to-mary\/","title":{"rendered":"Consagraci\u00f3n a Mar\u00eda"},"content":{"rendered":"<h1 class=\"entry-title\">Consagraci\u00f3n a Mar\u00eda<\/h1>\n<div class=\"entry-content\">\n<p>Oh Mar\u00eda, Virgen todopoderosa y Madre de misericordia, Reina del Cielo y Refugio de los pecadores, nos consagramos a tu Inmaculado Coraz\u00f3n.<\/p>\n<p>Te consagramos nuestro ser y toda nuestra vida; todo lo que tenemos, todo lo que amamos, todo lo que somos. A ti te entregamos nuestros cuerpos, nuestros corazones y nuestras almas; a ti te entregamos nuestros hogares, nuestras familias, nuestro pa\u00eds.<\/p>\n<p>Deseamos que todo lo que hay en nosotros y a nuestro alrededor te pertenezca, y que participe de los beneficios de tu bendici\u00f3n maternal. Y para que este acto de consagraci\u00f3n sea verdaderamente eficaz y duradero, renovamos hoy a tus pies las promesas de nuestro Bautismo y de nuestra Primera Comuni\u00f3n.<\/p>\n<p>Nos comprometemos a profesar con valent\u00eda y en todo momento las verdades de nuestra santa fe, y a vivir como corresponde a los cat\u00f3licos que se someten debidamente a todas las indicaciones del Papa y de los obispos en comuni\u00f3n con \u00e9l.<\/p>\n<p>Nos comprometemos a cumplir los mandamientos de Dios y de su Iglesia, en particular a santificar el d\u00eda del Se\u00f1or.<\/p>\n<p>Asimismo, nos comprometemos a hacer que las pr\u00e1cticas consoladoras de la religi\u00f3n cristiana, y sobre todo la Sagrada Comuni\u00f3n, formen parte integral de nuestras vidas, en la medida de nuestras posibilidades.<\/p>\n<p>Por \u00faltimo, te prometemos, oh gloriosa Madre de Dios y amorosa Madre de los hombres, dedicarnos de todo coraz\u00f3n al servicio de tu bendito culto, a fin de acelerar y asegurar, por medio de la soberan\u00eda de tu Inmaculado Coraz\u00f3n, la llegada del reino del Sagrado Coraz\u00f3n de tu adorable Hijo, en nuestros corazones y en los de todos los hombres, en nuestro pa\u00eds y en todo el mundo, as\u00ed en el cielo como en la tierra.<\/p>\n<p>Am\u00e9n.<\/p>\n<p>&nbsp;<\/p>\n<p><em>\u00a92012 EWTN. Utilizado con permiso.<\/em><\/p>\n<p>Para m\u00e1s oraciones cat\u00f3licas y recursos adicionales, visite la p\u00e1gina\u00a0<a href=\"https:\/\/www.ewtn.com\/catholicism\/devotions\/prayers-69\" target=\"_blank\" rel=\"noopener noreferrer\">P\u00e1gina web de EWTN<\/a>.<\/p>\n<\/div>","protected":false},"excerpt":{"rendered":"<p>Consecration to Mary O Mary, Virgin most powerful and Mother of mercy, Queen of Heaven and Refuge of sinners, we consecrate ourselves to thine Immaculate Heart. We consecrate to thee our very being and our whole life; all that we have, all that we love, all that we are. To thee we give our bodies, [&hellip;]<\/p>\n","protected":false},"author":2,"featured_media":6958,"parent":0,"menu_order":0,"comment_status":"closed","ping_status":"closed","template":"","meta":{"footnotes":""},"class_list":["post-1213","page","type-page","status-publish","has-post-thumbnail","hentry"],"_links":{"self":[{"href":"https:\/\/www.archspm.org\/es\/wp-json\/wp\/v2\/pages\/1213","targetHints":{"allow":["GET"]}}],"collection":[{"href":"https:\/\/www.archspm.org\/es\/wp-json\/wp\/v2\/pages"}],"about":[{"href":"https:\/\/www.archspm.org\/es\/wp-json\/wp\/v2\/types\/page"}],"author":[{"embeddable":true,"href":"https:\/\/www.archspm.org\/es\/wp-json\/wp\/v2\/users\/2"}],"replies":[{"embeddable":true,"href":"https:\/\/www.archspm.org\/es\/wp-json\/wp\/v2\/comments?post=1213"}],"version-history":[{"count":0,"href":"https:\/\/www.archspm.org\/es\/wp-json\/wp\/v2\/pages\/1213\/revisions"}],"wp:featuredmedia":[{"embeddable":true,"href":"https:\/\/www.archspm.org\/es\/wp-json\/wp\/v2\/media\/6958"}],"wp:attachment":[{"href":"https:\/\/www.archspm.org\/es\/wp-json\/wp\/v2\/media?parent=1213"}],"curies":[{"name":"wp","href":"https:\/\/api.w.org\/{rel}","templated":true}]}}