{"id":1214,"date":"2019-12-26T22:20:11","date_gmt":"2019-12-27T03:20:11","guid":{"rendered":"https:\/\/www.archspm.org\/the-magnificat\/"},"modified":"2019-12-26T22:20:11","modified_gmt":"2019-12-27T03:20:11","slug":"the-magnificat","status":"publish","type":"page","link":"https:\/\/www.archspm.org\/es\/the-magnificat\/","title":{"rendered":"El Magnificat"},"content":{"rendered":"<h1 class=\"entry-title\">El Magnificat<\/h1>\n<div class=\"entry-content\">\n<p><strong>La oraci\u00f3n de Mar\u00eda<\/strong><\/p>\n<p>Mi alma glorifica al Se\u00f1or,<br \/>\nMi esp\u00edritu se regocija en Dios, mi Salvador<br \/>\npues ha mirado con benevolencia a su humilde sierva.<br \/>\nDesde este d\u00eda, todas las generaciones me llamar\u00e1n bienaventurada:<br \/>\nEl Todopoderoso ha hecho grandes cosas por m\u00ed,<br \/>\ny santo es su Nombre.<\/p>\n<p>\u00c9l tiene misericordia de quienes le temen<br \/>\nen cada generaci\u00f3n.<br \/>\nHa demostrado la fuerza de su brazo,<br \/>\nha dispersado a los soberbios en su vanidad.<\/p>\n<p>Ha derribado a los poderosos de sus tronos,<br \/>\ny ha ensalzado a los humildes.<br \/>\nHa saciado de bienes a los hambrientos,<br \/>\ny a los ricos los ha despedido con las manos vac\u00edas.<\/p>\n<p>Ha acudido en ayuda de su siervo Israel<br \/>\npues se acord\u00f3 de su promesa de misericordia,<br \/>\nla promesa que hizo a nuestros padres,<br \/>\na Abraham y a sus descendientes para siempre.<\/p>\n<p>-<em>Lc 1, 46-55<\/em><\/p>\n<p>&nbsp;<\/p>\n<p><em>\u00a92012 EWTN. Utilizado con permiso.<\/em><\/p>\n<p>Para m\u00e1s oraciones cat\u00f3licas y recursos adicionales, visite la p\u00e1gina\u00a0<a href=\"https:\/\/www.ewtn.com\/catholicism\/devotions\/prayers-69\" target=\"_blank\" rel=\"noopener noreferrer\">P\u00e1gina web de EWTN<\/a>.<\/p>\n<\/div>","protected":false},"excerpt":{"rendered":"<p>The Magnificat The Prayer of Mary My soul proclaims the greatness of the Lord, my spirit rejoices in God my Savior for he has looked with favor on his lowly servant. From this day all generations will call me blessed: the Almighty has done great things for me, and holy is his Name. He has [&hellip;]<\/p>\n","protected":false},"author":2,"featured_media":6958,"parent":0,"menu_order":0,"comment_status":"closed","ping_status":"closed","template":"","meta":{"footnotes":""},"class_list":["post-1214","page","type-page","status-publish","has-post-thumbnail","hentry"],"_links":{"self":[{"href":"https:\/\/www.archspm.org\/es\/wp-json\/wp\/v2\/pages\/1214","targetHints":{"allow":["GET"]}}],"collection":[{"href":"https:\/\/www.archspm.org\/es\/wp-json\/wp\/v2\/pages"}],"about":[{"href":"https:\/\/www.archspm.org\/es\/wp-json\/wp\/v2\/types\/page"}],"author":[{"embeddable":true,"href":"https:\/\/www.archspm.org\/es\/wp-json\/wp\/v2\/users\/2"}],"replies":[{"embeddable":true,"href":"https:\/\/www.archspm.org\/es\/wp-json\/wp\/v2\/comments?post=1214"}],"version-history":[{"count":0,"href":"https:\/\/www.archspm.org\/es\/wp-json\/wp\/v2\/pages\/1214\/revisions"}],"wp:featuredmedia":[{"embeddable":true,"href":"https:\/\/www.archspm.org\/es\/wp-json\/wp\/v2\/media\/6958"}],"wp:attachment":[{"href":"https:\/\/www.archspm.org\/es\/wp-json\/wp\/v2\/media?parent=1214"}],"curies":[{"name":"wp","href":"https:\/\/api.w.org\/{rel}","templated":true}]}}