{"id":1215,"date":"2019-12-26T22:21:28","date_gmt":"2019-12-27T03:21:28","guid":{"rendered":"https:\/\/www.archspm.org\/prayer-to-our-lady-of-guadalupe\/"},"modified":"2019-12-26T22:21:28","modified_gmt":"2019-12-27T03:21:28","slug":"prayer-to-our-lady-of-guadalupe","status":"publish","type":"page","link":"https:\/\/www.archspm.org\/es\/prayer-to-our-lady-of-guadalupe\/","title":{"rendered":"Oraci\u00f3n a Nuestra Se\u00f1ora de Guadalupe"},"content":{"rendered":"<h1 class=\"entry-title\">Oraci\u00f3n a Nuestra Se\u00f1ora de Guadalupe<\/h1>\n<div class=\"entry-content\">\n<p>Nuestra Se\u00f1ora de Guadalupe,<br \/>\nRosa M\u00edstica,<br \/>\nintercede por la Santa Iglesia,<br \/>\nproteger al Sumo Pont\u00edfice,<br \/>\nayuda a todos aquellos que te invocan en sus necesidades,<br \/>\ny ya que t\u00fa eres la siempre Virgen Mar\u00eda<br \/>\ny Madre del Dios verdadero,<br \/>\nintercede por nosotros ante tu Sant\u00edsimo Hijo<br \/>\nla gracia de mantener nuestra fe,<br \/>\nde dulce esperanza en medio de la amargura de la vida<br \/>\nde la caridad ardiente y el precioso don<br \/>\nde la perseverancia hasta el final.<\/p>\n<p>Am\u00e9n.<\/p>\n<p>&nbsp;<\/p>\n<p><em>\u00a92012 EWTN. Utilizado con permiso.<\/em><\/p>\n<p>Para m\u00e1s oraciones cat\u00f3licas y recursos adicionales, visite la p\u00e1gina\u00a0<a href=\"https:\/\/www.ewtn.com\/catholicism\/devotions\/prayers-69\" target=\"_blank\" rel=\"noopener noreferrer\">P\u00e1gina web de EWTN<\/a>.<\/p>\n<\/div>","protected":false},"excerpt":{"rendered":"<p>Prayer to Our Lady of Guadalupe Our Lady of Guadalupe, Mystical Rose, make intercession for holy Church, protect the sovereign Pontiff, help all those who invoke you in their necessities, and since you are the ever Virgin Mary and Mother of the true God, obtain for us from your most holy Son the grace of [&hellip;]<\/p>\n","protected":false},"author":2,"featured_media":6958,"parent":0,"menu_order":0,"comment_status":"closed","ping_status":"closed","template":"","meta":{"footnotes":""},"class_list":["post-1215","page","type-page","status-publish","has-post-thumbnail","hentry"],"_links":{"self":[{"href":"https:\/\/www.archspm.org\/es\/wp-json\/wp\/v2\/pages\/1215","targetHints":{"allow":["GET"]}}],"collection":[{"href":"https:\/\/www.archspm.org\/es\/wp-json\/wp\/v2\/pages"}],"about":[{"href":"https:\/\/www.archspm.org\/es\/wp-json\/wp\/v2\/types\/page"}],"author":[{"embeddable":true,"href":"https:\/\/www.archspm.org\/es\/wp-json\/wp\/v2\/users\/2"}],"replies":[{"embeddable":true,"href":"https:\/\/www.archspm.org\/es\/wp-json\/wp\/v2\/comments?post=1215"}],"version-history":[{"count":0,"href":"https:\/\/www.archspm.org\/es\/wp-json\/wp\/v2\/pages\/1215\/revisions"}],"wp:featuredmedia":[{"embeddable":true,"href":"https:\/\/www.archspm.org\/es\/wp-json\/wp\/v2\/media\/6958"}],"wp:attachment":[{"href":"https:\/\/www.archspm.org\/es\/wp-json\/wp\/v2\/media?parent=1215"}],"curies":[{"name":"wp","href":"https:\/\/api.w.org\/{rel}","templated":true}]}}