{"id":1216,"date":"2019-12-26T22:22:55","date_gmt":"2019-12-27T03:22:55","guid":{"rendered":"https:\/\/www.archspm.org\/prayer-to-our-lady-of-perpetual-help\/"},"modified":"2019-12-26T22:22:55","modified_gmt":"2019-12-27T03:22:55","slug":"prayer-to-our-lady-of-perpetual-help","status":"publish","type":"page","link":"https:\/\/www.archspm.org\/es\/prayer-to-our-lady-of-perpetual-help\/","title":{"rendered":"Oraci\u00f3n a Nuestra Se\u00f1ora del Perpetuo Socorro"},"content":{"rendered":"<h1 class=\"entry-title\">Oraci\u00f3n a Nuestra Se\u00f1ora del Perpetuo Socorro<\/h1>\n<div class=\"entry-content\">\n<p>Oh Madre del Perpetuo Socorro, conc\u00e9deme que pueda invocar siempre tu nombre todopoderoso, que es el amparo de los vivos y la salvaci\u00f3n de los moribundos. Oh Mar\u00eda Pur\u00edsima, oh Mar\u00eda Dulc\u00edsima, que tu nombre est\u00e9 de ahora en adelante siempre en mis labios. No tardes, oh Se\u00f1ora Bendita, en ayudarme cada vez que te invoque, pues, en todas mis necesidades, en todas mis tentaciones, nunca dejar\u00e9 de invocarte, repitiendo siempre tu sagrado nombre: Mar\u00eda, Mar\u00eda.<\/p>\n<\/div>\n<p>\u00a1Oh, qu\u00e9 consuelo, qu\u00e9 dulzura, qu\u00e9 confianza, qu\u00e9 emoci\u00f3n llenan mi alma cuando pronuncio tu sagrado nombre, o incluso solo cuando pienso en ti! Doy gracias a Dios por haberte dado, para mi bien, un nombre tan dulce, tan poderoso, tan hermoso. Pero no me conformar\u00e9 con limitarme a pronunciar tu nombre: que mi amor por ti me impulse a aclamarte siempre, Madre del Perpetuo Socorro<\/p>\n<p>&nbsp;<\/p>\n<p><em>\u00a92012 EWTN. Utilizado con permiso.<\/em><\/p>\n<p>Para m\u00e1s oraciones cat\u00f3licas y recursos adicionales, visite la p\u00e1gina\u00a0<a href=\"https:\/\/www.ewtn.com\/catholicism\/devotions\/prayers-69\" target=\"_blank\" rel=\"noopener noreferrer\">P\u00e1gina web de EWTN<\/a>.<\/p>","protected":false},"excerpt":{"rendered":"<p>Prayer to Our Lady of Perpetual Help O Mother of Perpetual Help, grant that I may ever invoke thy most powerful name, which is the safeguard of the living and the salvation of the dying. O Purest Mary, O Sweetest Mary, let thy name henceforth be ever on my lips. Delay not, O Blessed Lady, [&hellip;]<\/p>\n","protected":false},"author":2,"featured_media":6958,"parent":0,"menu_order":0,"comment_status":"closed","ping_status":"closed","template":"","meta":{"footnotes":""},"class_list":["post-1216","page","type-page","status-publish","has-post-thumbnail","hentry"],"_links":{"self":[{"href":"https:\/\/www.archspm.org\/es\/wp-json\/wp\/v2\/pages\/1216","targetHints":{"allow":["GET"]}}],"collection":[{"href":"https:\/\/www.archspm.org\/es\/wp-json\/wp\/v2\/pages"}],"about":[{"href":"https:\/\/www.archspm.org\/es\/wp-json\/wp\/v2\/types\/page"}],"author":[{"embeddable":true,"href":"https:\/\/www.archspm.org\/es\/wp-json\/wp\/v2\/users\/2"}],"replies":[{"embeddable":true,"href":"https:\/\/www.archspm.org\/es\/wp-json\/wp\/v2\/comments?post=1216"}],"version-history":[{"count":0,"href":"https:\/\/www.archspm.org\/es\/wp-json\/wp\/v2\/pages\/1216\/revisions"}],"wp:featuredmedia":[{"embeddable":true,"href":"https:\/\/www.archspm.org\/es\/wp-json\/wp\/v2\/media\/6958"}],"wp:attachment":[{"href":"https:\/\/www.archspm.org\/es\/wp-json\/wp\/v2\/media?parent=1216"}],"curies":[{"name":"wp","href":"https:\/\/api.w.org\/{rel}","templated":true}]}}