{"id":1218,"date":"2019-12-26T22:25:50","date_gmt":"2019-12-27T03:25:50","guid":{"rendered":"https:\/\/www.archspm.org\/st-anselm-the-prayer-o-lord-my-god\/"},"modified":"2019-12-26T22:25:50","modified_gmt":"2019-12-27T03:25:50","slug":"st-anselm-the-prayer-o-lord-my-god","status":"publish","type":"page","link":"https:\/\/www.archspm.org\/es\/st-anselm-the-prayer-o-lord-my-god\/","title":{"rendered":"San Anselmo: La Oraci\u00f3n, Se\u00f1or Dios m\u00edo"},"content":{"rendered":"<h1 class=\"entry-title\">San Anselmo: La Oraci\u00f3n, Se\u00f1or Dios m\u00edo<\/h1>\n<div class=\"entry-content\">\n<p>Oh Se\u00f1or, Dios m\u00edo.<br \/>\nEns\u00e9\u00f1ale esto a mi coraz\u00f3n hoy<br \/>\nd\u00f3nde y c\u00f3mo encontrarte.<\/p>\n<p>T\u00fa me has creado y me has renovado,<br \/>\ny me has concedido<br \/>\ntodas las cosas buenas que tengo,<br \/>\ny a\u00fan as\u00ed no te conozco.<br \/>\nTodav\u00eda no lo he hecho<br \/>\naquello para lo que fui creado.<\/p>\n<p>Ens\u00e9\u00f1ame a buscarte,<br \/>\npues no puedo buscarte<br \/>\na menos que t\u00fa me ense\u00f1es,<br \/>\no encontrarte<br \/>\na menos que te me muestres.<\/p>\n<p>D\u00e9jame buscarte en mi anhelo;<br \/>\nd\u00e9jame desearte en mi b\u00fasqueda.<br \/>\nD\u00e9jame encontrarte am\u00e1ndote;<br \/>\nD\u00e9jame amarte cuando te encuentre.<\/p>\n<p>-<em>San Anselmo<\/em><\/p>\n<p><em>\u00a0<\/em><\/p>\n<p><em>Utilizado de conformidad con el Aviso de Copyright, 2012.<\/em><\/p>\n<p>Visite el\u00a0<a href=\"http:\/\/www.catholicdoors.com\/\" target=\"_blank\" rel=\"noopener noreferrer\">Ministerio de Puertas Cat\u00f3licas<\/a>\u00a0para m\u00e1s informaci\u00f3n.<\/p>\n<p>Para m\u00e1s oraciones cat\u00f3licas y recursos adicionales, visite la p\u00e1gina\u00a0<a href=\"https:\/\/www.ewtn.com\/catholicism\/devotions\/prayers-69\" target=\"_blank\" rel=\"noopener noreferrer\">P\u00e1gina web de EWTN<\/a>.<\/p>\n<\/div>","protected":false},"excerpt":{"rendered":"<p>St. Anselm: The Prayer, O Lord My God O Lord my God. Teach my heart this day where and how to find you. You have made me and re-made me, and you have bestowed on me all the good things I possess, and still I do not know you. I have not yet done that [&hellip;]<\/p>\n","protected":false},"author":2,"featured_media":6958,"parent":0,"menu_order":0,"comment_status":"closed","ping_status":"closed","template":"","meta":{"footnotes":""},"class_list":["post-1218","page","type-page","status-publish","has-post-thumbnail","hentry"],"_links":{"self":[{"href":"https:\/\/www.archspm.org\/es\/wp-json\/wp\/v2\/pages\/1218","targetHints":{"allow":["GET"]}}],"collection":[{"href":"https:\/\/www.archspm.org\/es\/wp-json\/wp\/v2\/pages"}],"about":[{"href":"https:\/\/www.archspm.org\/es\/wp-json\/wp\/v2\/types\/page"}],"author":[{"embeddable":true,"href":"https:\/\/www.archspm.org\/es\/wp-json\/wp\/v2\/users\/2"}],"replies":[{"embeddable":true,"href":"https:\/\/www.archspm.org\/es\/wp-json\/wp\/v2\/comments?post=1218"}],"version-history":[{"count":0,"href":"https:\/\/www.archspm.org\/es\/wp-json\/wp\/v2\/pages\/1218\/revisions"}],"wp:featuredmedia":[{"embeddable":true,"href":"https:\/\/www.archspm.org\/es\/wp-json\/wp\/v2\/media\/6958"}],"wp:attachment":[{"href":"https:\/\/www.archspm.org\/es\/wp-json\/wp\/v2\/media?parent=1218"}],"curies":[{"name":"wp","href":"https:\/\/api.w.org\/{rel}","templated":true}]}}