{"id":1219,"date":"2019-12-26T22:27:05","date_gmt":"2019-12-27T03:27:05","guid":{"rendered":"https:\/\/www.archspm.org\/st-augustine-act-of-hope\/"},"modified":"2019-12-26T22:27:05","modified_gmt":"2019-12-27T03:27:05","slug":"st-augustine-act-of-hope","status":"publish","type":"page","link":"https:\/\/www.archspm.org\/es\/st-augustine-act-of-hope\/","title":{"rendered":"San Agust\u00edn: Acto de esperanza"},"content":{"rendered":"<h1 class=\"entry-title\">San Agust\u00edn: Acto de esperanza<\/h1>\n<div class=\"entry-content\">\n<p>Por tu misericordia, oh Se\u00f1or, Dios m\u00edo,<br \/>\nDime qu\u00e9 significas para m\u00ed.<br \/>\nDile a mi alma: \u201cYo soy tu salvaci\u00f3n\u201d.\u201d<br \/>\nHabla, pues, para que yo te escuche, oh Se\u00f1or;<br \/>\nmi coraz\u00f3n est\u00e1 escuchando;<br \/>\n\u00e1brelo para que pueda escucharte,<br \/>\ny le digo a mi alma: \u201cYo soy tu salvaci\u00f3n\u201d.\u201d<br \/>\nAl o\u00edr estas palabras,<br \/>\nQue pueda llegar r\u00e1pidamente para abrazarte.<br \/>\nNo me escondas tu rostro.<br \/>\nD\u00e9jame ver tu rostro, aunque muera,<br \/>\nno sea que muera con el deseo de verlo.<br \/>\nLa morada de mi alma es demasiado peque\u00f1a para recibirte;<br \/>\nque T\u00fa lo ampl\u00edes.<br \/>\nTodo est\u00e1 en ruinas;<br \/>\n\u00bfLo reparas?.<br \/>\nHay cosas ah\u00ed,<br \/>\nLo confieso y lo s\u00e9,<br \/>\nque debe ofender tu vista.<br \/>\n\u00bfPero qui\u00e9n lo limpiar\u00e1?<br \/>\n\u00bfA qui\u00e9n m\u00e1s, sino a ti, voy a clamar?<br \/>\nL\u00edmpiame de mis pecados ocultos, oh Se\u00f1or,<br \/>\ny de las de los dem\u00e1s, libra a tu siervo.<\/p>\n<p>Am\u00e9n.<\/p>\n<p>-<em>Segunda oraci\u00f3n de San Agust\u00edn<\/em><\/p>\n<p>&nbsp;<\/p>\n<p><em>Utilizado de conformidad con el Aviso de Copyright, 2012.<\/em><\/p>\n<p>Visite el\u00a0<a href=\"http:\/\/www.catholicdoors.com\/\" target=\"_blank\" rel=\"noopener noreferrer\">Ministerio de Puertas Cat\u00f3licas<\/a>\u00a0para m\u00e1s informaci\u00f3n.<\/p>\n<p>Para m\u00e1s oraciones cat\u00f3licas y recursos adicionales, visite la p\u00e1gina\u00a0<a href=\"http:\/\/www.ewtn.com\/Devotionals\/prayers\/index.htm\" target=\"_blank\" rel=\"noopener noreferrer\">P\u00e1gina web de EWTN<\/a>.<\/p>\n<\/div>","protected":false},"excerpt":{"rendered":"<p>St. Augustine: Act of Hope For Your mercies\u2019 sake, O Lord my God, tell me what You are to me. Say to my soul: \u201cI am your salvation.\u201d So speak that I may hear, O Lord; my heart is listening; open it that it may hear You, and say to my soul: \u201cI am your [&hellip;]<\/p>\n","protected":false},"author":2,"featured_media":6958,"parent":0,"menu_order":0,"comment_status":"closed","ping_status":"closed","template":"","meta":{"footnotes":""},"class_list":["post-1219","page","type-page","status-publish","has-post-thumbnail","hentry"],"_links":{"self":[{"href":"https:\/\/www.archspm.org\/es\/wp-json\/wp\/v2\/pages\/1219","targetHints":{"allow":["GET"]}}],"collection":[{"href":"https:\/\/www.archspm.org\/es\/wp-json\/wp\/v2\/pages"}],"about":[{"href":"https:\/\/www.archspm.org\/es\/wp-json\/wp\/v2\/types\/page"}],"author":[{"embeddable":true,"href":"https:\/\/www.archspm.org\/es\/wp-json\/wp\/v2\/users\/2"}],"replies":[{"embeddable":true,"href":"https:\/\/www.archspm.org\/es\/wp-json\/wp\/v2\/comments?post=1219"}],"version-history":[{"count":0,"href":"https:\/\/www.archspm.org\/es\/wp-json\/wp\/v2\/pages\/1219\/revisions"}],"wp:featuredmedia":[{"embeddable":true,"href":"https:\/\/www.archspm.org\/es\/wp-json\/wp\/v2\/media\/6958"}],"wp:attachment":[{"href":"https:\/\/www.archspm.org\/es\/wp-json\/wp\/v2\/media?parent=1219"}],"curies":[{"name":"wp","href":"https:\/\/api.w.org\/{rel}","templated":true}]}}