{"id":1220,"date":"2019-12-26T22:28:17","date_gmt":"2019-12-27T03:28:17","guid":{"rendered":"https:\/\/www.archspm.org\/st-augustine-for-strength-in-aging\/"},"modified":"2019-12-26T22:28:17","modified_gmt":"2019-12-27T03:28:17","slug":"st-augustine-for-strength-in-aging","status":"publish","type":"page","link":"https:\/\/www.archspm.org\/es\/st-augustine-for-strength-in-aging\/","title":{"rendered":"San Agust\u00edn: Por la fuerza del envejecimiento"},"content":{"rendered":"<h1 class=\"entry-title\">San Agust\u00edn: Por la fuerza del envejecimiento<\/h1>\n<div class=\"entry-content\">\n<p>Oh Se\u00f1or, Dios nuestro,<br \/>\nBajo la sombra de tus alas, esperemos.<br \/>\nT\u00fa nos apoyar\u00e1s,<br \/>\ntanto para el cabello joven como para el canoso.<br \/>\nCuando nuestra fuerza proviene de Ti,<br \/>\nes la fuerza;<br \/>\npero, cuando se trata de los nuestros,<br \/>\nes debilidad.<br \/>\nVolvemos a Ti, oh Se\u00f1or,<br \/>\nque, debido a su cansancio<br \/>\nque nuestra alma se eleve hacia Ti,<br \/>\napoy\u00e1ndome en lo que T\u00fa has creado,<br \/>\ny transmiti\u00e9ndotelo a ti mismo,<br \/>\nque los has creado maravillosamente;<br \/>\npues en ti est\u00e1 el descanso<br \/>\ny la verdadera fuerza.<\/p>\n<p>Am\u00e9n.<\/p>\n<p>-<em>San Agust\u00edn<\/em><\/p>\n<p>&nbsp;<\/p>\n<p><em>Utilizado de conformidad con el Aviso de Copyright, 2012.<\/em><\/p>\n<p>Visite el\u00a0<a href=\"http:\/\/www.catholicdoors.com\/\" target=\"_blank\" rel=\"noopener noreferrer\">Ministerio de Puertas Cat\u00f3licas<\/a>\u00a0para m\u00e1s informaci\u00f3n.<\/p>\n<p>Para m\u00e1s oraciones cat\u00f3licas y recursos adicionales, visite la p\u00e1gina\u00a0<a href=\"https:\/\/www.ewtn.com\/catholicism\/devotions\/prayers-69\" target=\"_blank\" rel=\"noopener noreferrer\">P\u00e1gina web de EWTN<\/a>.<\/p>\n<\/div>","protected":false},"excerpt":{"rendered":"<p>St. Augustine: For Strength in Aging O Lord our God, under the shadow of Thy wings let us hope. Thou wilt support us, both when little and even to gray hairs. When our strength is of Thee, it is strength; but, when our own, it is feebleness. We return unto Thee, O Lord, that from [&hellip;]<\/p>\n","protected":false},"author":2,"featured_media":6958,"parent":0,"menu_order":0,"comment_status":"closed","ping_status":"closed","template":"","meta":{"footnotes":""},"class_list":["post-1220","page","type-page","status-publish","has-post-thumbnail","hentry"],"_links":{"self":[{"href":"https:\/\/www.archspm.org\/es\/wp-json\/wp\/v2\/pages\/1220","targetHints":{"allow":["GET"]}}],"collection":[{"href":"https:\/\/www.archspm.org\/es\/wp-json\/wp\/v2\/pages"}],"about":[{"href":"https:\/\/www.archspm.org\/es\/wp-json\/wp\/v2\/types\/page"}],"author":[{"embeddable":true,"href":"https:\/\/www.archspm.org\/es\/wp-json\/wp\/v2\/users\/2"}],"replies":[{"embeddable":true,"href":"https:\/\/www.archspm.org\/es\/wp-json\/wp\/v2\/comments?post=1220"}],"version-history":[{"count":0,"href":"https:\/\/www.archspm.org\/es\/wp-json\/wp\/v2\/pages\/1220\/revisions"}],"wp:featuredmedia":[{"embeddable":true,"href":"https:\/\/www.archspm.org\/es\/wp-json\/wp\/v2\/media\/6958"}],"wp:attachment":[{"href":"https:\/\/www.archspm.org\/es\/wp-json\/wp\/v2\/media?parent=1220"}],"curies":[{"name":"wp","href":"https:\/\/api.w.org\/{rel}","templated":true}]}}