{"id":1221,"date":"2019-12-26T22:29:56","date_gmt":"2019-12-27T03:29:56","guid":{"rendered":"https:\/\/www.archspm.org\/st-augustine-holy-spirit-prayer\/"},"modified":"2019-12-26T22:29:56","modified_gmt":"2019-12-27T03:29:56","slug":"st-augustine-holy-spirit-prayer","status":"publish","type":"page","link":"https:\/\/www.archspm.org\/es\/st-augustine-holy-spirit-prayer\/","title":{"rendered":"San Agust\u00edn: Oraci\u00f3n del Esp\u00edritu Santo"},"content":{"rendered":"<h1 class=\"entry-title\">San Agust\u00edn: Oraci\u00f3n del Esp\u00edritu Santo<\/h1>\n<div class=\"entry-content\">\n<p>Respira en m\u00ed, Esp\u00edritu Santo,<br \/>\nque todos mis pensamientos sean santos.<\/p>\n<p>Mu\u00e9vete en m\u00ed, Esp\u00edritu Santo,<br \/>\npara que tambi\u00e9n mi trabajo sea santo.<\/p>\n<p>Atrae mi coraz\u00f3n, Esp\u00edritu Santo,<br \/>\npara que ame s\u00f3lo lo que es santo.<\/p>\n<p>Fortal\u00e9ceme, Esp\u00edritu Santo,<br \/>\npara que pueda defender todo lo que es santo.<\/p>\n<p>Prot\u00e9geme, Esp\u00edritu Santo,<br \/>\npara que yo sea siempre santo.<\/p>\n<p>-<em>San Agust\u00edn<\/em><\/p>\n<p>&nbsp;<\/p>\n<p><em>Utilizado de conformidad con el Aviso de Copyright, 2012.<\/em><\/p>\n<p>Visite el\u00a0<a href=\"http:\/\/www.catholicdoors.com\/\" target=\"_blank\" rel=\"noopener noreferrer\">Ministerio de Puertas Cat\u00f3licas<\/a>\u00a0para m\u00e1s informaci\u00f3n.<\/p>\n<p>Para m\u00e1s oraciones cat\u00f3licas y recursos adicionales, visite la p\u00e1gina\u00a0<a href=\"https:\/\/www.ewtn.com\/catholicism\/devotions\/prayers-69\" target=\"_blank\" rel=\"noopener noreferrer\">P\u00e1gina web de EWTN<\/a>.<\/p>\n<\/div>","protected":false},"excerpt":{"rendered":"<p>St. Augustine: Holy Spirit Prayer Breathe into me, Holy Spirit, that my thoughts may all be holy. Move in me, Holy Spirit, that my work, too, may be holy. Attract my heart, Holy Spirit, that I may love only what is holy. Strengthen me, Holy Spirit, that I may defend all that is holy. Protect [&hellip;]<\/p>\n","protected":false},"author":2,"featured_media":6958,"parent":0,"menu_order":0,"comment_status":"closed","ping_status":"closed","template":"","meta":{"footnotes":""},"class_list":["post-1221","page","type-page","status-publish","has-post-thumbnail","hentry"],"_links":{"self":[{"href":"https:\/\/www.archspm.org\/es\/wp-json\/wp\/v2\/pages\/1221","targetHints":{"allow":["GET"]}}],"collection":[{"href":"https:\/\/www.archspm.org\/es\/wp-json\/wp\/v2\/pages"}],"about":[{"href":"https:\/\/www.archspm.org\/es\/wp-json\/wp\/v2\/types\/page"}],"author":[{"embeddable":true,"href":"https:\/\/www.archspm.org\/es\/wp-json\/wp\/v2\/users\/2"}],"replies":[{"embeddable":true,"href":"https:\/\/www.archspm.org\/es\/wp-json\/wp\/v2\/comments?post=1221"}],"version-history":[{"count":0,"href":"https:\/\/www.archspm.org\/es\/wp-json\/wp\/v2\/pages\/1221\/revisions"}],"wp:featuredmedia":[{"embeddable":true,"href":"https:\/\/www.archspm.org\/es\/wp-json\/wp\/v2\/media\/6958"}],"wp:attachment":[{"href":"https:\/\/www.archspm.org\/es\/wp-json\/wp\/v2\/media?parent=1221"}],"curies":[{"name":"wp","href":"https:\/\/api.w.org\/{rel}","templated":true}]}}