{"id":1222,"date":"2019-12-26T22:31:34","date_gmt":"2019-12-27T03:31:34","guid":{"rendered":"https:\/\/www.archspm.org\/st-augustine-you-are-christ\/"},"modified":"2019-12-26T22:31:34","modified_gmt":"2019-12-27T03:31:34","slug":"st-augustine-you-are-christ","status":"publish","type":"page","link":"https:\/\/www.archspm.org\/es\/st-augustine-you-are-christ\/","title":{"rendered":"San Agust\u00edn: T\u00fa eres Cristo"},"content":{"rendered":"<h1 class=\"entry-title\">San Agust\u00edn: T\u00fa eres Cristo<\/h1>\n<div class=\"entry-content\">\n<p>T\u00fa eres Cristo,<br \/>\nMi Santo Padre,<br \/>\nmi Dios misericordioso,<br \/>\nmi gran rey,<br \/>\nmi Buen Pastor,<br \/>\nmi \u00fanico Amo,<br \/>\nmi mejor ayudante,<br \/>\nMi m\u00e1s hermosa y mi amada,<br \/>\nmi Pan de Vida,<br \/>\nMi sacerdote para siempre,<br \/>\nMi l\u00edder para mi pa\u00eds,<br \/>\nmi Luz Verdadera,<br \/>\nmi Santa Dulzura,<br \/>\nMi camino recto,<br \/>\nMi Excelent\u00edsima Sabidur\u00eda,<br \/>\nMi \u00abPure Simplicity\u00bb,<br \/>\nMi armon\u00eda pac\u00edfica,<br \/>\nmi protecci\u00f3n total,<br \/>\nmi buena porci\u00f3n,<br \/>\nmi salvaci\u00f3n eterna.<\/p>\n<p>Jesucristo, dulce Se\u00f1or,<br \/>\n\u00bfPor qu\u00e9 he amado alguna vez?,<br \/>\n\u00bfpor qu\u00e9 en toda mi vida?<br \/>\n\u00bfAcaso he deseado alguna vez algo m\u00e1s que a Ti?,<br \/>\n\u00bfJes\u00fas, mi Dios?<br \/>\n\u00bfD\u00f3nde estaba yo cuando no estaba en comuni\u00f3n contigo?<br \/>\nA partir de ahora,<br \/>\n\u00bfAcaso todos mis deseos se avivan,<br \/>\ny derram\u00e9monos sobre el Se\u00f1or Jes\u00fas:<br \/>\nCorre\u2026 hasta ahora has llegado tarde;<br \/>\ndate prisa en llegar a tu destino;<br \/>\nBusca a quien est\u00e1s buscando.<br \/>\nOh, Jes\u00fas, que aquel que te ama<br \/>\nno ser un anatema;<br \/>\nque aquel que te ama<br \/>\nno estar lleno de amargura.<\/p>\n<p>Oh, dulce Jes\u00fas,<br \/>\nque todo sentimiento bueno digno de alabar Tu nombre,<br \/>\n\u00a1Te amo, me deleito en ti, te adoro!<br \/>\nDios de mi coraz\u00f3n,<br \/>\ny mi parte, Cristo Jes\u00fas,<br \/>\nque mi coraz\u00f3n se desmaye en esp\u00edritu,<br \/>\n\u00a1y que T\u00fa seas mi vida dentro de m\u00ed!<br \/>\nQue el carb\u00f3n ardiente de Tu Amor<br \/>\nse enciende en mi interior<br \/>\ny estallar en un fuego perfecto;<br \/>\nque arda sin cesar en el altar de mi coraz\u00f3n;<br \/>\nque brille en lo m\u00e1s profundo de mi ser;<br \/>\nque arda en los recovecos ocultos de mi alma;<br \/>\ny en los d\u00edas de mi consumaci\u00f3n<br \/>\n\u00a1Que me encuentres unido a Ti!<\/p>\n<p>Am\u00e9n.<\/p>\n<p>&nbsp;<\/p>\n<p>-<em>San Agust\u00edn de Hipona<\/em><\/p>\n<p>&nbsp;<\/p>\n<p><em>Utilizado de conformidad con el Aviso de Copyright, 2012.<\/em><\/p>\n<p>Visite el\u00a0<a href=\"http:\/\/www.catholicdoors.com\/\" target=\"_blank\" rel=\"noopener noreferrer\">Ministerio de Puertas Cat\u00f3licas<\/a>\u00a0para m\u00e1s informaci\u00f3n.<\/p>\n<p>Para m\u00e1s oraciones cat\u00f3licas y recursos adicionales, visite la p\u00e1gina\u00a0<a href=\"https:\/\/www.ewtn.com\/catholicism\/devotions\/prayers-69\" target=\"_blank\" rel=\"noopener noreferrer\">P\u00e1gina web de EWTN<\/a>.<\/p>\n<\/div>","protected":false},"excerpt":{"rendered":"<p>St. Augustine: You Are Christ You are Christ, my Holy Father, my Tender God, my Great King, my Good Shepherd, my Only Master, my Best Helper, my Most Beautiful and my Beloved, my Living Bread, my Priest Forever, my Leader to my Country, my True Light, my Holy Sweetness, my Straight Way, my Excellent Wisdom, [&hellip;]<\/p>\n","protected":false},"author":2,"featured_media":6958,"parent":0,"menu_order":0,"comment_status":"closed","ping_status":"closed","template":"","meta":{"footnotes":""},"class_list":["post-1222","page","type-page","status-publish","has-post-thumbnail","hentry"],"_links":{"self":[{"href":"https:\/\/www.archspm.org\/es\/wp-json\/wp\/v2\/pages\/1222","targetHints":{"allow":["GET"]}}],"collection":[{"href":"https:\/\/www.archspm.org\/es\/wp-json\/wp\/v2\/pages"}],"about":[{"href":"https:\/\/www.archspm.org\/es\/wp-json\/wp\/v2\/types\/page"}],"author":[{"embeddable":true,"href":"https:\/\/www.archspm.org\/es\/wp-json\/wp\/v2\/users\/2"}],"replies":[{"embeddable":true,"href":"https:\/\/www.archspm.org\/es\/wp-json\/wp\/v2\/comments?post=1222"}],"version-history":[{"count":0,"href":"https:\/\/www.archspm.org\/es\/wp-json\/wp\/v2\/pages\/1222\/revisions"}],"wp:featuredmedia":[{"embeddable":true,"href":"https:\/\/www.archspm.org\/es\/wp-json\/wp\/v2\/media\/6958"}],"wp:attachment":[{"href":"https:\/\/www.archspm.org\/es\/wp-json\/wp\/v2\/media?parent=1222"}],"curies":[{"name":"wp","href":"https:\/\/api.w.org\/{rel}","templated":true}]}}