{"id":1224,"date":"2019-12-26T22:36:39","date_gmt":"2019-12-27T03:36:39","guid":{"rendered":"https:\/\/www.archspm.org\/st-catherine-of-siena-prayer-to-avoid-a-miscarriage\/"},"modified":"2019-12-26T22:36:39","modified_gmt":"2019-12-27T03:36:39","slug":"st-catherine-of-siena-prayer-to-avoid-a-miscarriage","status":"publish","type":"page","link":"https:\/\/www.archspm.org\/es\/st-catherine-of-siena-prayer-to-avoid-a-miscarriage\/","title":{"rendered":"Santa Catalina de Siena: Oraci\u00f3n para evitar un aborto"},"content":{"rendered":"<h1 class=\"entry-title\">Santa Catalina de Siena: Oraci\u00f3n para evitar un aborto<\/h1>\n<div class=\"entry-content\">\n<p>Humilde Virgen y Doctora de la Iglesia,<br \/>\nen treinta y tres a\u00f1os<br \/>\nalcanzaste la perfecci\u00f3n<br \/>\ny se convirti\u00f3 en consejero de los papas.<\/p>\n<p>Ya sabes las tentaciones a las que se enfrentan las madres hoy en d\u00eda<br \/>\nas\u00ed como los peligros que acechan a los fetos.<br \/>\nIntercede por m\u00ed<br \/>\npara evitar un aborto espont\u00e1neo<br \/>\ny dar a luz a un beb\u00e9 sano<br \/>\nquien se convertir\u00e1 en un verdadero hijo de Dios.<br \/>\nOremos tambi\u00e9n por todas las madres,<br \/>\npara que no recurran al aborto<br \/>\nsino que ayudan a traer una nueva vida al mundo.<\/p>\n<p>Am\u00e9n.<\/p>\n<p>-<em>Santa Catalina de Siena<\/em><\/p>\n<p>&nbsp;<\/p>\n<p><em>Utilizado de conformidad con el Aviso de Copyright, 2012.<\/em><\/p>\n<p>Visite el\u00a0<a href=\"http:\/\/www.catholicdoors.com\/\" target=\"_blank\" rel=\"noopener noreferrer\">Ministerio de Puertas Cat\u00f3licas<\/a>\u00a0para m\u00e1s informaci\u00f3n.<\/p>\n<p>Para m\u00e1s oraciones cat\u00f3licas y recursos adicionales, visite la p\u00e1gina\u00a0<a href=\"https:\/\/www.ewtn.com\/catholicism\/devotions\/prayers-69\" target=\"_blank\" rel=\"noopener noreferrer\">P\u00e1gina web de EWTN<\/a>.<\/p>\n<\/div>","protected":false},"excerpt":{"rendered":"<p>St. Catherine of Siena: Prayer to Avoid a Miscarriage Humble Virgin and Doctor of the Church, in thirty-three years you achieved great perfection and became the counselor of Popes. You know the temptations of mothers today as well as the dangers that await unborn infants. Intercede for me that I may avoid miscarriage and bring [&hellip;]<\/p>\n","protected":false},"author":2,"featured_media":6958,"parent":0,"menu_order":0,"comment_status":"closed","ping_status":"closed","template":"","meta":{"footnotes":""},"class_list":["post-1224","page","type-page","status-publish","has-post-thumbnail","hentry"],"_links":{"self":[{"href":"https:\/\/www.archspm.org\/es\/wp-json\/wp\/v2\/pages\/1224","targetHints":{"allow":["GET"]}}],"collection":[{"href":"https:\/\/www.archspm.org\/es\/wp-json\/wp\/v2\/pages"}],"about":[{"href":"https:\/\/www.archspm.org\/es\/wp-json\/wp\/v2\/types\/page"}],"author":[{"embeddable":true,"href":"https:\/\/www.archspm.org\/es\/wp-json\/wp\/v2\/users\/2"}],"replies":[{"embeddable":true,"href":"https:\/\/www.archspm.org\/es\/wp-json\/wp\/v2\/comments?post=1224"}],"version-history":[{"count":0,"href":"https:\/\/www.archspm.org\/es\/wp-json\/wp\/v2\/pages\/1224\/revisions"}],"wp:featuredmedia":[{"embeddable":true,"href":"https:\/\/www.archspm.org\/es\/wp-json\/wp\/v2\/media\/6958"}],"wp:attachment":[{"href":"https:\/\/www.archspm.org\/es\/wp-json\/wp\/v2\/media?parent=1224"}],"curies":[{"name":"wp","href":"https:\/\/api.w.org\/{rel}","templated":true}]}}