{"id":1226,"date":"2019-12-26T22:40:11","date_gmt":"2019-12-27T03:40:11","guid":{"rendered":"https:\/\/www.archspm.org\/st-francis-of-assisi-you-are-holy-lord\/"},"modified":"2019-12-26T22:40:11","modified_gmt":"2019-12-27T03:40:11","slug":"st-francis-of-assisi-you-are-holy-lord","status":"publish","type":"page","link":"https:\/\/www.archspm.org\/es\/st-francis-of-assisi-you-are-holy-lord\/","title":{"rendered":"San Francisco de As\u00eds: T\u00fa eres santo, Se\u00f1or"},"content":{"rendered":"<h1 class=\"entry-title\">San Francisco de As\u00eds: T\u00fa eres santo, Se\u00f1or<\/h1>\n<div class=\"entry-content\">\n<p>T\u00fa eres santo, Se\u00f1or,<br \/>\nel \u00fanico Dios,<br \/>\ny tus obras son maravillosas.<br \/>\nEres fuerte.<br \/>\nEres genial.<br \/>\nT\u00fa eres el Alt\u00edsimo.<br \/>\nT\u00fa eres Todopoderoso.<br \/>\nT\u00fa, Santo Padre<br \/>\nson el Rey del cielo y de la tierra.<br \/>\nEres Tres y Uno,<br \/>\nSe\u00f1or Dios, todo Bondad.<br \/>\nEres bueno.,<br \/>\ntodo lo Bueno, el Bien supremo,<br \/>\nSe\u00f1or Dios, vivo y verdadero.<br \/>\nEres amor.<br \/>\nT\u00fa eres sabidur\u00eda.<br \/>\nEres humildad.<br \/>\nEres resistencia.<br \/>\nT\u00fa eres el descanso.<br \/>\nT\u00fa eres paz.<br \/>\nEres alegr\u00eda y felicidad.<br \/>\nEres justicia y moderaci\u00f3n.<br \/>\nUstedes son todas nuestras riquezas,<br \/>\ny T\u00fa nos basta.<br \/>\nEres belleza.<br \/>\nEres amabilidad.<br \/>\nEres nuestro protector.<br \/>\nEres nuestro guardi\u00e1n y defensor.<br \/>\nUstedes son nuestro valor.<br \/>\nEres nuestro refugio y nuestra esperanza.<br \/>\nT\u00fa eres nuestra fe,<br \/>\nnuestro gran consuelo.<br \/>\nT\u00fa eres nuestra vida eterna,<br \/>\nGran y maravilloso Se\u00f1or,<br \/>\nDios Todopoderoso,<br \/>\nMisericordioso Salvador.<\/p>\n<p>-<em>San Francisco de As\u00eds<\/em><\/p>\n<p>&nbsp;<\/p>\n<p><em>Utilizado de conformidad con el Aviso de Copyright, 2012.<\/em><\/p>\n<p>Visite el\u00a0<a href=\"http:\/\/www.catholicdoors.com\/\" target=\"_blank\" rel=\"noopener noreferrer\">Ministerio de Puertas Cat\u00f3licas<\/a>\u00a0para m\u00e1s informaci\u00f3n.<\/p>\n<p>Para m\u00e1s oraciones cat\u00f3licas y recursos adicionales, visite la p\u00e1gina\u00a0<a href=\"https:\/\/www.ewtn.com\/catholicism\/devotions\/prayers-69\" target=\"_blank\" rel=\"noopener noreferrer\">P\u00e1gina web de EWTN<\/a>.<\/p>\n<\/div>","protected":false},"excerpt":{"rendered":"<p>St. Francis of Assisi: You are holy, Lord You are holy, Lord, the only God, and Your deeds are wonderful. You are strong. You are great. You are the Most High. You are Almighty. You, Holy Father are King of heaven and earth. You are Three and One, Lord God, all Good. You are Good, [&hellip;]<\/p>\n","protected":false},"author":2,"featured_media":6958,"parent":0,"menu_order":0,"comment_status":"closed","ping_status":"closed","template":"","meta":{"footnotes":""},"class_list":["post-1226","page","type-page","status-publish","has-post-thumbnail","hentry"],"_links":{"self":[{"href":"https:\/\/www.archspm.org\/es\/wp-json\/wp\/v2\/pages\/1226","targetHints":{"allow":["GET"]}}],"collection":[{"href":"https:\/\/www.archspm.org\/es\/wp-json\/wp\/v2\/pages"}],"about":[{"href":"https:\/\/www.archspm.org\/es\/wp-json\/wp\/v2\/types\/page"}],"author":[{"embeddable":true,"href":"https:\/\/www.archspm.org\/es\/wp-json\/wp\/v2\/users\/2"}],"replies":[{"embeddable":true,"href":"https:\/\/www.archspm.org\/es\/wp-json\/wp\/v2\/comments?post=1226"}],"version-history":[{"count":0,"href":"https:\/\/www.archspm.org\/es\/wp-json\/wp\/v2\/pages\/1226\/revisions"}],"wp:featuredmedia":[{"embeddable":true,"href":"https:\/\/www.archspm.org\/es\/wp-json\/wp\/v2\/media\/6958"}],"wp:attachment":[{"href":"https:\/\/www.archspm.org\/es\/wp-json\/wp\/v2\/media?parent=1226"}],"curies":[{"name":"wp","href":"https:\/\/api.w.org\/{rel}","templated":true}]}}