{"id":1227,"date":"2019-12-26T22:41:25","date_gmt":"2019-12-27T03:41:25","guid":{"rendered":"https:\/\/www.archspm.org\/st-francis-of-assisi-canticle-of-the-sun\/"},"modified":"2019-12-26T22:41:25","modified_gmt":"2019-12-27T03:41:25","slug":"st-francis-of-assisi-canticle-of-the-sun","status":"publish","type":"page","link":"https:\/\/www.archspm.org\/es\/st-francis-of-assisi-canticle-of-the-sun\/","title":{"rendered":"San Francisco de As\u00eds: C\u00e1ntico del Sol"},"content":{"rendered":"<h1 class=\"entry-title\">San Francisco de As\u00eds: C\u00e1ntico del Sol<\/h1>\n<div class=\"entry-content\">\n<p>Alabado sea mi Se\u00f1or y Dios,<br \/>\ncon todas sus criaturas,<br \/>\ny, sobre todo, nuestro hermano el sol,<br \/>\nquien nos trae el d\u00eda y nos trae la luz;<br \/>\nes justo,<br \/>\ny resplandece con gran esplendor.<\/p>\n<p>\u00a1Oh Se\u00f1or, \u00e9l es para nosotros un signo de ti!<br \/>\nAlabado sea mi Se\u00f1or por nuestra hermana la luna,<br \/>\ny para estas estrellas,<br \/>\nbrilla clara y hermosa en el cielo.<\/p>\n<p>-<em>San Francisco de As\u00eds<\/em><\/p>\n<p>&nbsp;<\/p>\n<p><em>Utilizado de conformidad con el Aviso de Copyright, 2012.<\/em><\/p>\n<p>Visite el\u00a0<a href=\"http:\/\/www.catholicdoors.com\/\" target=\"_blank\" rel=\"noopener noreferrer\">Ministerio de Puertas Cat\u00f3licas<\/a>\u00a0para m\u00e1s informaci\u00f3n.<\/p>\n<p>Para m\u00e1s oraciones cat\u00f3licas y recursos adicionales, visite la p\u00e1gina\u00a0<a href=\"https:\/\/www.ewtn.com\/catholicism\/devotions\/prayers-69\" target=\"_blank\" rel=\"noopener noreferrer\">P\u00e1gina web de EWTN<\/a>.<\/p>\n<\/div>","protected":false},"excerpt":{"rendered":"<p>St. Francis of Assisi: Canticle of the Sun Praised be my Lord and God, with all His creatures, and especially our brother the sun, who brings us the day and brings us the light; fair is he, and he shines with great splendor. O Lord, he is a sign to us of you! Praised be [&hellip;]<\/p>\n","protected":false},"author":2,"featured_media":6958,"parent":0,"menu_order":0,"comment_status":"closed","ping_status":"closed","template":"","meta":{"footnotes":""},"class_list":["post-1227","page","type-page","status-publish","has-post-thumbnail","hentry"],"_links":{"self":[{"href":"https:\/\/www.archspm.org\/es\/wp-json\/wp\/v2\/pages\/1227","targetHints":{"allow":["GET"]}}],"collection":[{"href":"https:\/\/www.archspm.org\/es\/wp-json\/wp\/v2\/pages"}],"about":[{"href":"https:\/\/www.archspm.org\/es\/wp-json\/wp\/v2\/types\/page"}],"author":[{"embeddable":true,"href":"https:\/\/www.archspm.org\/es\/wp-json\/wp\/v2\/users\/2"}],"replies":[{"embeddable":true,"href":"https:\/\/www.archspm.org\/es\/wp-json\/wp\/v2\/comments?post=1227"}],"version-history":[{"count":0,"href":"https:\/\/www.archspm.org\/es\/wp-json\/wp\/v2\/pages\/1227\/revisions"}],"wp:featuredmedia":[{"embeddable":true,"href":"https:\/\/www.archspm.org\/es\/wp-json\/wp\/v2\/media\/6958"}],"wp:attachment":[{"href":"https:\/\/www.archspm.org\/es\/wp-json\/wp\/v2\/media?parent=1227"}],"curies":[{"name":"wp","href":"https:\/\/api.w.org\/{rel}","templated":true}]}}