{"id":1229,"date":"2019-12-26T22:44:32","date_gmt":"2019-12-27T03:44:32","guid":{"rendered":"https:\/\/www.archspm.org\/st-gregory-an-easter-prayer\/"},"modified":"2019-12-26T22:44:32","modified_gmt":"2019-12-27T03:44:32","slug":"st-gregory-an-easter-prayer","status":"publish","type":"page","link":"https:\/\/www.archspm.org\/es\/st-gregory-an-easter-prayer\/","title":{"rendered":"San Gregorio: Oraci\u00f3n pascual"},"content":{"rendered":"<h1 class=\"entry-title\">San Gregorio: Oraci\u00f3n pascual<\/h1>\n<div class=\"entry-content\">\n<p>Es lo m\u00e1s correcto,<br \/>\ncon todas las fuerzas de nuestro coraz\u00f3n y nuestra mente,<br \/>\npara alabarte, Padre, y a tu Hijo Unig\u00e9nito,<br \/>\nNuestro Se\u00f1or Jesucristo.<br \/>\nQuerido padre,<br \/>\npor tu maravillosa condescendencia<br \/>\nde tu amorosa bondad hacia nosotros, tus siervos,<br \/>\nEntregaste a Tu Hijo.<br \/>\nQuerido Jes\u00fas, pagaste por nosotros la deuda de Ad\u00e1n<br \/>\nal Padre Eterno<br \/>\npor tu sangre derramada en amor y misericordia.<br \/>\nDisipaste la oscuridad del pecado<br \/>\npor tu magn\u00edfica y radiante Resurrecci\u00f3n.<br \/>\nRompiste las cadenas de la muerte<br \/>\ny resucit\u00f3 de entre los muertos como un Conquistador.<br \/>\nReconciliaste el cielo y la tierra.<br \/>\nNuestra vida no ten\u00eda ninguna esperanza de alcanzar la felicidad eterna<br \/>\nantes de que T\u00fa nos redimieras.<br \/>\nTu resurrecci\u00f3n ha borrado nuestros pecados,<br \/>\nnos devolvi\u00f3 la inocencia y nos llen\u00f3 de alegr\u00eda.<br \/>\n\u00a1Cu\u00e1n inestimable es la ternura de Tu Amor!<\/p>\n<p>Te lo pedimos, Se\u00f1or,<br \/>\npara que tus siervos puedan disfrutar en paz<br \/>\nde esta alegr\u00eda pascual.<br \/>\nTe lo pedimos por Jesucristo, nuestro Se\u00f1or,<br \/>\nque vive y reina con Dios Padre,<br \/>\nen la unidad del Esp\u00edritu Santo,<br \/>\npor los siglos de los siglos.<\/p>\n<p>Am\u00e9n.<\/p>\n<p>-<em>San Gregorio (Papa)<\/em><\/p>\n<p>&nbsp;<\/p>\n<p><em>Utilizado de conformidad con el Aviso de Copyright, 2012.<\/em><\/p>\n<p>Visite el\u00a0<a href=\"http:\/\/www.catholicdoors.com\/\" target=\"_blank\" rel=\"noopener noreferrer\">Ministerio de Puertas Cat\u00f3licas<\/a>\u00a0para m\u00e1s informaci\u00f3n.<\/p>\n<p>Para m\u00e1s oraciones cat\u00f3licas y recursos adicionales, visite la p\u00e1gina\u00a0<a href=\"https:\/\/www.ewtn.com\/catholicism\/devotions\/prayers-69\" target=\"_blank\" rel=\"noopener noreferrer\">P\u00e1gina web de EWTN<\/a>.<\/p>\n<\/div>","protected":false},"excerpt":{"rendered":"<p>St. Gregory: An Easter Prayer It is only right, with all the powers of our heart and mind, to praise You Father and Your Only-Begotten Son, Our Lord Jesus Christ. Dear Father, by Your wondrous condescension of Loving-Kindness toward us, Your servants, You gave up Your Son. Dear Jesus You paid the debt of Adam [&hellip;]<\/p>\n","protected":false},"author":2,"featured_media":6958,"parent":0,"menu_order":0,"comment_status":"closed","ping_status":"closed","template":"","meta":{"footnotes":""},"class_list":["post-1229","page","type-page","status-publish","has-post-thumbnail","hentry"],"_links":{"self":[{"href":"https:\/\/www.archspm.org\/es\/wp-json\/wp\/v2\/pages\/1229","targetHints":{"allow":["GET"]}}],"collection":[{"href":"https:\/\/www.archspm.org\/es\/wp-json\/wp\/v2\/pages"}],"about":[{"href":"https:\/\/www.archspm.org\/es\/wp-json\/wp\/v2\/types\/page"}],"author":[{"embeddable":true,"href":"https:\/\/www.archspm.org\/es\/wp-json\/wp\/v2\/users\/2"}],"replies":[{"embeddable":true,"href":"https:\/\/www.archspm.org\/es\/wp-json\/wp\/v2\/comments?post=1229"}],"version-history":[{"count":0,"href":"https:\/\/www.archspm.org\/es\/wp-json\/wp\/v2\/pages\/1229\/revisions"}],"wp:featuredmedia":[{"embeddable":true,"href":"https:\/\/www.archspm.org\/es\/wp-json\/wp\/v2\/media\/6958"}],"wp:attachment":[{"href":"https:\/\/www.archspm.org\/es\/wp-json\/wp\/v2\/media?parent=1229"}],"curies":[{"name":"wp","href":"https:\/\/api.w.org\/{rel}","templated":true}]}}