{"id":1230,"date":"2019-12-26T22:45:45","date_gmt":"2019-12-27T03:45:45","guid":{"rendered":"https:\/\/www.archspm.org\/st-ignatius-suscipe\/"},"modified":"2019-12-26T22:45:45","modified_gmt":"2019-12-27T03:45:45","slug":"st-ignatius-suscipe","status":"publish","type":"page","link":"https:\/\/www.archspm.org\/es\/st-ignatius-suscipe\/","title":{"rendered":"San Ignacio: Suscipe"},"content":{"rendered":"<h1 class=\"entry-title\">San Ignacio: Suscipe<\/h1>\n<div class=\"entry-content\">\n<p>Toma, Se\u00f1or, y recibe toda mi libertad,<br \/>\nmi memoria, mi entendimiento y toda mi voluntad.<br \/>\nT\u00fa me has dado todo lo que soy y todo lo que poseo:<br \/>\nTe lo entrego todo<br \/>\npara que T\u00fa dispongas de ello seg\u00fan Tu voluntad.<br \/>\nDame solo Tu amor y Tu gracia;<br \/>\ncon esto ya ser\u00e9 lo suficientemente rico,<br \/>\ny ya no desear\u00e1n nada m\u00e1s.<\/p>\n<p>Am\u00e9n.<\/p>\n<p><em>\u2014San Ignacio<\/em><\/p>\n<p>&nbsp;<\/p>\n<p><em>Utilizado de conformidad con el Aviso de Copyright, 2012.<\/em><\/p>\n<p>Visite el\u00a0<a href=\"http:\/\/www.catholicdoors.com\/\" target=\"_blank\" rel=\"noopener noreferrer\">Ministerio de Puertas Cat\u00f3licas<\/a>\u00a0para m\u00e1s informaci\u00f3n.<\/p>\n<p>Para m\u00e1s oraciones cat\u00f3licas y recursos adicionales, visite la p\u00e1gina\u00a0<a href=\"https:\/\/www.ewtn.com\/catholicism\/devotions\/prayers-69\" target=\"_blank\" rel=\"noopener noreferrer\">P\u00e1gina web de EWTN<\/a>.<\/p>\n<\/div>","protected":false},"excerpt":{"rendered":"<p>St. Ignatius: Suscipe Take, O Lord, and receive all my liberty, my memory, my understanding, and my whole will. Thou hast given me all that I am and all that I possess: I surrender it all to Thee that Thou mayest dispose of it according to Thy will. Give me only Thy love and Thy [&hellip;]<\/p>\n","protected":false},"author":2,"featured_media":6958,"parent":0,"menu_order":0,"comment_status":"closed","ping_status":"closed","template":"","meta":{"footnotes":""},"class_list":["post-1230","page","type-page","status-publish","has-post-thumbnail","hentry"],"_links":{"self":[{"href":"https:\/\/www.archspm.org\/es\/wp-json\/wp\/v2\/pages\/1230","targetHints":{"allow":["GET"]}}],"collection":[{"href":"https:\/\/www.archspm.org\/es\/wp-json\/wp\/v2\/pages"}],"about":[{"href":"https:\/\/www.archspm.org\/es\/wp-json\/wp\/v2\/types\/page"}],"author":[{"embeddable":true,"href":"https:\/\/www.archspm.org\/es\/wp-json\/wp\/v2\/users\/2"}],"replies":[{"embeddable":true,"href":"https:\/\/www.archspm.org\/es\/wp-json\/wp\/v2\/comments?post=1230"}],"version-history":[{"count":0,"href":"https:\/\/www.archspm.org\/es\/wp-json\/wp\/v2\/pages\/1230\/revisions"}],"wp:featuredmedia":[{"embeddable":true,"href":"https:\/\/www.archspm.org\/es\/wp-json\/wp\/v2\/media\/6958"}],"wp:attachment":[{"href":"https:\/\/www.archspm.org\/es\/wp-json\/wp\/v2\/media?parent=1230"}],"curies":[{"name":"wp","href":"https:\/\/api.w.org\/{rel}","templated":true}]}}