{"id":1232,"date":"2019-12-26T22:48:24","date_gmt":"2019-12-27T03:48:24","guid":{"rendered":"https:\/\/www.archspm.org\/st-john-of-chrysostom-prayer-to-jesus-before-communion\/"},"modified":"2019-12-26T22:48:24","modified_gmt":"2019-12-27T03:48:24","slug":"st-john-of-chrysostom-prayer-to-jesus-before-communion","status":"publish","type":"page","link":"https:\/\/www.archspm.org\/es\/st-john-of-chrysostom-prayer-to-jesus-before-communion\/","title":{"rendered":"San Juan de Cris\u00f3stomo: Oraci\u00f3n a Jes\u00fas antes de la Comuni\u00f3n"},"content":{"rendered":"<h1 class=\"entry-title\">San Juan de Cris\u00f3stomo: Oraci\u00f3n a Jes\u00fas antes de la Comuni\u00f3n<\/h1>\n<div class=\"entry-content\">\n<p>Oh Se\u00f1or, Dios m\u00edo,<br \/>\nNo soy digno de que entres en mi alma,<br \/>\npero me alegro de que hayas venido a m\u00ed<br \/>\nporque en tu misericordia<br \/>\nDeseas morar en m\u00ed.<br \/>\nMe pides que abra la puerta de mi alma,<br \/>\nque solo T\u00fa has creado,<br \/>\npara que puedas entrar en ella<br \/>\ncon tu amorosa bondad<br \/>\ny disipa la oscuridad de mi mente.<br \/>\nCreo que lo har\u00e1s<br \/>\npues no rechazaste a Mar\u00eda Magdalena<br \/>\ncuando se acerc\u00f3 a ti llorando.<br \/>\nTampoco le negaste el perd\u00f3n al recaudador de impuestos<br \/>\nque se arrepinti\u00f3 de sus pecados<br \/>\no del buen ladr\u00f3n<br \/>\nquien pidi\u00f3 ser acogido en Tu reino.<br \/>\nDe hecho, los contaste como tus amigos<br \/>\ntodos los que acudieron a Ti con corazones arrepentidos.<br \/>\nOh Dios, solo T\u00fa eres bendito por siempre,<br \/>\nahora y para siempre.<\/p>\n<p>-<em>San Juan Cris\u00f3stomo<\/em><\/p>\n<p>&nbsp;<\/p>\n<p><em>Utilizado de conformidad con el Aviso de Copyright, 2012.<\/em><\/p>\n<p>Visite el\u00a0<a href=\"http:\/\/www.catholicdoors.com\/\" target=\"_blank\" rel=\"noopener noreferrer\">Ministerio de Puertas Cat\u00f3licas<\/a>\u00a0para m\u00e1s informaci\u00f3n.<\/p>\n<p>Para m\u00e1s oraciones cat\u00f3licas y recursos adicionales, visite la p\u00e1gina\u00a0<a href=\"https:\/\/www.ewtn.com\/catholicism\/devotions\/prayers-69\" target=\"_blank\" rel=\"noopener noreferrer\">P\u00e1gina web de EWTN<\/a>.<\/p>\n<\/div>","protected":false},"excerpt":{"rendered":"<p>St. John of Chrysostom: Prayer to Jesus before Communion O Lord, my God, I am not worthy that You should come into my soul, but I am glad that You have come to me because in Your loving kindness You desire to dwell in me. You ask me to open the door of my soul, [&hellip;]<\/p>\n","protected":false},"author":2,"featured_media":6958,"parent":0,"menu_order":0,"comment_status":"closed","ping_status":"closed","template":"","meta":{"footnotes":""},"class_list":["post-1232","page","type-page","status-publish","has-post-thumbnail","hentry"],"_links":{"self":[{"href":"https:\/\/www.archspm.org\/es\/wp-json\/wp\/v2\/pages\/1232","targetHints":{"allow":["GET"]}}],"collection":[{"href":"https:\/\/www.archspm.org\/es\/wp-json\/wp\/v2\/pages"}],"about":[{"href":"https:\/\/www.archspm.org\/es\/wp-json\/wp\/v2\/types\/page"}],"author":[{"embeddable":true,"href":"https:\/\/www.archspm.org\/es\/wp-json\/wp\/v2\/users\/2"}],"replies":[{"embeddable":true,"href":"https:\/\/www.archspm.org\/es\/wp-json\/wp\/v2\/comments?post=1232"}],"version-history":[{"count":0,"href":"https:\/\/www.archspm.org\/es\/wp-json\/wp\/v2\/pages\/1232\/revisions"}],"wp:featuredmedia":[{"embeddable":true,"href":"https:\/\/www.archspm.org\/es\/wp-json\/wp\/v2\/media\/6958"}],"wp:attachment":[{"href":"https:\/\/www.archspm.org\/es\/wp-json\/wp\/v2\/media?parent=1232"}],"curies":[{"name":"wp","href":"https:\/\/api.w.org\/{rel}","templated":true}]}}