{"id":1233,"date":"2019-12-26T22:50:00","date_gmt":"2019-12-27T03:50:00","guid":{"rendered":"https:\/\/www.archspm.org\/st-patrick-lorica\/"},"modified":"2019-12-26T22:50:00","modified_gmt":"2019-12-27T03:50:00","slug":"st-patrick-lorica","status":"publish","type":"page","link":"https:\/\/www.archspm.org\/es\/st-patrick-lorica\/","title":{"rendered":"San Patricio: Lorica"},"content":{"rendered":"<h1 class=\"entry-title\">San Patricio: Lorica<\/h1>\n<div class=\"entry-content\">\n<p>(<em>Oraci\u00f3n de la coraza: \u201cLorica\u201d<\/em>)<\/p>\n<p>Hoy me levanto<br \/>\nA trav\u00e9s de una fuerza poderosa, la invocaci\u00f3n de la Trinidad,<br \/>\nA trav\u00e9s de la creencia en la Trinidad,<br \/>\nA trav\u00e9s de la confesi\u00f3n de la Unidad<br \/>\nDel Creador de la creaci\u00f3n.<\/p>\n<p>Hoy me levanto<br \/>\nA trav\u00e9s del poder del nacimiento de Cristo y su bautismo,<br \/>\nA trav\u00e9s del poder de Su crucifixi\u00f3n y Su sepultura,<br \/>\nA trav\u00e9s del poder de Su resurrecci\u00f3n y Su ascensi\u00f3n,<br \/>\nA trav\u00e9s del poder de Su descenso para el juicio final.<\/p>\n<p>Hoy me levanto<br \/>\nA trav\u00e9s de la fuerza del amor de los querubines,<br \/>\nEn obediencia a los \u00e1ngeles,<br \/>\nAl servicio de los arc\u00e1ngeles,<br \/>\nCon la esperanza de resucitar para recibir la recompensa,<br \/>\nEn las oraciones de los patriarcas,<br \/>\nEn las predicaciones de los ap\u00f3stoles,<br \/>\nEn las creencias de los confesores,<br \/>\nEn la inocencia de las v\u00edrgenes,<br \/>\nEn las acciones de los hombres justos.<\/p>\n<p>Hoy me levanto<br \/>\nA trav\u00e9s del poder del cielo;<br \/>\nLuz del sol,<br \/>\nEsplendor del fuego,<br \/>\nVelocidad del rayo,<br \/>\nRapidez del viento,<br \/>\nProfundidad del mar,<br \/>\nEstabilidad de la Tierra,<br \/>\nFirmeza de la roca.<\/p>\n<p>Hoy me levanto<br \/>\nA trav\u00e9s de la fuerza de Dios para guiarme;<br \/>\nEl poder de Dios para sostenerme,<br \/>\nLa sabidur\u00eda de Dios para guiarme,<br \/>\nEl ojo de Dios para ver ante m\u00ed,<br \/>\nQue Dios me escuche,<br \/>\nLa palabra de Dios para hablar por m\u00ed,<br \/>\nLa mano de Dios para protegerme,<br \/>\nEl camino de Dios ante m\u00ed,<br \/>\nEl escudo de Dios para protegerme,<br \/>\nLas huestes de Dios para salvarme<br \/>\nDe las trampas del diablo,<br \/>\nDe las tentaciones de los vicios,<br \/>\nDe todos los que me desean mal,<br \/>\nLejos y cerca,<br \/>\nSolo o en multitud.<\/p>\n<p>Hoy invoco todos estos poderes entre m\u00ed y el mal,<br \/>\nContra todo poder cruel y despiadado que se opone a mi cuerpo y mi alma,<br \/>\nContra los encantamientos de los falsos profetas,<br \/>\nContra las leyes oscuras del paganismo,<br \/>\nContra las falsas leyes de los herejes,<br \/>\nContra el arte de la idolatr\u00eda,<br \/>\nContra los hechizos de las mujeres, los herreros y los magos,<br \/>\nContra todo conocimiento que corrompe el cuerpo y el alma del hombre.<br \/>\nCristo, prot\u00e9geme hoy.<br \/>\nContra el veneno, contra el fuego,<br \/>\nContra el ahogamiento, contra las heridas,<br \/>\nPara que esa recompensa me llegue en abundancia.<\/p>\n<p>Cristo conmigo, Cristo delante de m\u00ed, Cristo detr\u00e1s de m\u00ed,<br \/>\nCristo en m\u00ed, Cristo debajo de m\u00ed, Cristo sobre m\u00ed,<br \/>\nCristo a mi derecha, Cristo a mi izquierda,<br \/>\nCristo cuando me acuesto, Cristo cuando me siento,<br \/>\nCristo en el coraz\u00f3n de cada persona que piensa en m\u00ed,<br \/>\nCristo en la boca de todo hombre que habla de m\u00ed,<br \/>\nCristo en el ojo que me ve,<br \/>\nCristo en el o\u00eddo que me escucha.<\/p>\n<p>Hoy me levanto<br \/>\nA trav\u00e9s de una fuerza poderosa, la invocaci\u00f3n de la Trinidad,<br \/>\nA trav\u00e9s de la creencia en la Trinidad,<br \/>\nA trav\u00e9s de una confesi\u00f3n de la Unidad<br \/>\nDel Creador de la creaci\u00f3n<\/p>\n<p>-<em>San Patricio (ca. 377)\u00a0<\/em><\/p>\n<p>&nbsp;<\/p>\n<p><em>Utilizado de conformidad con el Aviso de Copyright, 2012.<\/em><\/p>\n<p>Visite el\u00a0<a href=\"http:\/\/www.catholicdoors.com\/\" target=\"_blank\" rel=\"noopener noreferrer\">Ministerio de Puertas Cat\u00f3licas<\/a>\u00a0para m\u00e1s informaci\u00f3n.<\/p>\n<p>Para m\u00e1s oraciones cat\u00f3licas y recursos adicionales, visite la p\u00e1gina\u00a0<a href=\"https:\/\/www.ewtn.com\/catholicism\/devotions\/prayers-69\" target=\"_blank\" rel=\"noopener noreferrer\">P\u00e1gina web de EWTN<\/a>.<\/p>\n<\/div>","protected":false},"excerpt":{"rendered":"<p>St. Patrick: Lorica (Breast Plate Prayer: \u201cLorica\u201d) I arise today Through a mighty strength, the invocation of the Trinity, Through a belief in the Threeness, Through confession of the Oneness Of the Creator of creation. I arise today Through the strength of Christ\u2019s birth and His baptism, Through the strength of His crucifixion and His [&hellip;]<\/p>\n","protected":false},"author":2,"featured_media":6958,"parent":0,"menu_order":0,"comment_status":"closed","ping_status":"closed","template":"","meta":{"footnotes":""},"class_list":["post-1233","page","type-page","status-publish","has-post-thumbnail","hentry"],"_links":{"self":[{"href":"https:\/\/www.archspm.org\/es\/wp-json\/wp\/v2\/pages\/1233","targetHints":{"allow":["GET"]}}],"collection":[{"href":"https:\/\/www.archspm.org\/es\/wp-json\/wp\/v2\/pages"}],"about":[{"href":"https:\/\/www.archspm.org\/es\/wp-json\/wp\/v2\/types\/page"}],"author":[{"embeddable":true,"href":"https:\/\/www.archspm.org\/es\/wp-json\/wp\/v2\/users\/2"}],"replies":[{"embeddable":true,"href":"https:\/\/www.archspm.org\/es\/wp-json\/wp\/v2\/comments?post=1233"}],"version-history":[{"count":0,"href":"https:\/\/www.archspm.org\/es\/wp-json\/wp\/v2\/pages\/1233\/revisions"}],"wp:featuredmedia":[{"embeddable":true,"href":"https:\/\/www.archspm.org\/es\/wp-json\/wp\/v2\/media\/6958"}],"wp:attachment":[{"href":"https:\/\/www.archspm.org\/es\/wp-json\/wp\/v2\/media?parent=1233"}],"curies":[{"name":"wp","href":"https:\/\/api.w.org\/{rel}","templated":true}]}}